{"id":355,"date":"2022-01-14T15:52:01","date_gmt":"2022-01-14T13:52:01","guid":{"rendered":"https:\/\/www.ohmega-bikes.be\/info\/"},"modified":"2022-02-02T12:14:36","modified_gmt":"2022-02-02T10:14:36","slug":"info","status":"publish","type":"page","link":"https:\/\/www.ohmega-bikes.be\/fr\/info\/","title":{"rendered":"Information"},"content":{"rendered":"<p lang=\"en-US\">Ohmega-bikes est sp\u00e9cialis\u00e9 en v\u00e9los et motos \u00e9lectriques, ceci est un choix tr\u00e8s voluntaire, parce que c&rsquo;est notre d\u00e9sir d&rsquo;\u00eatre un vraie partenaire pour votre mobilit\u00e9.<\/p>\n<p lang=\"en-US\">Cette restriction nous permets de vous offrir une gamme de haute qualit\u00e9, de vous donner des conseils proffessionnels, et un bon service apr\u00e8s-vente.<\/p>\n<p lang=\"en-US\">Nous avons en offre des v\u00e9los en diverse cat\u00e9gories de prix sans perdre de vu un bon rapport prix-qualit\u00e9.<\/p>\n<div class='content-column one_half'><ul>\n<li lang=\"en-US\">Distribution de marques de haute qualit\u00e9<\/li>\n<li lang=\"en-US\">Importateur des v\u00e9los NEOX et des moto&rsquo;s VOLTA<\/li>\n<li lang=\"en-US\">Un grand nombre de v\u00e9los livrables de stock<\/li>\n<li lang=\"en-US\">V\u00e9los disponible pour des essais<\/li>\n<li lang=\"en-US\">Conseils professionnel<\/li>\n<li lang=\"en-US\">Location de v\u00e9los<\/li>\n<\/ul><\/div>\n<div class='content-column one_half last_column'><ol>\n<li lang=\"en-US\" value=\"1\">R\u00e9paration par des techniciens reconnus dans nos ateliers<\/li>\n<li lang=\"en-US\">Premier entretien gratuit<\/li>\n<li lang=\"en-US\">Sp\u00e9icaliste en moteurs Bosch, Yamaha et Panasonic<\/li>\n<li lang=\"en-US\">Appareils de contr\u00f4le adapt\u00e9<\/li>\n<li lang=\"en-US\">Formation continu sur les technologies nouvelles<\/li>\n<\/ol><\/div><div class='clear_column'><\/div>\n<p lang=\"en-US\">En bref nous voulons \u00eatre votre partenaire pour vos d\u00e9placements \u00e9lectriques. En v\u00e9lo ou moto, pour les navetteurs, les sportifs et vos loisirs.<\/p>\n<h2><\/h2>\n<h2 lang=\"en-US\">IMPORTATEUR DES V\u00c9LOS \u00c0 HAUTE TECHNOLOGIE NEOX<\/h2>\n<p lang=\"en-US\">La marque de v\u00e9los italienne Neox, offre des v\u00e9lo \u00e9lectrique \u00e0 haute technologie avec un super design Italien. Venez nous rendre une visite pour tester ce v\u00e9lo innovatif ou lisez plus sur cette marque\u00a0<a href=\"https:\/\/www.ohmega-bikes.be\/fr\/info\/tout-sur-le-systeme-neox\">ici<\/a>.<\/p>\n<p><div class='content-column one_half'><img loading=\"lazy\" decoding=\"async\" class=\"alignnone wp-image-397 size-medium\" src=\"https:\/\/www.ohmega-bikes.be\/wp-content\/uploads\/2022\/01\/DSCN0940_neox_sporter-300x177.jpg\" alt=\"\" width=\"300\" height=\"177\" srcset=\"https:\/\/www.ohmega-bikes.be\/wp-content\/uploads\/2022\/01\/DSCN0940_neox_sporter-300x177.jpg 300w, https:\/\/www.ohmega-bikes.be\/wp-content\/uploads\/2022\/01\/DSCN0940_neox_sporter-600x353.jpg 600w, https:\/\/www.ohmega-bikes.be\/wp-content\/uploads\/2022\/01\/DSCN0940_neox_sporter-768x452.jpg 768w, https:\/\/www.ohmega-bikes.be\/wp-content\/uploads\/2022\/01\/DSCN0940_neox_sporter.jpg 800w\" sizes=\"auto, (max-width: 300px) 100vw, 300px\" \/><\/div><div class='content-column one_half last_column'><img loading=\"lazy\" decoding=\"async\" class=\"alignnone wp-image-356 size-medium\" src=\"https:\/\/www.ohmega-bikes.be\/wp-content\/uploads\/2022\/01\/DSCN0940_neox_2-300x191.jpg\" alt=\"\" width=\"300\" height=\"191\" srcset=\"https:\/\/www.ohmega-bikes.be\/wp-content\/uploads\/2022\/01\/DSCN0940_neox_2-300x191.jpg 300w, https:\/\/www.ohmega-bikes.be\/wp-content\/uploads\/2022\/01\/DSCN0940_neox_2-600x381.jpg 600w, https:\/\/www.ohmega-bikes.be\/wp-content\/uploads\/2022\/01\/DSCN0940_neox_2-768x488.jpg 768w, https:\/\/www.ohmega-bikes.be\/wp-content\/uploads\/2022\/01\/DSCN0940_neox_2.jpg 800w\" sizes=\"auto, (max-width: 300px) 100vw, 300px\" \/><\/div><div class='clear_column'><\/div><\/p>\n<h2>IMPORTATEUR DE MOTOS \u00c9LECTRIQUE VOLTA<\/h2>\n<p lang=\"en-US\">La marque espagnole VOLTA construit\u00a0 des motos avec une technologie sup\u00e9rieure pour un prix abordable. Lisez plus sur les motos \u00e9lectriques VOLTA ou contactez nous si vous voulez faire un parcours d&rsquo;essai. (attention le permis est obligatoire).\u00a0 La moto est disponible dans notre magasin.<\/p>\n<p><img loading=\"lazy\" decoding=\"async\" class=\"alignnone wp-image-399 size-full\" src=\"https:\/\/www.ohmega-bikes.be\/wp-content\/uploads\/2022\/01\/Landing_City_04.jpg\" alt=\"\" width=\"800\" height=\"400\" srcset=\"https:\/\/www.ohmega-bikes.be\/wp-content\/uploads\/2022\/01\/Landing_City_04.jpg 800w, https:\/\/www.ohmega-bikes.be\/wp-content\/uploads\/2022\/01\/Landing_City_04-600x300.jpg 600w, https:\/\/www.ohmega-bikes.be\/wp-content\/uploads\/2022\/01\/Landing_City_04-300x150.jpg 300w, https:\/\/www.ohmega-bikes.be\/wp-content\/uploads\/2022\/01\/Landing_City_04-768x384.jpg 768w\" sizes=\"auto, (max-width: 800px) 100vw, 800px\" \/><\/p>\n<p><img loading=\"lazy\" decoding=\"async\" class=\"alignnone wp-image-401 size-full\" src=\"https:\/\/www.ohmega-bikes.be\/wp-content\/uploads\/2022\/01\/VOLTA_BCN_Sport_Front_01b.jpg\" alt=\"\" width=\"800\" height=\"400\" srcset=\"https:\/\/www.ohmega-bikes.be\/wp-content\/uploads\/2022\/01\/VOLTA_BCN_Sport_Front_01b.jpg 800w, https:\/\/www.ohmega-bikes.be\/wp-content\/uploads\/2022\/01\/VOLTA_BCN_Sport_Front_01b-600x300.jpg 600w, https:\/\/www.ohmega-bikes.be\/wp-content\/uploads\/2022\/01\/VOLTA_BCN_Sport_Front_01b-300x150.jpg 300w, https:\/\/www.ohmega-bikes.be\/wp-content\/uploads\/2022\/01\/VOLTA_BCN_Sport_Front_01b-768x384.jpg 768w\" sizes=\"auto, (max-width: 800px) 100vw, 800px\" \/><\/p>\n","protected":false},"excerpt":{"rendered":"<p>Ohmega-bikes est sp\u00e9cialis\u00e9 en v\u00e9los et motos \u00e9lectriques, ceci est un choix&#8230;<\/p>\n","protected":false},"author":1,"featured_media":357,"parent":0,"menu_order":0,"comment_status":"closed","ping_status":"closed","template":"","meta":{"_acf_changed":false,"inline_featured_image":false,"footnotes":""},"class_list":["post-355","page","type-page","status-publish","has-post-thumbnail","hentry"],"acf":[],"yoast_head":"<!-- This site is optimized with the Yoast SEO plugin v27.0 - https:\/\/yoast.com\/product\/yoast-seo-wordpress\/ -->\n<title>Information - Ohmega Bikes<\/title>\n<meta name=\"description\" content=\"Savoir tout sur nous, au nous sommes et comment nous pouvons vous aider lors d&#039;un achat de v\u00e9lo \u00e9lectrique ou moto \u00e9lectrique.\" \/>\n<meta name=\"robots\" content=\"index, follow, max-snippet:-1, max-image-preview:large, max-video-preview:-1\" \/>\n<link rel=\"canonical\" href=\"https:\/\/www.ohmega-bikes.be\/fr\/info\/\" \/>\n<meta property=\"og:locale\" content=\"fr_FR\" \/>\n<meta property=\"og:type\" content=\"article\" \/>\n<meta property=\"og:title\" content=\"Information - Ohmega Bikes\" \/>\n<meta property=\"og:description\" content=\"Savoir tout sur nous, au nous sommes et comment nous pouvons vous aider lors d&#039;un achat de v\u00e9lo \u00e9lectrique ou moto \u00e9lectrique.\" \/>\n<meta property=\"og:url\" content=\"https:\/\/www.ohmega-bikes.be\/fr\/info\/\" \/>\n<meta property=\"og:site_name\" content=\"Ohmega Bikes\" \/>\n<meta property=\"article:publisher\" content=\"https:\/\/www.facebook.com\/ohmegabikes\/\" \/>\n<meta property=\"article:modified_time\" content=\"2022-02-02T10:14:36+00:00\" \/>\n<meta property=\"og:image\" content=\"https:\/\/www.ohmega-bikes.be\/wp-content\/uploads\/2022\/01\/4965657af186b9092c7a96976ffe881c_L.jpg\" \/>\n\t<meta property=\"og:image:width\" content=\"770\" \/>\n\t<meta property=\"og:image:height\" content=\"419\" \/>\n\t<meta property=\"og:image:type\" content=\"image\/jpeg\" \/>\n<meta name=\"twitter:card\" content=\"summary_large_image\" \/>\n<meta name=\"twitter:label1\" content=\"Dur\u00e9e de lecture estim\u00e9e\" \/>\n\t<meta name=\"twitter:data1\" content=\"2 minutes\" \/>\n<script type=\"application\/ld+json\" class=\"yoast-schema-graph\">{\"@context\":\"https:\/\/schema.org\",\"@graph\":[{\"@type\":\"WebPage\",\"@id\":\"https:\/\/www.ohmega-bikes.be\/fr\/info\/\",\"url\":\"https:\/\/www.ohmega-bikes.be\/fr\/info\/\",\"name\":\"Information - Ohmega Bikes\",\"isPartOf\":{\"@id\":\"https:\/\/www.ohmega-bikes.be\/fr\/#website\"},\"primaryImageOfPage\":{\"@id\":\"https:\/\/www.ohmega-bikes.be\/fr\/info\/#primaryimage\"},\"image\":{\"@id\":\"https:\/\/www.ohmega-bikes.be\/fr\/info\/#primaryimage\"},\"thumbnailUrl\":\"https:\/\/www.ohmega-bikes.be\/wp-content\/uploads\/2022\/01\/4965657af186b9092c7a96976ffe881c_L.jpg\",\"datePublished\":\"2022-01-14T13:52:01+00:00\",\"dateModified\":\"2022-02-02T10:14:36+00:00\",\"description\":\"Savoir tout sur nous, au nous sommes et comment nous pouvons vous aider lors d'un achat de v\u00e9lo \u00e9lectrique ou moto \u00e9lectrique.\",\"breadcrumb\":{\"@id\":\"https:\/\/www.ohmega-bikes.be\/fr\/info\/#breadcrumb\"},\"inLanguage\":\"fr-FR\",\"potentialAction\":[{\"@type\":\"ReadAction\",\"target\":[\"https:\/\/www.ohmega-bikes.be\/fr\/info\/\"]}]},{\"@type\":\"ImageObject\",\"inLanguage\":\"fr-FR\",\"@id\":\"https:\/\/www.ohmega-bikes.be\/fr\/info\/#primaryimage\",\"url\":\"https:\/\/www.ohmega-bikes.be\/wp-content\/uploads\/2022\/01\/4965657af186b9092c7a96976ffe881c_L.jpg\",\"contentUrl\":\"https:\/\/www.ohmega-bikes.be\/wp-content\/uploads\/2022\/01\/4965657af186b9092c7a96976ffe881c_L.jpg\",\"width\":770,\"height\":419},{\"@type\":\"BreadcrumbList\",\"@id\":\"https:\/\/www.ohmega-bikes.be\/fr\/info\/#breadcrumb\",\"itemListElement\":[{\"@type\":\"ListItem\",\"position\":1,\"name\":\"Start\",\"item\":\"https:\/\/www.ohmega-bikes.be\/fr\/\"},{\"@type\":\"ListItem\",\"position\":2,\"name\":\"Information\"}]},{\"@type\":\"WebSite\",\"@id\":\"https:\/\/www.ohmega-bikes.be\/fr\/#website\",\"url\":\"https:\/\/www.ohmega-bikes.be\/fr\/\",\"name\":\"Ohmega Bikes\",\"description\":\"Just another WordPress site\",\"publisher\":{\"@id\":\"https:\/\/www.ohmega-bikes.be\/fr\/#organization\"},\"potentialAction\":[{\"@type\":\"SearchAction\",\"target\":{\"@type\":\"EntryPoint\",\"urlTemplate\":\"https:\/\/www.ohmega-bikes.be\/fr\/?s={search_term_string}\"},\"query-input\":{\"@type\":\"PropertyValueSpecification\",\"valueRequired\":true,\"valueName\":\"search_term_string\"}}],\"inLanguage\":\"fr-FR\"},{\"@type\":\"Organization\",\"@id\":\"https:\/\/www.ohmega-bikes.be\/fr\/#organization\",\"name\":\"Ohmega Bikes\",\"url\":\"https:\/\/www.ohmega-bikes.be\/fr\/\",\"logo\":{\"@type\":\"ImageObject\",\"inLanguage\":\"fr-FR\",\"@id\":\"https:\/\/www.ohmega-bikes.be\/fr\/#\/schema\/logo\/image\/\",\"url\":\"https:\/\/www.ohmega-bikes.be\/wp-content\/uploads\/2022\/01\/logo.png\",\"contentUrl\":\"https:\/\/www.ohmega-bikes.be\/wp-content\/uploads\/2022\/01\/logo.png\",\"width\":522,\"height\":108,\"caption\":\"Ohmega Bikes\"},\"image\":{\"@id\":\"https:\/\/www.ohmega-bikes.be\/fr\/#\/schema\/logo\/image\/\"},\"sameAs\":[\"https:\/\/www.facebook.com\/ohmegabikes\/\"]}]}<\/script>\n<!-- \/ Yoast SEO plugin. -->","yoast_head_json":{"title":"Information - Ohmega Bikes","description":"Savoir tout sur nous, au nous sommes et comment nous pouvons vous aider lors d'un achat de v\u00e9lo \u00e9lectrique ou moto \u00e9lectrique.","robots":{"index":"index","follow":"follow","max-snippet":"max-snippet:-1","max-image-preview":"max-image-preview:large","max-video-preview":"max-video-preview:-1"},"canonical":"https:\/\/www.ohmega-bikes.be\/fr\/info\/","og_locale":"fr_FR","og_type":"article","og_title":"Information - Ohmega Bikes","og_description":"Savoir tout sur nous, au nous sommes et comment nous pouvons vous aider lors d'un achat de v\u00e9lo \u00e9lectrique ou moto \u00e9lectrique.","og_url":"https:\/\/www.ohmega-bikes.be\/fr\/info\/","og_site_name":"Ohmega Bikes","article_publisher":"https:\/\/www.facebook.com\/ohmegabikes\/","article_modified_time":"2022-02-02T10:14:36+00:00","og_image":[{"width":770,"height":419,"url":"https:\/\/www.ohmega-bikes.be\/wp-content\/uploads\/2022\/01\/4965657af186b9092c7a96976ffe881c_L.jpg","type":"image\/jpeg"}],"twitter_card":"summary_large_image","twitter_misc":{"Dur\u00e9e de lecture estim\u00e9e":"2 minutes"},"schema":{"@context":"https:\/\/schema.org","@graph":[{"@type":"WebPage","@id":"https:\/\/www.ohmega-bikes.be\/fr\/info\/","url":"https:\/\/www.ohmega-bikes.be\/fr\/info\/","name":"Information - Ohmega Bikes","isPartOf":{"@id":"https:\/\/www.ohmega-bikes.be\/fr\/#website"},"primaryImageOfPage":{"@id":"https:\/\/www.ohmega-bikes.be\/fr\/info\/#primaryimage"},"image":{"@id":"https:\/\/www.ohmega-bikes.be\/fr\/info\/#primaryimage"},"thumbnailUrl":"https:\/\/www.ohmega-bikes.be\/wp-content\/uploads\/2022\/01\/4965657af186b9092c7a96976ffe881c_L.jpg","datePublished":"2022-01-14T13:52:01+00:00","dateModified":"2022-02-02T10:14:36+00:00","description":"Savoir tout sur nous, au nous sommes et comment nous pouvons vous aider lors d'un achat de v\u00e9lo \u00e9lectrique ou moto \u00e9lectrique.","breadcrumb":{"@id":"https:\/\/www.ohmega-bikes.be\/fr\/info\/#breadcrumb"},"inLanguage":"fr-FR","potentialAction":[{"@type":"ReadAction","target":["https:\/\/www.ohmega-bikes.be\/fr\/info\/"]}]},{"@type":"ImageObject","inLanguage":"fr-FR","@id":"https:\/\/www.ohmega-bikes.be\/fr\/info\/#primaryimage","url":"https:\/\/www.ohmega-bikes.be\/wp-content\/uploads\/2022\/01\/4965657af186b9092c7a96976ffe881c_L.jpg","contentUrl":"https:\/\/www.ohmega-bikes.be\/wp-content\/uploads\/2022\/01\/4965657af186b9092c7a96976ffe881c_L.jpg","width":770,"height":419},{"@type":"BreadcrumbList","@id":"https:\/\/www.ohmega-bikes.be\/fr\/info\/#breadcrumb","itemListElement":[{"@type":"ListItem","position":1,"name":"Start","item":"https:\/\/www.ohmega-bikes.be\/fr\/"},{"@type":"ListItem","position":2,"name":"Information"}]},{"@type":"WebSite","@id":"https:\/\/www.ohmega-bikes.be\/fr\/#website","url":"https:\/\/www.ohmega-bikes.be\/fr\/","name":"Ohmega Bikes","description":"Just another WordPress site","publisher":{"@id":"https:\/\/www.ohmega-bikes.be\/fr\/#organization"},"potentialAction":[{"@type":"SearchAction","target":{"@type":"EntryPoint","urlTemplate":"https:\/\/www.ohmega-bikes.be\/fr\/?s={search_term_string}"},"query-input":{"@type":"PropertyValueSpecification","valueRequired":true,"valueName":"search_term_string"}}],"inLanguage":"fr-FR"},{"@type":"Organization","@id":"https:\/\/www.ohmega-bikes.be\/fr\/#organization","name":"Ohmega Bikes","url":"https:\/\/www.ohmega-bikes.be\/fr\/","logo":{"@type":"ImageObject","inLanguage":"fr-FR","@id":"https:\/\/www.ohmega-bikes.be\/fr\/#\/schema\/logo\/image\/","url":"https:\/\/www.ohmega-bikes.be\/wp-content\/uploads\/2022\/01\/logo.png","contentUrl":"https:\/\/www.ohmega-bikes.be\/wp-content\/uploads\/2022\/01\/logo.png","width":522,"height":108,"caption":"Ohmega Bikes"},"image":{"@id":"https:\/\/www.ohmega-bikes.be\/fr\/#\/schema\/logo\/image\/"},"sameAs":["https:\/\/www.facebook.com\/ohmegabikes\/"]}]}},"_links":{"self":[{"href":"https:\/\/www.ohmega-bikes.be\/fr\/wp-json\/wp\/v2\/pages\/355","targetHints":{"allow":["GET"]}}],"collection":[{"href":"https:\/\/www.ohmega-bikes.be\/fr\/wp-json\/wp\/v2\/pages"}],"about":[{"href":"https:\/\/www.ohmega-bikes.be\/fr\/wp-json\/wp\/v2\/types\/page"}],"author":[{"embeddable":true,"href":"https:\/\/www.ohmega-bikes.be\/fr\/wp-json\/wp\/v2\/users\/1"}],"replies":[{"embeddable":true,"href":"https:\/\/www.ohmega-bikes.be\/fr\/wp-json\/wp\/v2\/comments?post=355"}],"version-history":[{"count":3,"href":"https:\/\/www.ohmega-bikes.be\/fr\/wp-json\/wp\/v2\/pages\/355\/revisions"}],"predecessor-version":[{"id":358,"href":"https:\/\/www.ohmega-bikes.be\/fr\/wp-json\/wp\/v2\/pages\/355\/revisions\/358"}],"wp:featuredmedia":[{"embeddable":true,"href":"https:\/\/www.ohmega-bikes.be\/fr\/wp-json\/wp\/v2\/media\/357"}],"wp:attachment":[{"href":"https:\/\/www.ohmega-bikes.be\/fr\/wp-json\/wp\/v2\/media?parent=355"}],"curies":[{"name":"wp","href":"https:\/\/api.w.org\/{rel}","templated":true}]}}