{"id":364,"date":"2022-01-14T15:54:03","date_gmt":"2022-01-14T13:54:03","guid":{"rendered":"https:\/\/www.ohmega-bikes.be\/info\/alles-over-de-batterij\/"},"modified":"2022-02-02T12:18:45","modified_gmt":"2022-02-02T10:18:45","slug":"tout-sur-les-batteries","status":"publish","type":"page","link":"https:\/\/www.ohmega-bikes.be\/fr\/info\/tout-sur-les-batteries\/","title":{"rendered":"Tout sur les batteries"},"content":{"rendered":"<p lang=\"en-US\">L&rsquo;autonomie d&rsquo;un v\u00e9lo \u00e9lectrique se traduit dans le nombre de kolim\u00e8tres que vous pouvez rouler avec une batterie compl\u00e8tement charg\u00e9e. \u00a0Les fabricants de v\u00e9lo vous donnent en g\u00e9n\u00e9ral l&rsquo;autonomie que peut \u00eatre atteint sous de circomstances optimales. Ci-dessous vous trouverez des \u00e9l\u00e9ments qui peuvent influencer cette autonomie.<\/p>\n<ul>\n<li lang=\"en-US\">L&rsquo;\u00c9nergie qu&rsquo;une batterie peut produire en Wh (Watt\/Heure). Le nombre de Wh d&rsquo;une batterie est d\u00e9finie par sa capacit\u00e9 en Ah (Amp\u00e8re\/Heure) et la tension en Volt.<\/li>\n<li lang=\"en-US\">L&rsquo;assistance demand\u00e9e. Quand on demande beaucoup d&rsquo;assistance (le plus haut niveau sur le display) la batterie s&rsquo;\u00e9puisera plus vite. Par contre avec tr\u00e8s peu d&rsquo;assistance il sera possible d&rsquo;effectuer plus de kilom\u00e8tres.<\/li>\n<li lang=\"en-US\">Le type du moteur, un moteur install\u00e9 sur le p\u00e9dalier est en principe plus efficient et moins concommateur que les moteur install\u00e9s dans les roues.<\/li>\n<li lang=\"en-US\">La pression des pneus \u00e0 un impact \u00e9norme. Une pression correcte minimalise la tension du roulement et donne moins de friction. Astuce : Roulez toujours avec la pression maximale authoris\u00e9e pour une meilleure dur\u00e9 de batterie.<\/li>\n<\/ul>\n<p lang=\"en-US\">Mais il reste encore des influences variables :<\/p>\n<ol>\n<li lang=\"en-US\" value=\"1\">Le poids du cycliste et du baggage. Au plus que le poids est \u00e9lev\u00e9 au plus que l&rsquo;autonomie se r\u00e9duit.<\/li>\n<li lang=\"en-US\">La temp\u00e9rature : les prestations de la batterie vont se r\u00e9duire par des basses temp\u00e9ratures (la r\u00e9sitance \u00e9lectrique s&rsquo;\u00e9l\u00e8ve). Il faut alors toujours prendre en compte une autonomie r\u00e9duite en hiver.<\/li>\n<li lang=\"en-US\">Le d\u00e9marrage et le freinage est tout comme pour une voiture moins rentable que faire des long trajets \u00e0 vitesse constante.<\/li>\n<li lang=\"en-US\">Une bonne utilisation des vitesses rend votre v\u00e9lo \u00e9lectrique plus efficient. D\u00e9marrer et monter des collines se fait au mieux dans une petite vitesse, et changer\u00a0 vers une vitesse plus grande suivant votre vitesse et le parcours.<\/li>\n<li lang=\"en-US\">Essayer de maintenir un cadence p\u00e9dalier de 50 r\u00e9volutions par minute pour optimiser le rendement. P\u00e9daler lentement demande plus d&rsquo;assistance et d&rsquo;\u00e9nergie.<\/li>\n<\/ol>\n<p lang=\"en-US\">En g\u00e9n\u00e9ral les display \u00e9lectronique vous indique combien de kilom\u00e8tres vous pouvez encore rouler dans le niveau d&rsquo;assistance choisi.<\/p>\n<h2 lang=\"en-US\">QUEL EST LA DUR\u00c9E DE VIE D&rsquo;UNE BATTERIE<\/h2>\n<p>&nbsp;<\/p>\n<p lang=\"en-US\">La nouvelle g\u00e9n\u00e9ration des batteries et les plus utilis\u00e9s sur le march\u00e9 des v\u00e9los \u00e9lectriques sont des batteries Lithium-Ion. En g\u00e9n\u00e9ral les fabricant informent que ces batteries ont une dur\u00e9e de vie de 5 ans. La p\u00e9riode de garantie l\u00e9gale lors de l&rsquo;achat est de 2 ans.<\/p>\n<p lang=\"en-US\">Ohmega-Bikes vous donnera des conseils pour prolonger la dur\u00e9e de vie de votre batterie lors d&rsquo;un achat.<\/p>\n<h2 lang=\"en-US\">QUEL EST LE CO\u00dbT D&rsquo;UNE BATTERIE<\/h2>\n<p>&nbsp;<\/p>\n<p lang=\"en-US\">La batterie est la pi\u00e8ce la plus ch\u00e8re du v\u00e9lo, son prix peut facilement varier entre 500 et 700 euros selon sa capacit\u00e9. Si vous h\u00e9sitez sur la puissance de votre batterie nous vous proposons de contr\u00f4ler sa puissance avant de la remplacer.<\/p>\n<p lang=\"en-US\">La possibilit\u00e9 de la r\u00e9g\u00e9n\u00e9rer existe aussi.\u00a0<a href=\"https:\/\/www.ohmega-bikes.be\/fr\/contactez-nous\" target=\"_blank\" rel=\"noopener\">Contactez nous<\/a>\u00a0pour plus d&rsquo;informations<\/p>\n<p>&nbsp;<\/p>\n<h2 lang=\"en-US\">BIEN SOIGNER POUR AUGMENTER LA DUR\u00c9E DE VIE<\/h2>\n<p lang=\"en-US\">Quelques trucs et astuces:<\/p>\n<ul>\n<li>Charger se fait au mieux dans des conditions ambiantes et sec.<\/li>\n<li>\u00c9viter de charger votre batterie dans des temperatures en dessous de -10\u00b0 ou au-dessus de 45\u00b0C.<\/li>\n<li>Pour hiberner votre batterie pr\u00e9f\u00e8re une temp\u00e9rature ambiante (ou entre 0 et 20\u00b0C). \u00c9viter le stockage \u00e0 vide, id\u00e9alement votre batterie sera charg\u00e9 \u00e0 3\/4.<\/li>\n<li lang=\"en-US\">Si vous faites du v\u00e9lo en p\u00e9riode hivernale, nous vous conseillons de garder votre batterie \u00e0 une temp\u00e9rature ambiante jusqu&rsquo;\u00e0 votre d\u00e9part.<\/li>\n<li lang=\"en-US\">Le nettoyage se fait au mieux avec un chiffon humide. Attention, enlevez votre batterie du v\u00e9lo avant de commencer le nettoyage. N&rsquo;utlisez jamais un nettoyeur \u00e0 haute pression, ceci pour ne pas ab\u00eemer les components \u00e9lectroniques.<\/li>\n<li lang=\"en-US\">Enlevez la batterie avant de transporter votre v\u00e9lo. La meilleure place pour transporter la batterie est \u00e0 l&rsquo;int\u00e9rieur de la voiture.<\/li>\n<\/ul>\n<p>&nbsp;<\/p>\n<p lang=\"en-US\">Si vous estimez que votre batterie ne fonctionne plus comme elle devrait, contactez nous pour un contr\u00f4le d&rsquo;efficience de votre batterie. Nous contr\u00f4lons le taux de chargement ainsi qu&rsquo;un nombre de cycles de chargements faits.<\/p>\n<h2 lang=\"en-US\">COMBIEN CELA CO\u00dbTE POUR CHARGER UNE BATTERIE<\/h2>\n<p>&nbsp;<\/p>\n<p lang=\"en-US\">Le prix pour charger une batterie vide d\u00e9pend fortement de<\/p>\n<ul>\n<li>Le prix par Kwh. Celui varie entre +\/-0,50 \u20ac et +\/-0,60 \u20ac selon le tarif appliqu\u00e9 (prix d\u00e9cembre 2015);<\/li>\n<li lang=\"en-US\">La capacit\u00e9 de la batterie. Une batterie de 8Ah chargera moins d&rsquo;\u00e9nergie qu&rsquo;une batterie de 10Ah;<\/li>\n<li lang=\"en-US\">La tension de la batterie. Une batterie de 36 Volt chargera plus d&rsquo;\u00e9nergie qu&rsquo;une batterie de 24 Volt.<\/li>\n<\/ul>\n<p>&nbsp;<\/p>\n<p lang=\"en-US\">Un exemple:<\/p>\n<ol type=\"1\">\n<li lang=\"en-US\" value=\"1\">Votre v\u00e9lo \u00e9lectrique a une batterie de 10 Ah et 36 Volt. Ceci r\u00e9sulte dans une puissance de 360Wh ou 0,360 Kwh (10 Ah x 36V = 360 Wh).<\/li>\n<li>Si 1 Kwh a un co\u00fbt moyen de 0,55 \u20ac, alors charger la batterie compl\u00e8te vous co\u00fbte : 0,55 X 0,360 = 0,198 \u20ac<\/li>\n<li lang=\"en-US\">Le co\u00fbt pour faire 100 km avec votre v\u00e9lo si vous utilisez votre moteur avec une assistance moyenne vous co\u00fbtera alors moins de 20 centimes d&rsquo;euro d&rsquo;\u00e9nergie \u00e9lectrique.<\/li>\n<\/ol>\n","protected":false},"excerpt":{"rendered":"<p>L&rsquo;autonomie d&rsquo;un v\u00e9lo \u00e9lectrique se traduit dans le nombre de kolim\u00e8tres que&#8230;<\/p>\n","protected":false},"author":1,"featured_media":366,"parent":355,"menu_order":0,"comment_status":"closed","ping_status":"closed","template":"","meta":{"_acf_changed":false,"inline_featured_image":false,"footnotes":""},"class_list":["post-364","page","type-page","status-publish","has-post-thumbnail","hentry"],"acf":[],"yoast_head":"<!-- This site is optimized with the Yoast SEO plugin v27.0 - https:\/\/yoast.com\/product\/yoast-seo-wordpress\/ -->\n<title>Tout sur les batteries - Ohmega Bikes<\/title>\n<meta name=\"description\" content=\"ici vos trouverez toues les r\u00e9ponses \u00e0 vos questions sur les batteries de votre v\u00e9lo \u00e9lectrique.\" \/>\n<meta name=\"robots\" content=\"index, follow, max-snippet:-1, max-image-preview:large, max-video-preview:-1\" \/>\n<link rel=\"canonical\" href=\"https:\/\/www.ohmega-bikes.be\/fr\/info\/tout-sur-les-batteries\/\" \/>\n<meta property=\"og:locale\" content=\"fr_FR\" \/>\n<meta property=\"og:type\" content=\"article\" \/>\n<meta property=\"og:title\" content=\"Tout sur les batteries - Ohmega Bikes\" \/>\n<meta property=\"og:description\" content=\"ici vos trouverez toues les r\u00e9ponses \u00e0 vos questions sur les batteries de votre v\u00e9lo \u00e9lectrique.\" \/>\n<meta property=\"og:url\" content=\"https:\/\/www.ohmega-bikes.be\/fr\/info\/tout-sur-les-batteries\/\" \/>\n<meta property=\"og:site_name\" content=\"Ohmega Bikes\" \/>\n<meta property=\"article:publisher\" content=\"https:\/\/www.facebook.com\/ohmegabikes\/\" \/>\n<meta property=\"article:modified_time\" content=\"2022-02-02T10:18:45+00:00\" \/>\n<meta property=\"og:image\" content=\"https:\/\/www.ohmega-bikes.be\/wp-content\/uploads\/2022\/01\/9b2c4b44fb86522964124ed80d03c5e8_L.jpg\" \/>\n\t<meta property=\"og:image:width\" content=\"770\" \/>\n\t<meta property=\"og:image:height\" content=\"577\" \/>\n\t<meta property=\"og:image:type\" content=\"image\/jpeg\" \/>\n<meta name=\"twitter:card\" content=\"summary_large_image\" \/>\n<meta name=\"twitter:label1\" content=\"Dur\u00e9e de lecture estim\u00e9e\" \/>\n\t<meta name=\"twitter:data1\" content=\"4 minutes\" \/>\n<script type=\"application\/ld+json\" class=\"yoast-schema-graph\">{\"@context\":\"https:\/\/schema.org\",\"@graph\":[{\"@type\":\"WebPage\",\"@id\":\"https:\/\/www.ohmega-bikes.be\/fr\/info\/tout-sur-les-batteries\/\",\"url\":\"https:\/\/www.ohmega-bikes.be\/fr\/info\/tout-sur-les-batteries\/\",\"name\":\"Tout sur les batteries - Ohmega Bikes\",\"isPartOf\":{\"@id\":\"https:\/\/www.ohmega-bikes.be\/fr\/#website\"},\"primaryImageOfPage\":{\"@id\":\"https:\/\/www.ohmega-bikes.be\/fr\/info\/tout-sur-les-batteries\/#primaryimage\"},\"image\":{\"@id\":\"https:\/\/www.ohmega-bikes.be\/fr\/info\/tout-sur-les-batteries\/#primaryimage\"},\"thumbnailUrl\":\"https:\/\/www.ohmega-bikes.be\/wp-content\/uploads\/2022\/01\/9b2c4b44fb86522964124ed80d03c5e8_L.jpg\",\"datePublished\":\"2022-01-14T13:54:03+00:00\",\"dateModified\":\"2022-02-02T10:18:45+00:00\",\"description\":\"ici vos trouverez toues les r\u00e9ponses \u00e0 vos questions sur les batteries de votre v\u00e9lo \u00e9lectrique.\",\"breadcrumb\":{\"@id\":\"https:\/\/www.ohmega-bikes.be\/fr\/info\/tout-sur-les-batteries\/#breadcrumb\"},\"inLanguage\":\"fr-FR\",\"potentialAction\":[{\"@type\":\"ReadAction\",\"target\":[\"https:\/\/www.ohmega-bikes.be\/fr\/info\/tout-sur-les-batteries\/\"]}]},{\"@type\":\"ImageObject\",\"inLanguage\":\"fr-FR\",\"@id\":\"https:\/\/www.ohmega-bikes.be\/fr\/info\/tout-sur-les-batteries\/#primaryimage\",\"url\":\"https:\/\/www.ohmega-bikes.be\/wp-content\/uploads\/2022\/01\/9b2c4b44fb86522964124ed80d03c5e8_L.jpg\",\"contentUrl\":\"https:\/\/www.ohmega-bikes.be\/wp-content\/uploads\/2022\/01\/9b2c4b44fb86522964124ed80d03c5e8_L.jpg\",\"width\":770,\"height\":577},{\"@type\":\"BreadcrumbList\",\"@id\":\"https:\/\/www.ohmega-bikes.be\/fr\/info\/tout-sur-les-batteries\/#breadcrumb\",\"itemListElement\":[{\"@type\":\"ListItem\",\"position\":1,\"name\":\"Start\",\"item\":\"https:\/\/www.ohmega-bikes.be\/fr\/\"},{\"@type\":\"ListItem\",\"position\":2,\"name\":\"Information\",\"item\":\"https:\/\/www.ohmega-bikes.be\/fr\/info\/\"},{\"@type\":\"ListItem\",\"position\":3,\"name\":\"Tout sur les batteries\"}]},{\"@type\":\"WebSite\",\"@id\":\"https:\/\/www.ohmega-bikes.be\/fr\/#website\",\"url\":\"https:\/\/www.ohmega-bikes.be\/fr\/\",\"name\":\"Ohmega Bikes\",\"description\":\"Just another WordPress site\",\"publisher\":{\"@id\":\"https:\/\/www.ohmega-bikes.be\/fr\/#organization\"},\"potentialAction\":[{\"@type\":\"SearchAction\",\"target\":{\"@type\":\"EntryPoint\",\"urlTemplate\":\"https:\/\/www.ohmega-bikes.be\/fr\/?s={search_term_string}\"},\"query-input\":{\"@type\":\"PropertyValueSpecification\",\"valueRequired\":true,\"valueName\":\"search_term_string\"}}],\"inLanguage\":\"fr-FR\"},{\"@type\":\"Organization\",\"@id\":\"https:\/\/www.ohmega-bikes.be\/fr\/#organization\",\"name\":\"Ohmega Bikes\",\"url\":\"https:\/\/www.ohmega-bikes.be\/fr\/\",\"logo\":{\"@type\":\"ImageObject\",\"inLanguage\":\"fr-FR\",\"@id\":\"https:\/\/www.ohmega-bikes.be\/fr\/#\/schema\/logo\/image\/\",\"url\":\"https:\/\/www.ohmega-bikes.be\/wp-content\/uploads\/2022\/01\/logo.png\",\"contentUrl\":\"https:\/\/www.ohmega-bikes.be\/wp-content\/uploads\/2022\/01\/logo.png\",\"width\":522,\"height\":108,\"caption\":\"Ohmega Bikes\"},\"image\":{\"@id\":\"https:\/\/www.ohmega-bikes.be\/fr\/#\/schema\/logo\/image\/\"},\"sameAs\":[\"https:\/\/www.facebook.com\/ohmegabikes\/\"]}]}<\/script>\n<!-- \/ Yoast SEO plugin. -->","yoast_head_json":{"title":"Tout sur les batteries - Ohmega Bikes","description":"ici vos trouverez toues les r\u00e9ponses \u00e0 vos questions sur les batteries de votre v\u00e9lo \u00e9lectrique.","robots":{"index":"index","follow":"follow","max-snippet":"max-snippet:-1","max-image-preview":"max-image-preview:large","max-video-preview":"max-video-preview:-1"},"canonical":"https:\/\/www.ohmega-bikes.be\/fr\/info\/tout-sur-les-batteries\/","og_locale":"fr_FR","og_type":"article","og_title":"Tout sur les batteries - Ohmega Bikes","og_description":"ici vos trouverez toues les r\u00e9ponses \u00e0 vos questions sur les batteries de votre v\u00e9lo \u00e9lectrique.","og_url":"https:\/\/www.ohmega-bikes.be\/fr\/info\/tout-sur-les-batteries\/","og_site_name":"Ohmega Bikes","article_publisher":"https:\/\/www.facebook.com\/ohmegabikes\/","article_modified_time":"2022-02-02T10:18:45+00:00","og_image":[{"width":770,"height":577,"url":"https:\/\/www.ohmega-bikes.be\/wp-content\/uploads\/2022\/01\/9b2c4b44fb86522964124ed80d03c5e8_L.jpg","type":"image\/jpeg"}],"twitter_card":"summary_large_image","twitter_misc":{"Dur\u00e9e de lecture estim\u00e9e":"4 minutes"},"schema":{"@context":"https:\/\/schema.org","@graph":[{"@type":"WebPage","@id":"https:\/\/www.ohmega-bikes.be\/fr\/info\/tout-sur-les-batteries\/","url":"https:\/\/www.ohmega-bikes.be\/fr\/info\/tout-sur-les-batteries\/","name":"Tout sur les batteries - Ohmega Bikes","isPartOf":{"@id":"https:\/\/www.ohmega-bikes.be\/fr\/#website"},"primaryImageOfPage":{"@id":"https:\/\/www.ohmega-bikes.be\/fr\/info\/tout-sur-les-batteries\/#primaryimage"},"image":{"@id":"https:\/\/www.ohmega-bikes.be\/fr\/info\/tout-sur-les-batteries\/#primaryimage"},"thumbnailUrl":"https:\/\/www.ohmega-bikes.be\/wp-content\/uploads\/2022\/01\/9b2c4b44fb86522964124ed80d03c5e8_L.jpg","datePublished":"2022-01-14T13:54:03+00:00","dateModified":"2022-02-02T10:18:45+00:00","description":"ici vos trouverez toues les r\u00e9ponses \u00e0 vos questions sur les batteries de votre v\u00e9lo \u00e9lectrique.","breadcrumb":{"@id":"https:\/\/www.ohmega-bikes.be\/fr\/info\/tout-sur-les-batteries\/#breadcrumb"},"inLanguage":"fr-FR","potentialAction":[{"@type":"ReadAction","target":["https:\/\/www.ohmega-bikes.be\/fr\/info\/tout-sur-les-batteries\/"]}]},{"@type":"ImageObject","inLanguage":"fr-FR","@id":"https:\/\/www.ohmega-bikes.be\/fr\/info\/tout-sur-les-batteries\/#primaryimage","url":"https:\/\/www.ohmega-bikes.be\/wp-content\/uploads\/2022\/01\/9b2c4b44fb86522964124ed80d03c5e8_L.jpg","contentUrl":"https:\/\/www.ohmega-bikes.be\/wp-content\/uploads\/2022\/01\/9b2c4b44fb86522964124ed80d03c5e8_L.jpg","width":770,"height":577},{"@type":"BreadcrumbList","@id":"https:\/\/www.ohmega-bikes.be\/fr\/info\/tout-sur-les-batteries\/#breadcrumb","itemListElement":[{"@type":"ListItem","position":1,"name":"Start","item":"https:\/\/www.ohmega-bikes.be\/fr\/"},{"@type":"ListItem","position":2,"name":"Information","item":"https:\/\/www.ohmega-bikes.be\/fr\/info\/"},{"@type":"ListItem","position":3,"name":"Tout sur les batteries"}]},{"@type":"WebSite","@id":"https:\/\/www.ohmega-bikes.be\/fr\/#website","url":"https:\/\/www.ohmega-bikes.be\/fr\/","name":"Ohmega Bikes","description":"Just another WordPress site","publisher":{"@id":"https:\/\/www.ohmega-bikes.be\/fr\/#organization"},"potentialAction":[{"@type":"SearchAction","target":{"@type":"EntryPoint","urlTemplate":"https:\/\/www.ohmega-bikes.be\/fr\/?s={search_term_string}"},"query-input":{"@type":"PropertyValueSpecification","valueRequired":true,"valueName":"search_term_string"}}],"inLanguage":"fr-FR"},{"@type":"Organization","@id":"https:\/\/www.ohmega-bikes.be\/fr\/#organization","name":"Ohmega Bikes","url":"https:\/\/www.ohmega-bikes.be\/fr\/","logo":{"@type":"ImageObject","inLanguage":"fr-FR","@id":"https:\/\/www.ohmega-bikes.be\/fr\/#\/schema\/logo\/image\/","url":"https:\/\/www.ohmega-bikes.be\/wp-content\/uploads\/2022\/01\/logo.png","contentUrl":"https:\/\/www.ohmega-bikes.be\/wp-content\/uploads\/2022\/01\/logo.png","width":522,"height":108,"caption":"Ohmega Bikes"},"image":{"@id":"https:\/\/www.ohmega-bikes.be\/fr\/#\/schema\/logo\/image\/"},"sameAs":["https:\/\/www.facebook.com\/ohmegabikes\/"]}]}},"_links":{"self":[{"href":"https:\/\/www.ohmega-bikes.be\/fr\/wp-json\/wp\/v2\/pages\/364","targetHints":{"allow":["GET"]}}],"collection":[{"href":"https:\/\/www.ohmega-bikes.be\/fr\/wp-json\/wp\/v2\/pages"}],"about":[{"href":"https:\/\/www.ohmega-bikes.be\/fr\/wp-json\/wp\/v2\/types\/page"}],"author":[{"embeddable":true,"href":"https:\/\/www.ohmega-bikes.be\/fr\/wp-json\/wp\/v2\/users\/1"}],"replies":[{"embeddable":true,"href":"https:\/\/www.ohmega-bikes.be\/fr\/wp-json\/wp\/v2\/comments?post=364"}],"version-history":[{"count":4,"href":"https:\/\/www.ohmega-bikes.be\/fr\/wp-json\/wp\/v2\/pages\/364\/revisions"}],"predecessor-version":[{"id":564,"href":"https:\/\/www.ohmega-bikes.be\/fr\/wp-json\/wp\/v2\/pages\/364\/revisions\/564"}],"up":[{"embeddable":true,"href":"https:\/\/www.ohmega-bikes.be\/fr\/wp-json\/wp\/v2\/pages\/355"}],"wp:featuredmedia":[{"embeddable":true,"href":"https:\/\/www.ohmega-bikes.be\/fr\/wp-json\/wp\/v2\/media\/366"}],"wp:attachment":[{"href":"https:\/\/www.ohmega-bikes.be\/fr\/wp-json\/wp\/v2\/media?parent=364"}],"curies":[{"name":"wp","href":"https:\/\/api.w.org\/{rel}","templated":true}]}}