{"id":372,"date":"2022-01-14T15:54:28","date_gmt":"2022-01-14T13:54:28","guid":{"rendered":"https:\/\/www.ohmega-bikes.be\/info\/alles-over-nieuwe-technologieen\/"},"modified":"2022-02-02T12:21:22","modified_gmt":"2022-02-02T10:21:22","slug":"tout-sur-les-nouvelles-technologies","status":"publish","type":"page","link":"https:\/\/www.ohmega-bikes.be\/fr\/info\/tout-sur-les-nouvelles-technologies\/","title":{"rendered":"Tout sur les nouvelles technologies"},"content":{"rendered":"<p>Le monde des v\u00e9los \u00e9lectrique est en pleine \u00e9volution. La vie du v\u00e9lo traditionnel se termine, les id\u00e9es innovatif s&rsquo;appliquent aussi sur les E-bikes. Faire du v\u00e9lo ne se resemble plus.<\/p>\n<h2>LE SYST\u00c8ME D&rsquo;ENGRENAGE NUVINCI \u00a0<img loading=\"lazy\" decoding=\"async\" class=\"size-full wp-image-436 alignright\" src=\"https:\/\/www.ohmega-bikes.be\/wp-content\/uploads\/2022\/01\/Bediening_NuVinci-Harmony-150x150-1.jpg\" alt=\"\" width=\"150\" height=\"150\" srcset=\"https:\/\/www.ohmega-bikes.be\/wp-content\/uploads\/2022\/01\/Bediening_NuVinci-Harmony-150x150-1.jpg 150w, https:\/\/www.ohmega-bikes.be\/wp-content\/uploads\/2022\/01\/Bediening_NuVinci-Harmony-150x150-1-100x100.jpg 100w\" sizes=\"auto, (max-width: 150px) 100vw, 150px\" \/><\/h2>\n<p>Le syst\u00e8me d&rsquo;engrenage Nu Vinci est r\u00e9volutionaire et est garant pour une conduite souple et d\u00e9tendu et un changement continu d&rsquo;une vitesse \u00e0 une autre, avec un simple mouvement de poignet.<\/p>\n<p>Le moyeu sp\u00e9cial NuVinci Optimized is pourvu de billes rotatif qui font varier la relation entre la force entrante (venant des p\u00e9dales) et la force sortante (par la chaine du v\u00e9lo). En tournant le levier mont\u00e9 sur le guidon, les billes s&rsquo;inclinent sur les axes horizontales dans le moyeu qui vont changer la transmission et permettre de p\u00e9daler plus souple ou plus dur. Avec le syst\u00e8me NuVinci on termine avec les cables \u00ab\u00a0gerafeld\u00a0\u00bb\u00a0 et l&rsquo;entretien des syst\u00e8mes de vitesses.<\/p>\n<p>Avec le syst\u00e8me Harmony vous choisissez quelle vitesse vous voulez p\u00e9daler et la technologie fait le reste. De cette fa\u00e7on vous roulez toujours \u00e0 vitesse \u00e9gale n&rsquo;importe le vent ou les collines sur votre route. Et apr\u00e8s un stop le syst\u00e8me Harmony vous mets automatiquement une vitesse plus petite pour vous permettre de partir sans probl\u00e8mes.<\/p>\n<h2>BOSCH NYON<\/h2>\n<p>L&rsquo;ordinateur de bord : le tout-en-un pour les v\u00e9los \u00e9lectriques Bosch!\u00a0<img loading=\"lazy\" decoding=\"async\" class=\"size-full wp-image-438 alignright\" src=\"https:\/\/www.ohmega-bikes.be\/wp-content\/uploads\/2022\/01\/bosch_nyon_3.png\" alt=\"\" width=\"238\" height=\"159\" \/><\/p>\n<ul>\n<li>Navigation : un systeem de navigation adapt\u00e9 pour les cyclistes bas\u00e9 sur la technologie de Open Street Map qui perste de lire les doneer en 2D ou 3D.<\/li>\n<li>Donn\u00e9es de conduite et l\u2019autonomie : le niveau d\u2019assistance que vous utilisez, le temps du cycle, votre cadence, niveau de la batterie, etc.<\/li>\n<li>Fitness : Le Nyon est vore entraineur individuel, il mester les calories consomm\u00e9es et voos propose un plan d\u2019entrainement. La mesure de vortre fr\u00e9quence cardiaque est optionnel.<\/li>\n<li>R\u00e9ception d\u2019SMS par bluetooth et le suivi en-ligne de vos excursion e fait sur le site ebike-connect. com.<\/li>\n<\/ul>\n<h2>SRAM DUAL DRIVE<\/h2>\n<p>Sram Dual Drive est un syst\u0113me d\u2019entrainement avec une activation automatique de l\u2019engrenage du moyeu, combin\u00e9 d\u2019un d\u00e9railleur pour les pas plus fins. Si changer les vitesses ne vous est pas facile, alors le syst\u00e8me SRam Dual Drive vous change la vie. Les plateaux avant des vitesses traditionnels sont incorpor\u00e9s dans l\u2019engrenage du moyeu et sont activ\u00e9 ensemble avec le d\u00e9railleur avec votre main droite. Comme cela vous pouvez facilement parcourir vos 21, 24 ou 27 vitesses.<\/p>\n<p>Le dual Drive inclut 3 niveaux de parcours : collines, Standard et Vite, qui peuvent \u00eatre activ\u00e9 en roulant et \u00e1 l\u2019arr\u00eat par un simple d\u00e9calage du bouton de pouce.<\/p>\n<p>Le d\u00e9railleur fonctionne en tournant une poign\u00e9e (montage a droite), ce changement de vitesse se fait au mieux en p\u00e9dalant mais en limitant la force sur les p\u00e9dales.<\/p>\n","protected":false},"excerpt":{"rendered":"<p>Le monde des v\u00e9los \u00e9lectrique est en pleine \u00e9volution. La vie du&#8230;<\/p>\n","protected":false},"author":1,"featured_media":373,"parent":355,"menu_order":0,"comment_status":"closed","ping_status":"closed","template":"","meta":{"_acf_changed":false,"inline_featured_image":false,"footnotes":""},"class_list":["post-372","page","type-page","status-publish","has-post-thumbnail","hentry"],"acf":[],"yoast_head":"<!-- This site is optimized with the Yoast SEO plugin v27.0 - https:\/\/yoast.com\/product\/yoast-seo-wordpress\/ -->\n<title>Tout sur les nouvelles technologies - Ohmega Bikes<\/title>\n<meta name=\"description\" content=\"Lisez ici les derri\u00e8res novelles sur les technologies recentes pour les vlos \u00e9lectriques, Nu Vinci, Nyon, ...\" \/>\n<meta name=\"robots\" content=\"index, follow, max-snippet:-1, max-image-preview:large, max-video-preview:-1\" \/>\n<link rel=\"canonical\" href=\"https:\/\/www.ohmega-bikes.be\/fr\/info\/tout-sur-les-nouvelles-technologies\/\" \/>\n<meta property=\"og:locale\" content=\"fr_FR\" \/>\n<meta property=\"og:type\" content=\"article\" \/>\n<meta property=\"og:title\" content=\"Tout sur les nouvelles technologies - Ohmega Bikes\" \/>\n<meta property=\"og:description\" content=\"Lisez ici les derri\u00e8res novelles sur les technologies recentes pour les vlos \u00e9lectriques, Nu Vinci, Nyon, ...\" \/>\n<meta property=\"og:url\" content=\"https:\/\/www.ohmega-bikes.be\/fr\/info\/tout-sur-les-nouvelles-technologies\/\" \/>\n<meta property=\"og:site_name\" content=\"Ohmega Bikes\" \/>\n<meta property=\"article:publisher\" content=\"https:\/\/www.facebook.com\/ohmegabikes\/\" \/>\n<meta property=\"article:modified_time\" content=\"2022-02-02T10:21:22+00:00\" \/>\n<meta property=\"og:image\" content=\"https:\/\/www.ohmega-bikes.be\/wp-content\/uploads\/2022\/01\/71f67488b0857639cee631943a3fc6fa_L.jpg\" \/>\n\t<meta property=\"og:image:width\" content=\"770\" \/>\n\t<meta property=\"og:image:height\" content=\"368\" \/>\n\t<meta property=\"og:image:type\" content=\"image\/jpeg\" \/>\n<meta name=\"twitter:card\" content=\"summary_large_image\" \/>\n<meta name=\"twitter:label1\" content=\"Dur\u00e9e de lecture estim\u00e9e\" \/>\n\t<meta name=\"twitter:data1\" content=\"3 minutes\" \/>\n<script type=\"application\/ld+json\" class=\"yoast-schema-graph\">{\"@context\":\"https:\/\/schema.org\",\"@graph\":[{\"@type\":\"WebPage\",\"@id\":\"https:\/\/www.ohmega-bikes.be\/fr\/info\/tout-sur-les-nouvelles-technologies\/\",\"url\":\"https:\/\/www.ohmega-bikes.be\/fr\/info\/tout-sur-les-nouvelles-technologies\/\",\"name\":\"Tout sur les nouvelles technologies - Ohmega Bikes\",\"isPartOf\":{\"@id\":\"https:\/\/www.ohmega-bikes.be\/fr\/#website\"},\"primaryImageOfPage\":{\"@id\":\"https:\/\/www.ohmega-bikes.be\/fr\/info\/tout-sur-les-nouvelles-technologies\/#primaryimage\"},\"image\":{\"@id\":\"https:\/\/www.ohmega-bikes.be\/fr\/info\/tout-sur-les-nouvelles-technologies\/#primaryimage\"},\"thumbnailUrl\":\"https:\/\/www.ohmega-bikes.be\/wp-content\/uploads\/2022\/01\/71f67488b0857639cee631943a3fc6fa_L.jpg\",\"datePublished\":\"2022-01-14T13:54:28+00:00\",\"dateModified\":\"2022-02-02T10:21:22+00:00\",\"description\":\"Lisez ici les derri\u00e8res novelles sur les technologies recentes pour les vlos \u00e9lectriques, Nu Vinci, Nyon, ...\",\"breadcrumb\":{\"@id\":\"https:\/\/www.ohmega-bikes.be\/fr\/info\/tout-sur-les-nouvelles-technologies\/#breadcrumb\"},\"inLanguage\":\"fr-FR\",\"potentialAction\":[{\"@type\":\"ReadAction\",\"target\":[\"https:\/\/www.ohmega-bikes.be\/fr\/info\/tout-sur-les-nouvelles-technologies\/\"]}]},{\"@type\":\"ImageObject\",\"inLanguage\":\"fr-FR\",\"@id\":\"https:\/\/www.ohmega-bikes.be\/fr\/info\/tout-sur-les-nouvelles-technologies\/#primaryimage\",\"url\":\"https:\/\/www.ohmega-bikes.be\/wp-content\/uploads\/2022\/01\/71f67488b0857639cee631943a3fc6fa_L.jpg\",\"contentUrl\":\"https:\/\/www.ohmega-bikes.be\/wp-content\/uploads\/2022\/01\/71f67488b0857639cee631943a3fc6fa_L.jpg\",\"width\":770,\"height\":368,\"caption\":\"Innovatie door technologie\"},{\"@type\":\"BreadcrumbList\",\"@id\":\"https:\/\/www.ohmega-bikes.be\/fr\/info\/tout-sur-les-nouvelles-technologies\/#breadcrumb\",\"itemListElement\":[{\"@type\":\"ListItem\",\"position\":1,\"name\":\"Start\",\"item\":\"https:\/\/www.ohmega-bikes.be\/fr\/\"},{\"@type\":\"ListItem\",\"position\":2,\"name\":\"Information\",\"item\":\"https:\/\/www.ohmega-bikes.be\/fr\/info\/\"},{\"@type\":\"ListItem\",\"position\":3,\"name\":\"Tout sur les nouvelles technologies\"}]},{\"@type\":\"WebSite\",\"@id\":\"https:\/\/www.ohmega-bikes.be\/fr\/#website\",\"url\":\"https:\/\/www.ohmega-bikes.be\/fr\/\",\"name\":\"Ohmega Bikes\",\"description\":\"Just another WordPress site\",\"publisher\":{\"@id\":\"https:\/\/www.ohmega-bikes.be\/fr\/#organization\"},\"potentialAction\":[{\"@type\":\"SearchAction\",\"target\":{\"@type\":\"EntryPoint\",\"urlTemplate\":\"https:\/\/www.ohmega-bikes.be\/fr\/?s={search_term_string}\"},\"query-input\":{\"@type\":\"PropertyValueSpecification\",\"valueRequired\":true,\"valueName\":\"search_term_string\"}}],\"inLanguage\":\"fr-FR\"},{\"@type\":\"Organization\",\"@id\":\"https:\/\/www.ohmega-bikes.be\/fr\/#organization\",\"name\":\"Ohmega Bikes\",\"url\":\"https:\/\/www.ohmega-bikes.be\/fr\/\",\"logo\":{\"@type\":\"ImageObject\",\"inLanguage\":\"fr-FR\",\"@id\":\"https:\/\/www.ohmega-bikes.be\/fr\/#\/schema\/logo\/image\/\",\"url\":\"https:\/\/www.ohmega-bikes.be\/wp-content\/uploads\/2022\/01\/logo.png\",\"contentUrl\":\"https:\/\/www.ohmega-bikes.be\/wp-content\/uploads\/2022\/01\/logo.png\",\"width\":522,\"height\":108,\"caption\":\"Ohmega Bikes\"},\"image\":{\"@id\":\"https:\/\/www.ohmega-bikes.be\/fr\/#\/schema\/logo\/image\/\"},\"sameAs\":[\"https:\/\/www.facebook.com\/ohmegabikes\/\"]}]}<\/script>\n<!-- \/ Yoast SEO plugin. -->","yoast_head_json":{"title":"Tout sur les nouvelles technologies - Ohmega Bikes","description":"Lisez ici les derri\u00e8res novelles sur les technologies recentes pour les vlos \u00e9lectriques, Nu Vinci, Nyon, ...","robots":{"index":"index","follow":"follow","max-snippet":"max-snippet:-1","max-image-preview":"max-image-preview:large","max-video-preview":"max-video-preview:-1"},"canonical":"https:\/\/www.ohmega-bikes.be\/fr\/info\/tout-sur-les-nouvelles-technologies\/","og_locale":"fr_FR","og_type":"article","og_title":"Tout sur les nouvelles technologies - Ohmega Bikes","og_description":"Lisez ici les derri\u00e8res novelles sur les technologies recentes pour les vlos \u00e9lectriques, Nu Vinci, Nyon, ...","og_url":"https:\/\/www.ohmega-bikes.be\/fr\/info\/tout-sur-les-nouvelles-technologies\/","og_site_name":"Ohmega Bikes","article_publisher":"https:\/\/www.facebook.com\/ohmegabikes\/","article_modified_time":"2022-02-02T10:21:22+00:00","og_image":[{"width":770,"height":368,"url":"https:\/\/www.ohmega-bikes.be\/wp-content\/uploads\/2022\/01\/71f67488b0857639cee631943a3fc6fa_L.jpg","type":"image\/jpeg"}],"twitter_card":"summary_large_image","twitter_misc":{"Dur\u00e9e de lecture estim\u00e9e":"3 minutes"},"schema":{"@context":"https:\/\/schema.org","@graph":[{"@type":"WebPage","@id":"https:\/\/www.ohmega-bikes.be\/fr\/info\/tout-sur-les-nouvelles-technologies\/","url":"https:\/\/www.ohmega-bikes.be\/fr\/info\/tout-sur-les-nouvelles-technologies\/","name":"Tout sur les nouvelles technologies - Ohmega Bikes","isPartOf":{"@id":"https:\/\/www.ohmega-bikes.be\/fr\/#website"},"primaryImageOfPage":{"@id":"https:\/\/www.ohmega-bikes.be\/fr\/info\/tout-sur-les-nouvelles-technologies\/#primaryimage"},"image":{"@id":"https:\/\/www.ohmega-bikes.be\/fr\/info\/tout-sur-les-nouvelles-technologies\/#primaryimage"},"thumbnailUrl":"https:\/\/www.ohmega-bikes.be\/wp-content\/uploads\/2022\/01\/71f67488b0857639cee631943a3fc6fa_L.jpg","datePublished":"2022-01-14T13:54:28+00:00","dateModified":"2022-02-02T10:21:22+00:00","description":"Lisez ici les derri\u00e8res novelles sur les technologies recentes pour les vlos \u00e9lectriques, Nu Vinci, Nyon, ...","breadcrumb":{"@id":"https:\/\/www.ohmega-bikes.be\/fr\/info\/tout-sur-les-nouvelles-technologies\/#breadcrumb"},"inLanguage":"fr-FR","potentialAction":[{"@type":"ReadAction","target":["https:\/\/www.ohmega-bikes.be\/fr\/info\/tout-sur-les-nouvelles-technologies\/"]}]},{"@type":"ImageObject","inLanguage":"fr-FR","@id":"https:\/\/www.ohmega-bikes.be\/fr\/info\/tout-sur-les-nouvelles-technologies\/#primaryimage","url":"https:\/\/www.ohmega-bikes.be\/wp-content\/uploads\/2022\/01\/71f67488b0857639cee631943a3fc6fa_L.jpg","contentUrl":"https:\/\/www.ohmega-bikes.be\/wp-content\/uploads\/2022\/01\/71f67488b0857639cee631943a3fc6fa_L.jpg","width":770,"height":368,"caption":"Innovatie door technologie"},{"@type":"BreadcrumbList","@id":"https:\/\/www.ohmega-bikes.be\/fr\/info\/tout-sur-les-nouvelles-technologies\/#breadcrumb","itemListElement":[{"@type":"ListItem","position":1,"name":"Start","item":"https:\/\/www.ohmega-bikes.be\/fr\/"},{"@type":"ListItem","position":2,"name":"Information","item":"https:\/\/www.ohmega-bikes.be\/fr\/info\/"},{"@type":"ListItem","position":3,"name":"Tout sur les nouvelles technologies"}]},{"@type":"WebSite","@id":"https:\/\/www.ohmega-bikes.be\/fr\/#website","url":"https:\/\/www.ohmega-bikes.be\/fr\/","name":"Ohmega Bikes","description":"Just another WordPress site","publisher":{"@id":"https:\/\/www.ohmega-bikes.be\/fr\/#organization"},"potentialAction":[{"@type":"SearchAction","target":{"@type":"EntryPoint","urlTemplate":"https:\/\/www.ohmega-bikes.be\/fr\/?s={search_term_string}"},"query-input":{"@type":"PropertyValueSpecification","valueRequired":true,"valueName":"search_term_string"}}],"inLanguage":"fr-FR"},{"@type":"Organization","@id":"https:\/\/www.ohmega-bikes.be\/fr\/#organization","name":"Ohmega Bikes","url":"https:\/\/www.ohmega-bikes.be\/fr\/","logo":{"@type":"ImageObject","inLanguage":"fr-FR","@id":"https:\/\/www.ohmega-bikes.be\/fr\/#\/schema\/logo\/image\/","url":"https:\/\/www.ohmega-bikes.be\/wp-content\/uploads\/2022\/01\/logo.png","contentUrl":"https:\/\/www.ohmega-bikes.be\/wp-content\/uploads\/2022\/01\/logo.png","width":522,"height":108,"caption":"Ohmega Bikes"},"image":{"@id":"https:\/\/www.ohmega-bikes.be\/fr\/#\/schema\/logo\/image\/"},"sameAs":["https:\/\/www.facebook.com\/ohmegabikes\/"]}]}},"_links":{"self":[{"href":"https:\/\/www.ohmega-bikes.be\/fr\/wp-json\/wp\/v2\/pages\/372","targetHints":{"allow":["GET"]}}],"collection":[{"href":"https:\/\/www.ohmega-bikes.be\/fr\/wp-json\/wp\/v2\/pages"}],"about":[{"href":"https:\/\/www.ohmega-bikes.be\/fr\/wp-json\/wp\/v2\/types\/page"}],"author":[{"embeddable":true,"href":"https:\/\/www.ohmega-bikes.be\/fr\/wp-json\/wp\/v2\/users\/1"}],"replies":[{"embeddable":true,"href":"https:\/\/www.ohmega-bikes.be\/fr\/wp-json\/wp\/v2\/comments?post=372"}],"version-history":[{"count":2,"href":"https:\/\/www.ohmega-bikes.be\/fr\/wp-json\/wp\/v2\/pages\/372\/revisions"}],"predecessor-version":[{"id":475,"href":"https:\/\/www.ohmega-bikes.be\/fr\/wp-json\/wp\/v2\/pages\/372\/revisions\/475"}],"up":[{"embeddable":true,"href":"https:\/\/www.ohmega-bikes.be\/fr\/wp-json\/wp\/v2\/pages\/355"}],"wp:featuredmedia":[{"embeddable":true,"href":"https:\/\/www.ohmega-bikes.be\/fr\/wp-json\/wp\/v2\/media\/373"}],"wp:attachment":[{"href":"https:\/\/www.ohmega-bikes.be\/fr\/wp-json\/wp\/v2\/media?parent=372"}],"curies":[{"name":"wp","href":"https:\/\/api.w.org\/{rel}","templated":true}]}}