{"id":482,"date":"2022-01-14T15:56:56","date_gmt":"2022-01-14T13:56:56","guid":{"rendered":"https:\/\/www.ohmega-bikes.be\/info\/alles-over-de-volta-e-moto\/"},"modified":"2022-02-02T12:26:36","modified_gmt":"2022-02-02T10:26:36","slug":"tout-sur-la-moto-electrique-volta","status":"publish","type":"page","link":"https:\/\/www.ohmega-bikes.be\/fr\/info\/tout-sur-la-moto-electrique-volta\/","title":{"rendered":"Tout sur la E-moto VOLTA"},"content":{"rendered":"<p lang=\"en-US\">En tant que \u00ab\u00a0votre partenaire en E-mobilit\u00e9\u00a0\u00bb une moto \u00e9lectrique ne peut pas manquer \u00e0 notre gamme.<\/p>\n<p lang=\"en-US\"><em>Volta \u00e0 introduit leur moto \u00e9lectrique pour la premi\u00e8re fois \u00e0 la foire moto la plus importante pour l&rsquo;Europe, la EICMA \u00e0 Milan.\u00a0Cette moto \u00e9lectrique moderne et \u00e0 technologie sup\u00e9rieure est con\u00e7ue \u00e0 Barcelone en porte aussi le nom de cette ville.\u00a0La VOLTA BCN vient en deux versions : le City et le Sport.<\/em><\/p>\n<p>&nbsp;<\/p>\n<h3><img loading=\"lazy\" decoding=\"async\" class=\"size-medium wp-image-448 alignleft\" src=\"https:\/\/www.ohmega-bikes.be\/wp-content\/uploads\/2022\/01\/Riemaandrijving0-300x224.jpeg\" alt=\"\" width=\"300\" height=\"224\" srcset=\"https:\/\/www.ohmega-bikes.be\/wp-content\/uploads\/2022\/01\/Riemaandrijving0-300x224.jpeg 300w, https:\/\/www.ohmega-bikes.be\/wp-content\/uploads\/2022\/01\/Riemaandrijving0-scaled-600x448.jpeg 600w, https:\/\/www.ohmega-bikes.be\/wp-content\/uploads\/2022\/01\/Riemaandrijving0-1024x765.jpeg 1024w, https:\/\/www.ohmega-bikes.be\/wp-content\/uploads\/2022\/01\/Riemaandrijving0-768x574.jpeg 768w, https:\/\/www.ohmega-bikes.be\/wp-content\/uploads\/2022\/01\/Riemaandrijving0-1536x1147.jpeg 1536w, https:\/\/www.ohmega-bikes.be\/wp-content\/uploads\/2022\/01\/Riemaandrijving0-2048x1530.jpeg 2048w\" sizes=\"auto, (max-width: 300px) 100vw, 300px\" \/><\/h3>\n<h3 lang=\"en-US\">ASPECTS TECHNIQUES<\/h3>\n<p>&nbsp;<\/p>\n<p lang=\"en-US\">Les deux versions des motos BCN ont une vitesse maximale de 120km\/h et une autonomie\u00a0 qui varie entre 70 et 100 kilom\u00e8tres. La moto Volta BCN a un moteur \u00e9lectrique de 34cv\/25kw ce qui repr\u00e9sente une capacit\u00e9 \u00e9gale \u00e0 un moteur \u00e0 essence de 400cc. Ainsi il suffit d&rsquo;voir un\u00a0 permis A1 ou B pour conduire cette moto.<\/p>\n<p lang=\"en-US\">Volta est \u00e9quip\u00e9 de feux LED et des freins \u00e0 disque hydrauliques.<\/p>\n<p>La transmission se fait par l&rsquo;interm\u00e9diaire d&rsquo;une bo\u00eete de vitesses sans entretien, avec un entra\u00eenement par courroie.\u00a0Le torque est de 67Nm et la batterie 74V\/3.1kWh en lithium polymer se recharge compl\u00e8tement par un simple branchement sur le r\u00e9seau 220V en seulement 2 heures. Le poids du BCN City et du BCN Sport est de 135 kilos et l&rsquo;assis se mesure \u00e0 80,5cm.<\/p>\n<p>&nbsp;<\/p>\n<p>La moto VOLTA est une motocyclette moderne avec une g\u00e9om\u00e9trie qui assure une tenue de route sprotive et agile. Cette moto l\u00e9g\u00e8re dispose d&rsquo;un centre de gravit\u00e9 bas et une puissance impressionnante gr\u00e2ce auc couple \u00e9lev\u00e9 et constant. Des caract\u00e9ristiques qui assurent une conduite agr\u00e9able en ville. Le VOLTA BCN City est la moto de ville par excellence.<\/p>\n<p>&nbsp;<\/p>\n<p lang=\"en-US\">La VOLTA BCN Sport vient avec 3 positons de conduite : mode ECO, City et Sport. Le mode Sport donne une puissance suppl\u00e9mentaire pour une acc\u00e9l\u00e9ration encore plus rapide et une tenue de conduite ultra sportive.\u00a0La moto Sport se diff\u00e9rentie de la City par ses couleurs sportives, des clignotants LED, un kit de connctivit\u00e9 complet, disaues Galfer Wave, une selle sport, un Extra sport Mapping preset, un guidon Fatbar\u00ae de 28mm et un kit de sport Rizoma.<\/p>\n<h3>DESIGN<\/h3>\n<p>&nbsp;<\/p>\n<p lang=\"en-US\">Les deux mod\u00e8les de moto offrent un espace de rangement assez grand pour y mettre un casque int\u00e9gral et sont munis d&rsquo;un point de chargement pour votre t\u00e9l\u00e9phone mobile. L&rsquo;information de l&rsquo;autonomie est lisible d&rsquo;un indicateur sur le guidon pendant la conduite. Votre smartphone permets de suivre son \u00e9tat de chargement, la puissance du moteur et le r\u00e9glage du mode Eco par le pack standard CONNECT.<\/p>\n","protected":false},"excerpt":{"rendered":"<p>En tant que \u00ab\u00a0votre partenaire en E-mobilit\u00e9\u00a0\u00bb une moto \u00e9lectrique ne peut&#8230;<\/p>\n","protected":false},"author":1,"featured_media":446,"parent":355,"menu_order":0,"comment_status":"closed","ping_status":"closed","template":"","meta":{"_acf_changed":false,"inline_featured_image":false,"footnotes":""},"class_list":["post-482","page","type-page","status-publish","has-post-thumbnail","hentry"],"acf":[],"yoast_head":"<!-- This site is optimized with the Yoast SEO plugin v27.0 - https:\/\/yoast.com\/product\/yoast-seo-wordpress\/ -->\n<title>Tout sur la E-moto VOLTA - Ohmega Bikes<\/title>\n<meta name=\"description\" content=\"La moto \u00e9lectrique id\u00e9ale pour les navetteurs. Avec un range de 70 km et une vitesse maximale de 120km\/h, il sera votre partenaire id\u00e9al pour tout vos d\u00e9placement professionnels.\" \/>\n<meta name=\"robots\" content=\"index, follow, max-snippet:-1, max-image-preview:large, max-video-preview:-1\" \/>\n<link rel=\"canonical\" href=\"https:\/\/www.ohmega-bikes.be\/fr\/info\/tout-sur-la-moto-electrique-volta\/\" \/>\n<meta property=\"og:locale\" content=\"fr_FR\" \/>\n<meta property=\"og:type\" content=\"article\" \/>\n<meta property=\"og:title\" content=\"Tout sur la E-moto VOLTA - Ohmega Bikes\" \/>\n<meta property=\"og:description\" content=\"La moto \u00e9lectrique id\u00e9ale pour les navetteurs. Avec un range de 70 km et une vitesse maximale de 120km\/h, il sera votre partenaire id\u00e9al pour tout vos d\u00e9placement professionnels.\" \/>\n<meta property=\"og:url\" content=\"https:\/\/www.ohmega-bikes.be\/fr\/info\/tout-sur-la-moto-electrique-volta\/\" \/>\n<meta property=\"og:site_name\" content=\"Ohmega Bikes\" \/>\n<meta property=\"article:publisher\" content=\"https:\/\/www.facebook.com\/ohmegabikes\/\" \/>\n<meta property=\"article:modified_time\" content=\"2022-02-02T10:26:36+00:00\" \/>\n<meta property=\"og:image\" content=\"https:\/\/www.ohmega-bikes.be\/wp-content\/uploads\/2022\/01\/39eee751af30032eeece2f48de2de4ba_L.jpg\" \/>\n\t<meta property=\"og:image:width\" content=\"770\" \/>\n\t<meta property=\"og:image:height\" content=\"539\" \/>\n\t<meta property=\"og:image:type\" content=\"image\/jpeg\" \/>\n<meta name=\"twitter:card\" content=\"summary_large_image\" \/>\n<meta name=\"twitter:label1\" content=\"Dur\u00e9e de lecture estim\u00e9e\" \/>\n\t<meta name=\"twitter:data1\" content=\"3 minutes\" \/>\n<script type=\"application\/ld+json\" class=\"yoast-schema-graph\">{\"@context\":\"https:\/\/schema.org\",\"@graph\":[{\"@type\":\"WebPage\",\"@id\":\"https:\/\/www.ohmega-bikes.be\/fr\/info\/tout-sur-la-moto-electrique-volta\/\",\"url\":\"https:\/\/www.ohmega-bikes.be\/fr\/info\/tout-sur-la-moto-electrique-volta\/\",\"name\":\"Tout sur la E-moto VOLTA - Ohmega Bikes\",\"isPartOf\":{\"@id\":\"https:\/\/www.ohmega-bikes.be\/fr\/#website\"},\"primaryImageOfPage\":{\"@id\":\"https:\/\/www.ohmega-bikes.be\/fr\/info\/tout-sur-la-moto-electrique-volta\/#primaryimage\"},\"image\":{\"@id\":\"https:\/\/www.ohmega-bikes.be\/fr\/info\/tout-sur-la-moto-electrique-volta\/#primaryimage\"},\"thumbnailUrl\":\"https:\/\/www.ohmega-bikes.be\/wp-content\/uploads\/2022\/01\/39eee751af30032eeece2f48de2de4ba_L.jpg\",\"datePublished\":\"2022-01-14T13:56:56+00:00\",\"dateModified\":\"2022-02-02T10:26:36+00:00\",\"description\":\"La moto \u00e9lectrique id\u00e9ale pour les navetteurs. Avec un range de 70 km et une vitesse maximale de 120km\/h, il sera votre partenaire id\u00e9al pour tout vos d\u00e9placement professionnels.\",\"breadcrumb\":{\"@id\":\"https:\/\/www.ohmega-bikes.be\/fr\/info\/tout-sur-la-moto-electrique-volta\/#breadcrumb\"},\"inLanguage\":\"fr-FR\",\"potentialAction\":[{\"@type\":\"ReadAction\",\"target\":[\"https:\/\/www.ohmega-bikes.be\/fr\/info\/tout-sur-la-moto-electrique-volta\/\"]}]},{\"@type\":\"ImageObject\",\"inLanguage\":\"fr-FR\",\"@id\":\"https:\/\/www.ohmega-bikes.be\/fr\/info\/tout-sur-la-moto-electrique-volta\/#primaryimage\",\"url\":\"https:\/\/www.ohmega-bikes.be\/wp-content\/uploads\/2022\/01\/39eee751af30032eeece2f48de2de4ba_L.jpg\",\"contentUrl\":\"https:\/\/www.ohmega-bikes.be\/wp-content\/uploads\/2022\/01\/39eee751af30032eeece2f48de2de4ba_L.jpg\",\"width\":770,\"height\":539,\"caption\":\"Volta BCN Sport\"},{\"@type\":\"BreadcrumbList\",\"@id\":\"https:\/\/www.ohmega-bikes.be\/fr\/info\/tout-sur-la-moto-electrique-volta\/#breadcrumb\",\"itemListElement\":[{\"@type\":\"ListItem\",\"position\":1,\"name\":\"Start\",\"item\":\"https:\/\/www.ohmega-bikes.be\/fr\/\"},{\"@type\":\"ListItem\",\"position\":2,\"name\":\"Information\",\"item\":\"https:\/\/www.ohmega-bikes.be\/fr\/info\/\"},{\"@type\":\"ListItem\",\"position\":3,\"name\":\"Tout sur la E-moto VOLTA\"}]},{\"@type\":\"WebSite\",\"@id\":\"https:\/\/www.ohmega-bikes.be\/fr\/#website\",\"url\":\"https:\/\/www.ohmega-bikes.be\/fr\/\",\"name\":\"Ohmega Bikes\",\"description\":\"Just another WordPress site\",\"publisher\":{\"@id\":\"https:\/\/www.ohmega-bikes.be\/fr\/#organization\"},\"potentialAction\":[{\"@type\":\"SearchAction\",\"target\":{\"@type\":\"EntryPoint\",\"urlTemplate\":\"https:\/\/www.ohmega-bikes.be\/fr\/?s={search_term_string}\"},\"query-input\":{\"@type\":\"PropertyValueSpecification\",\"valueRequired\":true,\"valueName\":\"search_term_string\"}}],\"inLanguage\":\"fr-FR\"},{\"@type\":\"Organization\",\"@id\":\"https:\/\/www.ohmega-bikes.be\/fr\/#organization\",\"name\":\"Ohmega Bikes\",\"url\":\"https:\/\/www.ohmega-bikes.be\/fr\/\",\"logo\":{\"@type\":\"ImageObject\",\"inLanguage\":\"fr-FR\",\"@id\":\"https:\/\/www.ohmega-bikes.be\/fr\/#\/schema\/logo\/image\/\",\"url\":\"https:\/\/www.ohmega-bikes.be\/wp-content\/uploads\/2022\/01\/logo.png\",\"contentUrl\":\"https:\/\/www.ohmega-bikes.be\/wp-content\/uploads\/2022\/01\/logo.png\",\"width\":522,\"height\":108,\"caption\":\"Ohmega Bikes\"},\"image\":{\"@id\":\"https:\/\/www.ohmega-bikes.be\/fr\/#\/schema\/logo\/image\/\"},\"sameAs\":[\"https:\/\/www.facebook.com\/ohmegabikes\/\"]}]}<\/script>\n<!-- \/ Yoast SEO plugin. -->","yoast_head_json":{"title":"Tout sur la E-moto VOLTA - Ohmega Bikes","description":"La moto \u00e9lectrique id\u00e9ale pour les navetteurs. Avec un range de 70 km et une vitesse maximale de 120km\/h, il sera votre partenaire id\u00e9al pour tout vos d\u00e9placement professionnels.","robots":{"index":"index","follow":"follow","max-snippet":"max-snippet:-1","max-image-preview":"max-image-preview:large","max-video-preview":"max-video-preview:-1"},"canonical":"https:\/\/www.ohmega-bikes.be\/fr\/info\/tout-sur-la-moto-electrique-volta\/","og_locale":"fr_FR","og_type":"article","og_title":"Tout sur la E-moto VOLTA - Ohmega Bikes","og_description":"La moto \u00e9lectrique id\u00e9ale pour les navetteurs. Avec un range de 70 km et une vitesse maximale de 120km\/h, il sera votre partenaire id\u00e9al pour tout vos d\u00e9placement professionnels.","og_url":"https:\/\/www.ohmega-bikes.be\/fr\/info\/tout-sur-la-moto-electrique-volta\/","og_site_name":"Ohmega Bikes","article_publisher":"https:\/\/www.facebook.com\/ohmegabikes\/","article_modified_time":"2022-02-02T10:26:36+00:00","og_image":[{"width":770,"height":539,"url":"https:\/\/www.ohmega-bikes.be\/wp-content\/uploads\/2022\/01\/39eee751af30032eeece2f48de2de4ba_L.jpg","type":"image\/jpeg"}],"twitter_card":"summary_large_image","twitter_misc":{"Dur\u00e9e de lecture estim\u00e9e":"3 minutes"},"schema":{"@context":"https:\/\/schema.org","@graph":[{"@type":"WebPage","@id":"https:\/\/www.ohmega-bikes.be\/fr\/info\/tout-sur-la-moto-electrique-volta\/","url":"https:\/\/www.ohmega-bikes.be\/fr\/info\/tout-sur-la-moto-electrique-volta\/","name":"Tout sur la E-moto VOLTA - Ohmega Bikes","isPartOf":{"@id":"https:\/\/www.ohmega-bikes.be\/fr\/#website"},"primaryImageOfPage":{"@id":"https:\/\/www.ohmega-bikes.be\/fr\/info\/tout-sur-la-moto-electrique-volta\/#primaryimage"},"image":{"@id":"https:\/\/www.ohmega-bikes.be\/fr\/info\/tout-sur-la-moto-electrique-volta\/#primaryimage"},"thumbnailUrl":"https:\/\/www.ohmega-bikes.be\/wp-content\/uploads\/2022\/01\/39eee751af30032eeece2f48de2de4ba_L.jpg","datePublished":"2022-01-14T13:56:56+00:00","dateModified":"2022-02-02T10:26:36+00:00","description":"La moto \u00e9lectrique id\u00e9ale pour les navetteurs. Avec un range de 70 km et une vitesse maximale de 120km\/h, il sera votre partenaire id\u00e9al pour tout vos d\u00e9placement professionnels.","breadcrumb":{"@id":"https:\/\/www.ohmega-bikes.be\/fr\/info\/tout-sur-la-moto-electrique-volta\/#breadcrumb"},"inLanguage":"fr-FR","potentialAction":[{"@type":"ReadAction","target":["https:\/\/www.ohmega-bikes.be\/fr\/info\/tout-sur-la-moto-electrique-volta\/"]}]},{"@type":"ImageObject","inLanguage":"fr-FR","@id":"https:\/\/www.ohmega-bikes.be\/fr\/info\/tout-sur-la-moto-electrique-volta\/#primaryimage","url":"https:\/\/www.ohmega-bikes.be\/wp-content\/uploads\/2022\/01\/39eee751af30032eeece2f48de2de4ba_L.jpg","contentUrl":"https:\/\/www.ohmega-bikes.be\/wp-content\/uploads\/2022\/01\/39eee751af30032eeece2f48de2de4ba_L.jpg","width":770,"height":539,"caption":"Volta BCN Sport"},{"@type":"BreadcrumbList","@id":"https:\/\/www.ohmega-bikes.be\/fr\/info\/tout-sur-la-moto-electrique-volta\/#breadcrumb","itemListElement":[{"@type":"ListItem","position":1,"name":"Start","item":"https:\/\/www.ohmega-bikes.be\/fr\/"},{"@type":"ListItem","position":2,"name":"Information","item":"https:\/\/www.ohmega-bikes.be\/fr\/info\/"},{"@type":"ListItem","position":3,"name":"Tout sur la E-moto VOLTA"}]},{"@type":"WebSite","@id":"https:\/\/www.ohmega-bikes.be\/fr\/#website","url":"https:\/\/www.ohmega-bikes.be\/fr\/","name":"Ohmega Bikes","description":"Just another WordPress site","publisher":{"@id":"https:\/\/www.ohmega-bikes.be\/fr\/#organization"},"potentialAction":[{"@type":"SearchAction","target":{"@type":"EntryPoint","urlTemplate":"https:\/\/www.ohmega-bikes.be\/fr\/?s={search_term_string}"},"query-input":{"@type":"PropertyValueSpecification","valueRequired":true,"valueName":"search_term_string"}}],"inLanguage":"fr-FR"},{"@type":"Organization","@id":"https:\/\/www.ohmega-bikes.be\/fr\/#organization","name":"Ohmega Bikes","url":"https:\/\/www.ohmega-bikes.be\/fr\/","logo":{"@type":"ImageObject","inLanguage":"fr-FR","@id":"https:\/\/www.ohmega-bikes.be\/fr\/#\/schema\/logo\/image\/","url":"https:\/\/www.ohmega-bikes.be\/wp-content\/uploads\/2022\/01\/logo.png","contentUrl":"https:\/\/www.ohmega-bikes.be\/wp-content\/uploads\/2022\/01\/logo.png","width":522,"height":108,"caption":"Ohmega Bikes"},"image":{"@id":"https:\/\/www.ohmega-bikes.be\/fr\/#\/schema\/logo\/image\/"},"sameAs":["https:\/\/www.facebook.com\/ohmegabikes\/"]}]}},"_links":{"self":[{"href":"https:\/\/www.ohmega-bikes.be\/fr\/wp-json\/wp\/v2\/pages\/482","targetHints":{"allow":["GET"]}}],"collection":[{"href":"https:\/\/www.ohmega-bikes.be\/fr\/wp-json\/wp\/v2\/pages"}],"about":[{"href":"https:\/\/www.ohmega-bikes.be\/fr\/wp-json\/wp\/v2\/types\/page"}],"author":[{"embeddable":true,"href":"https:\/\/www.ohmega-bikes.be\/fr\/wp-json\/wp\/v2\/users\/1"}],"replies":[{"embeddable":true,"href":"https:\/\/www.ohmega-bikes.be\/fr\/wp-json\/wp\/v2\/comments?post=482"}],"version-history":[{"count":2,"href":"https:\/\/www.ohmega-bikes.be\/fr\/wp-json\/wp\/v2\/pages\/482\/revisions"}],"predecessor-version":[{"id":484,"href":"https:\/\/www.ohmega-bikes.be\/fr\/wp-json\/wp\/v2\/pages\/482\/revisions\/484"}],"up":[{"embeddable":true,"href":"https:\/\/www.ohmega-bikes.be\/fr\/wp-json\/wp\/v2\/pages\/355"}],"wp:featuredmedia":[{"embeddable":true,"href":"https:\/\/www.ohmega-bikes.be\/fr\/wp-json\/wp\/v2\/media\/446"}],"wp:attachment":[{"href":"https:\/\/www.ohmega-bikes.be\/fr\/wp-json\/wp\/v2\/media?parent=482"}],"curies":[{"name":"wp","href":"https:\/\/api.w.org\/{rel}","templated":true}]}}