{"id":554,"date":"2020-11-01T17:31:15","date_gmt":"2020-11-01T15:31:15","guid":{"rendered":"https:\/\/www.ohmega-bikes.be\/sitemap\/"},"modified":"2022-01-20T13:44:15","modified_gmt":"2022-01-20T11:44:15","slug":"sitemap","status":"publish","type":"page","link":"https:\/\/www.ohmega-bikes.be\/fr\/sitemap\/","title":{"rendered":"Sitemap"},"content":{"rendered":"<div class=\"wsp-container\"><h2 class=\"wsp-pages-title\">Pages<\/h2>\n<ul class=\"wsp-pages-list\">\n<li class=\"page_item page-item-548 current_page_parent\"><a href=\"https:\/\/www.ohmega-bikes.be\/fr\/actualite\/\">Actualit\u00e9<\/a><\/li>\n<li class=\"page_item page-item-538\"><a href=\"https:\/\/www.ohmega-bikes.be\/fr\/algemene-voorwaarden\/\">Algemene Voorwaarden<\/a><\/li>\n<li class=\"page_item page-item-1112\"><a href=\"https:\/\/www.ohmega-bikes.be\/fr\/boutique\/\">Boutique<\/a><\/li>\n<li class=\"page_item page-item-485\"><a href=\"https:\/\/www.ohmega-bikes.be\/fr\/contactez-nous\/\">Contactez-nous!<\/a><\/li>\n<li class=\"page_item page-item-355 page_item_has_children\"><a href=\"https:\/\/www.ohmega-bikes.be\/fr\/info\/\">Information<\/a>\n<ul class='children'>\n\t<li class=\"page_item page-item-479\"><a href=\"https:\/\/www.ohmega-bikes.be\/fr\/info\/guides-d-utilisateur\/\">Guide d&rsquo;utilisateurs<\/a><\/li>\n\t<li class=\"page_item page-item-476\"><a href=\"https:\/\/www.ohmega-bikes.be\/fr\/info\/questions-reponses\/\">Questions &#8211; R\u00e9ponses<\/a><\/li>\n\t<li class=\"page_item page-item-482\"><a href=\"https:\/\/www.ohmega-bikes.be\/fr\/info\/tout-sur-la-moto-electrique-volta\/\">Tout sur la E-moto VOLTA<\/a><\/li>\n\t<li class=\"page_item page-item-364\"><a href=\"https:\/\/www.ohmega-bikes.be\/fr\/info\/tout-sur-les-batteries\/\">Tout sur les batteries<\/a><\/li>\n\t<li class=\"page_item page-item-372\"><a href=\"https:\/\/www.ohmega-bikes.be\/fr\/info\/tout-sur-les-nouvelles-technologies\/\">Tout sur les nouvelles technologies<\/a><\/li>\n<\/ul>\n<\/li>\n<li class=\"page_item page-item-1115\"><a href=\"https:\/\/www.ohmega-bikes.be\/fr\/log-in\/\">Log In<\/a><\/li>\n<li class=\"page_item page-item-574\"><a href=\"https:\/\/www.ohmega-bikes.be\/fr\/\">Ohmega bikes elektrische fietsen \u2713 kwaliteitsmerken \u2713 eigen hersteldienst \u2713 uit stock leverbaar<\/a><\/li>\n<li class=\"page_item page-item-1113\"><a href=\"https:\/\/www.ohmega-bikes.be\/fr\/panier\/\">Panier<\/a><\/li>\n<li class=\"page_item page-item-540\"><a href=\"https:\/\/www.ohmega-bikes.be\/fr\/privacybeleid\/\">Privacybeleid<\/a><\/li>\n<li class=\"page_item page-item-554\"><a href=\"https:\/\/www.ohmega-bikes.be\/fr\/sitemap\/\">Sitemap<\/a><\/li>\n<li class=\"page_item page-item-1114\"><a href=\"https:\/\/www.ohmega-bikes.be\/fr\/validation\/\">Validation<\/a><\/li>\n<\/ul>\n<h2 class=\"wsp-posts-title\">Articles par cat\u00e9gorie<\/h2>\n<ul class=\"wsp-posts-list\">\n\t<li><strong class=\"wsp-category-title\">Cat\u00e9gorie\u00a0: <a href=\"https:\/\/www.ohmega-bikes.be\/fr\/actualite\/\">Actualit\u00e9<\/a><\/strong>\n<ul class=\"wsp-posts-list\">\t\t<li class=\"wsp-post\"><a href=\"https:\/\/www.ohmega-bikes.be\/fr\/actualite\/14-conseils-pour-rouler-en-velo-electrique-en-toute-securite-cet-automne\/\">14 Conseils pour rouler en v\u00e9lo \u00e9lectrique en toute s\u00e9curit\u00e9 cet automne<\/a><\/li>\n\t\t<li class=\"wsp-post\"><a href=\"https:\/\/www.ohmega-bikes.be\/fr\/actualite\/34-website-online\/\">De nieuwe website is online<\/a><\/li>\n\t\t<li class=\"wsp-post\"><a href=\"https:\/\/www.ohmega-bikes.be\/fr\/actualite\/35-velofollies\/\">Velofollies was een succes<\/a><\/li>\n\t\t<li class=\"wsp-post\"><a href=\"https:\/\/www.ohmega-bikes.be\/fr\/actualite\/41-open-zondag\/\">Voorstelling nieuw 2020 gamma op zondag 8 maart<\/a><\/li>\n\t\t<li class=\"wsp-post\"><a href=\"https:\/\/www.ohmega-bikes.be\/fr\/actualite\/7-volta-bcn-motorbikes\/\">Volta BCN motorbikes<\/a><\/li>\n\t\t<li class=\"wsp-post\"><a href=\"https:\/\/www.ohmega-bikes.be\/fr\/actualite\/aangepaste-openingsuren-eindejaar\/\">Aangepaste openingsuren Eindejaar<\/a><\/li>\n\t\t<li class=\"wsp-post\"><a href=\"https:\/\/www.ohmega-bikes.be\/fr\/actualite\/de-volta-motorfiets-komt-eraan\/\">De Volta motorfiets komt eraan<\/a><\/li>\n\t\t<li class=\"wsp-post\"><a href=\"https:\/\/www.ohmega-bikes.be\/fr\/actualite\/pourquoi-de-plus-en-plus-dentreprises-optent-pour-le-e-bike\/\">Pourquoi de plus en plus d&rsquo;entreprises optent pour le e-bike<\/a><\/li>\n<\/ul><\/li>\n<\/ul>\n<h2 class=\"wsp-products-title\">Produits<\/h2>\n<ul class=\"wsp-products-list\">\n<li><a href=\"https:\/\/www.ohmega-bikes.be\/fr\/product\/pegasus-evo-cx-750-trapeze\/\">PEGASUS Evo CX 750 - TRAPEZE<\/a><\/li>\n<li><a href=\"https:\/\/www.ohmega-bikes.be\/fr\/product\/kettler-quadriga-town-country\/\">KETTLER Quadriga Town &amp; Country<\/a><\/li>\n<li><a href=\"https:\/\/www.ohmega-bikes.be\/fr\/product\/pegasus-solero-e8-sport-performance-trapeze\/\">PEGASUS Solero E8 Sport performance - TRAPEZE<\/a><\/li>\n<li><a href=\"https:\/\/www.ohmega-bikes.be\/fr\/product\/pegasus-solero-e-8-sport-performance\/\">PEGASUS Solero E8 Sport performance - HEER<\/a><\/li>\n<li><a href=\"https:\/\/www.ohmega-bikes.be\/fr\/product\/pegasus-solero-evo-9-trapeze\/\">PEGASUS Solero EVO 9 - TRAPEZE<\/a><\/li>\n<li><a href=\"https:\/\/www.ohmega-bikes.be\/fr\/product\/pegasus-solero-evo-9-lage-instap\/\">PEGASUS Solero EVO 9 - LAGE INSTAP<\/a><\/li>\n<li><a href=\"https:\/\/www.ohmega-bikes.be\/fr\/produit\/solero-evo-9-t\/\">Solero EVO 9 - Mixte<\/a><\/li>\n<li><a href=\"https:\/\/www.ohmega-bikes.be\/fr\/product\/pegasus-solero-evo-9-heer\/\">PEGASUS Solero EVO 9 - HEER<\/a><\/li>\n<li><a href=\"https:\/\/www.ohmega-bikes.be\/fr\/product\/pegasus-solero-e8-plus-lage-instap\/\">PEGASUS Solero E8 Plus - LAGE INSTAP<\/a><\/li>\n<li><a href=\"https:\/\/www.ohmega-bikes.be\/fr\/product\/pegasus-solero-e8-plus-22\/\">PEGASUS Solero E8 Plus - HEER<\/a><\/li>\n<li><a href=\"https:\/\/www.ohmega-bikes.be\/fr\/product\/pegasus-solero-e8-plus-trapeze\/\">PEGASUS Solero E8 Plus - TRAPEZE<\/a><\/li>\n<li><a href=\"https:\/\/www.ohmega-bikes.be\/fr\/produit\/solero-e8-sportperf\/\">Solero E8 Sport Performance<\/a><\/li>\n<li><a href=\"https:\/\/www.ohmega-bikes.be\/fr\/produit\/solero-e8p-m\/\">Solero E8 PLUS - Mixte<\/a><\/li>\n<li><a href=\"https:\/\/www.ohmega-bikes.be\/fr\/produit\/tec-evo-auto\/\">TECARO EVO NV Belt Automatik<\/a><\/li>\n<li><a href=\"https:\/\/www.ohmega-bikes.be\/fr\/produit\/eno-evo-10-h\/\">ENOVO EVO 10 - Heer<\/a><\/li>\n<li><a href=\"https:\/\/www.ohmega-bikes.be\/fr\/produit\/sol-e8-spperf-m\/\">Solero E8 Sport Performance - Mixte<\/a><\/li>\n<li><a href=\"https:\/\/www.ohmega-bikes.be\/fr\/produit\/tec-evo-auto-h\/\">TECARO EVO NV Belt Automatik - Heer<\/a><\/li>\n<li><a href=\"https:\/\/www.ohmega-bikes.be\/fr\/produit\/sol-e8-spperf-h\/\">Solero E8 Sport Performance - Heer<\/a><\/li>\n<li><a href=\"https:\/\/www.ohmega-bikes.be\/fr\/produit\/evo9-speced\/\">Solero EVO 9 Special Edition<\/a><\/li>\n<li><a href=\"https:\/\/www.ohmega-bikes.be\/fr\/produit\/solero-evo-9-h\/\">Solero EVO 9 - Homme<\/a><\/li>\n<li><a href=\"https:\/\/www.ohmega-bikes.be\/fr\/produit\/urban-arrow-cargo\/\">Urban Arrow Cargo<\/a><\/li>\n<li><a href=\"https:\/\/www.ohmega-bikes.be\/fr\/produit\/solero-evo9\/\">Solero EVO 9<\/a><\/li>\n<li><a href=\"https:\/\/www.ohmega-bikes.be\/fr\/produit\/solero-e8p-d\/\">Solero E8 Plus<\/a><\/li>\n<li><a href=\"https:\/\/www.ohmega-bikes.be\/fr\/produit\/solero-e8p-h\/\">Solero E8 PLUS - Hoome<\/a><\/li>\n<li><a href=\"https:\/\/www.ohmega-bikes.be\/fr\/produit\/en-evo-10\/\">ENOVO EVO 10<\/a><\/li>\n<li><a href=\"https:\/\/www.ohmega-bikes.be\/fr\/product\/premio-evo-5f-belt-heer\/\">PREMIO EVO 5F BELT - Heer<\/a><\/li>\n<\/ul>\n<h2 class=\"wsp-product_cats-title\">Cat\u00e9gories de produits<\/h2>\n<ul class=\"wsp-product_cats-list\">\n<li><a href=\"https:\/\/www.ohmega-bikes.be\/fr\/cat\u00e9gorie-de-produit\/velos\/\">V\u00e9los<\/a><\/li>\n<li><a href=\"https:\/\/www.ohmega-bikes.be\/fr\/cat\u00e9gorie-de-produit\/velos\/outlet\/\">Promos<\/a><\/li>\n<li><a href=\"https:\/\/www.ohmega-bikes.be\/fr\/cat\u00e9gorie-de-produit\/velos\/pegasus\/\">Pegasus<\/a><\/li>\n<\/ul>\n<h2 class=\"wsp-pa_achterverings-title\">Produit Achtervering<\/h2>\n<ul class=\"wsp-pa_achterverings-list\">\n<li><a href=\"https:\/\/www.ohmega-bikes.be\/fr\/achtervering\/n-a-fr\/\">N\/A<\/a><\/li>\n<li><a href=\"https:\/\/www.ohmega-bikes.be\/fr\/achtervering\/non\/\">Non<\/a><\/li>\n<\/ul>\n<h2 class=\"wsp-pa_bandens-title\">Produit Banden<\/h2>\n<ul class=\"wsp-pa_bandens-list\">\n<li><a href=\"https:\/\/www.ohmega-bikes.be\/fr\/banden\/schwalbe-big-apple-plus-fr\/\">Schwalbe Big Apple Plus<\/a><\/li>\n<li><a href=\"https:\/\/www.ohmega-bikes.be\/fr\/banden\/schwalbe-energizer-plus-perf-fr\/\">Schwalbe Energizer Plus Perf.<\/a><\/li>\n<li><a href=\"https:\/\/www.ohmega-bikes.be\/fr\/banden\/schwalbe-marathon-almotion-fr\/\">Schwalbe Marathon Almotion<\/a><\/li>\n<li><a href=\"https:\/\/www.ohmega-bikes.be\/fr\/banden\/supero-optima-safe-fr\/\">Supero Optima Safe<\/a><\/li>\n<\/ul>\n<h2 class=\"wsp-pa_batterijs-title\">Produit Batterij<\/h2>\n<ul class=\"wsp-pa_batterijs-list\">\n<li><a href=\"https:\/\/www.ohmega-bikes.be\/fr\/batterij\/36-v-625wh-fr\/\">36 V - 625Wh<\/a><\/li>\n<li><a href=\"https:\/\/www.ohmega-bikes.be\/fr\/batterij\/36v-400-wh-fr\/\">36V - 400 Wh<\/a><\/li>\n<li><a href=\"https:\/\/www.ohmega-bikes.be\/fr\/batterij\/36v-500-wh-fr\/\">36V - 500 Wh<\/a><\/li>\n<li><a href=\"https:\/\/www.ohmega-bikes.be\/fr\/batterij\/500-wh-fr\/\">500 Wh<\/a><\/li>\n<li><a href=\"https:\/\/www.ohmega-bikes.be\/fr\/batterij\/integree-625-wh\/\">Int\u00e9gr\u00e9e - 625 Wh<\/a><\/li>\n<li><a href=\"https:\/\/www.ohmega-bikes.be\/fr\/batterij\/power-tube-integre-625wh\/\">Power Tube int\u00e9gr\u00e9 - 625 Wh<\/a><\/li>\n<li><a href=\"https:\/\/www.ohmega-bikes.be\/fr\/batterij\/powertube-625-wh-fr\/\">PowerTube 625 Wh<\/a><\/li>\n<\/ul>\n<h2 class=\"wsp-pa_displays-title\">Produit Display<\/h2>\n<ul class=\"wsp-pa_displays-list\">\n<li><a href=\"https:\/\/www.ohmega-bikes.be\/fr\/display\/bosch-intuvia-fr\/\">Bosch Intuvia<\/a><\/li>\n<li><a href=\"https:\/\/www.ohmega-bikes.be\/fr\/display\/intuvia-fr\/\">Intuvia<\/a><\/li>\n<li><a href=\"https:\/\/www.ohmega-bikes.be\/fr\/display\/kiox-fr\/\">KIOX<\/a><\/li>\n<\/ul>\n<h2 class=\"wsp-pa_duimgasknops-title\">Produit Duimgasknop<\/h2>\n<ul class=\"wsp-pa_duimgasknops-list\">\n<li><a href=\"https:\/\/www.ohmega-bikes.be\/fr\/duimgasknop\/oui\/\">Oui<\/a><\/li>\n<\/ul>\n<h2 class=\"wsp-pa_kies-een-kadermaats-title\">Produit Kies een kadermaat<\/h2>\n<ul class=\"wsp-pa_kies-een-kadermaats-list\">\n<li><a href=\"https:\/\/www.ohmega-bikes.be\/fr\/kies-een-kadermaat\/40-41-42-43-fr\/\">40 - 41 - 42 - 43<\/a><\/li>\n<li><a href=\"https:\/\/www.ohmega-bikes.be\/fr\/kies-een-kadermaat\/45-46-47-fr\/\">45 - 46 - 47<\/a><\/li>\n<li><a href=\"https:\/\/www.ohmega-bikes.be\/fr\/kies-een-kadermaat\/48-50-52-fr\/\">48 - 50 - 52<\/a><\/li>\n<li><a href=\"https:\/\/www.ohmega-bikes.be\/fr\/kies-een-kadermaat\/53-54-55-fr\/\">53 - 54 - 55<\/a><\/li>\n<li><a href=\"https:\/\/www.ohmega-bikes.be\/fr\/kies-een-kadermaat\/56-58-fr\/\">56-58<\/a><\/li>\n<li><a href=\"https:\/\/www.ohmega-bikes.be\/fr\/kies-een-kadermaat\/60-61-fr\/\">60-61<\/a><\/li>\n<\/ul>\n<h2 class=\"wsp-pa_kies-het-versnellingsysteems-title\">Produit Kies het versnellingsysteem<\/h2>\n<ul class=\"wsp-pa_kies-het-versnellingsysteems-list\">\n<li><a href=\"https:\/\/www.ohmega-bikes.be\/fr\/kies-het-versnellingsysteem\/derailleur-fr-2\/\">D\u00e9railleur<\/a><\/li>\n<li><a href=\"https:\/\/www.ohmega-bikes.be\/fr\/kies-het-versnellingsysteem\/engrenages-de-moyeu\/\">Engrenages de moyeu<\/a><\/li>\n<\/ul>\n<h2 class=\"wsp-pa_kies-je-types-title\">Produit Kies je type<\/h2>\n<ul class=\"wsp-pa_kies-je-types-list\">\n<li><a href=\"https:\/\/www.ohmega-bikes.be\/fr\/kies-je-type\/cadre-homme\/\">Cadre Homme<\/a><\/li>\n<li><a href=\"https:\/\/www.ohmega-bikes.be\/fr\/kies-je-type\/entree-basse\/\">Entr\u00e9e basse<\/a><\/li>\n<li><a href=\"https:\/\/www.ohmega-bikes.be\/fr\/kies-je-type\/trapeze-fr\/\">Trap\u00e8ze<\/a><\/li>\n<\/ul>\n<h2 class=\"wsp-pa_kies-motormerks-title\">Produit Kies motormerk<\/h2>\n<ul class=\"wsp-pa_kies-motormerks-list\">\n<li><a href=\"https:\/\/www.ohmega-bikes.be\/fr\/kies-motormerk\/bosch-fr\/\">Bosch<\/a><\/li>\n<li><a href=\"https:\/\/www.ohmega-bikes.be\/fr\/kies-motormerk\/panasonic-fr\/\">Panasonic<\/a><\/li>\n<\/ul>\n<h2 class=\"wsp-pa_motors-title\">Produit Motor<\/h2>\n<ul class=\"wsp-pa_motors-list\">\n<li><a href=\"https:\/\/www.ohmega-bikes.be\/fr\/motor\/bosch-active-line-plus-250-watt-fr\/\">Bosch Active Line PLUS - 250 Watt<\/a><\/li>\n<li><a href=\"https:\/\/www.ohmega-bikes.be\/fr\/motor\/bosch-performance-cx-250-watt-fr\/\">Bosch Performance CX - 250 Watt<\/a><\/li>\n<li><a href=\"https:\/\/www.ohmega-bikes.be\/fr\/motor\/bosch-performance-line-cx-250-watt-fr\/\">Bosch Performance Line CX - 250 Watt<\/a><\/li>\n<li><a href=\"https:\/\/www.ohmega-bikes.be\/fr\/motor\/bosch-performance-line-gen3-250-watt-fr\/\">Bosch Performance Line GEN3 - 250 Watt<\/a><\/li>\n<li><a href=\"https:\/\/www.ohmega-bikes.be\/fr\/motor\/moteur-central-bosch-performance-cx\/\">Middenmotor - Bosch Performance CX<\/a><\/li>\n<li><a href=\"https:\/\/www.ohmega-bikes.be\/fr\/motor\/moteur-central-bosch-performance\/\">Moteur central - Bosch Performance<\/a><\/li>\n<li><a href=\"https:\/\/www.ohmega-bikes.be\/fr\/motor\/moteur-central-bosch-performance-line\/\">Moteur central - Bosch Performance Line<\/a><\/li>\n<li><a href=\"https:\/\/www.ohmega-bikes.be\/fr\/motor\/moteur-central-bosch-performance-line-generation3\/\">Moteur central \u2013 Bosch Performance Line Generation3<\/a><\/li>\n<li><a href=\"https:\/\/www.ohmega-bikes.be\/fr\/motor\/moteur-central-panasonic-gx-ultimate-250-watt\/\">Moteur central : Panasonic GX Ultimate \u2013 250 Watt<\/a><\/li>\n<li><a href=\"https:\/\/www.ohmega-bikes.be\/fr\/motor\/moteur-central-bosch-performance-line-cx-250-watt\/\">Moteur central Bosch Performance Line CX - 250 Watt<\/a><\/li>\n<li><a href=\"https:\/\/www.ohmega-bikes.be\/fr\/motor\/moteur-central-bosch-performance-line-gen3-250-watt\/\">Moteur central Bosch Performance Line Gen3 - 250 Watt<\/a><\/li>\n<li><a href=\"https:\/\/www.ohmega-bikes.be\/fr\/motor\/moteur-central-bosh-active-line-plus-250-watt\/\">Moteur central Bosh Active Line Plus - 250 Watt<\/a><\/li>\n<li><a href=\"https:\/\/www.ohmega-bikes.be\/fr\/motor\/moteur-de-roue-arriere-250-watt\/\">Moteur de roue arri\u00e8re - 250 Watt<\/a><\/li>\n<\/ul>\n<h2 class=\"wsp-pa_remmens-title\">Produit Remmen<\/h2>\n<ul class=\"wsp-pa_remmens-list\">\n<li><a href=\"https:\/\/www.ohmega-bikes.be\/fr\/remmen\/freins-a-disque-hydrauliques\/\">Freins \u00e0 disque hydrauliques<\/a><\/li>\n<li><a href=\"https:\/\/www.ohmega-bikes.be\/fr\/remmen\/freins-a-disque-hydrauliques-zee-disc\/\">Freins \u00e0 disque hydrauliques - ZEE disc<\/a><\/li>\n<\/ul>\n<h2 class=\"wsp-pa_velgens-title\">Produit Velgen<\/h2>\n<ul class=\"wsp-pa_velgens-list\">\n<li><a href=\"https:\/\/www.ohmega-bikes.be\/fr\/velgen\/ddm-2-fr\/\">DDM-2<\/a><\/li>\n<li><a href=\"https:\/\/www.ohmega-bikes.be\/fr\/velgen\/mach-1-neo-disc-fr\/\">Mach 1 Neo Disc<\/a><\/li>\n<li><a href=\"https:\/\/www.ohmega-bikes.be\/fr\/velgen\/ryde-taurus-2000-fr\/\">Ryde Taurus 2000<\/a><\/li>\n<li><a href=\"https:\/\/www.ohmega-bikes.be\/fr\/velgen\/styx-ddm-2-fr\/\">STYX DDM-2<\/a><\/li>\n<\/ul>\n<h2 class=\"wsp-pa_versnellingens-title\">Produit Versnellingen<\/h2>\n<ul class=\"wsp-pa_versnellingens-list\">\n<li><a href=\"https:\/\/www.ohmega-bikes.be\/fr\/versnellingen\/derailleur-10-vitesses\/\">D\u00e9railleur - 10 vitesses<\/a><\/li>\n<li><a href=\"https:\/\/www.ohmega-bikes.be\/fr\/versnellingen\/derailleur-10-vitesses-fr\/\">D\u00e9railleur - 10 vitesses<\/a><\/li>\n<li><a href=\"https:\/\/www.ohmega-bikes.be\/fr\/versnellingen\/derailleur-8-vitesses\/\">D\u00e9railleur - 8 vitesses<\/a><\/li>\n<li><a href=\"https:\/\/www.ohmega-bikes.be\/fr\/versnellingen\/derailleur-9-vitesses\/\">D\u00e9railleur \u2013 9 vitesses<\/a><\/li>\n<li><a href=\"https:\/\/www.ohmega-bikes.be\/fr\/versnellingen\/vitesse-dans-le-moyeu-nu-vinci\/\">Vitesse dans le moyeu \u2013 Nu Vinci<\/a><\/li>\n<li><a href=\"https:\/\/www.ohmega-bikes.be\/fr\/versnellingen\/vitesses-de-moyeux-enviolo-nu-vinci-tr-automatic\/\">Vitesses de moyeux : Enviolo Nu Vinci TR Automatic<\/a><\/li>\n<\/ul>\n<h2 class=\"wsp-pa_voorbouw-speedlifter-twists-title\">Produit Voorbouw speedlifter twist<\/h2>\n<ul class=\"wsp-pa_voorbouw-speedlifter-twists-list\">\n<li><a href=\"https:\/\/www.ohmega-bikes.be\/fr\/voorbouw-speedlifter-twist\/n-a-fr\/\">N\/A<\/a><\/li>\n<li><a href=\"https:\/\/www.ohmega-bikes.be\/fr\/voorbouw-speedlifter-twist\/non\/\">Non<\/a><\/li>\n<\/ul>\n<h2 class=\"wsp-pa_voorverings-title\">Produit Voorvering<\/h2>\n<ul class=\"wsp-pa_voorverings-list\">\n<li><a href=\"https:\/\/www.ohmega-bikes.be\/fr\/voorvering\/oui\/\">Oui<\/a><\/li>\n<li><a href=\"https:\/\/www.ohmega-bikes.be\/fr\/voorvering\/sr-suntour-nex-e-25-fr\/\">SR Suntour NEX E 25<\/a><\/li>\n<li><a href=\"https:\/\/www.ohmega-bikes.be\/fr\/voorvering\/sr-suntour-nex-e25-fr\/\">SR Suntour NEX E25<\/a><\/li>\n<li><a href=\"https:\/\/www.ohmega-bikes.be\/fr\/voorvering\/sr-suntour-sf17-ncx-e-lo-air-fr\/\">SR Suntour SF17 NCX-E LO Air<\/a><\/li>\n<li><a href=\"https:\/\/www.ohmega-bikes.be\/fr\/voorvering\/sr-suntour-mobie-25-1-5-fr\/\">SR-Suntour Mobie-25-1.5<\/a><\/li>\n<\/ul>\n<h2 class=\"wsp-pa_zadelpens-title\">Produit Zadelpen<\/h2>\n<ul class=\"wsp-pa_zadelpens-list\">\n<li><a href=\"https:\/\/www.ohmega-bikes.be\/fr\/zadelpen\/fixe-fr\/\">Fixe<\/a><\/li>\n<li><a href=\"https:\/\/www.ohmega-bikes.be\/fr\/zadelpen\/fixe\/\">Fixe<\/a><\/li>\n<li><a href=\"https:\/\/www.ohmega-bikes.be\/fr\/zadelpen\/suspension\/\">Suspension<\/a><\/li>\n<\/ul>\n<\/div>\n","protected":false},"excerpt":{"rendered":"","protected":false},"author":1,"featured_media":0,"parent":0,"menu_order":0,"comment_status":"closed","ping_status":"closed","template":"","meta":{"_acf_changed":false,"inline_featured_image":false,"footnotes":""},"class_list":["post-554","page","type-page","status-publish","hentry"],"acf":[],"yoast_head":"<!-- This site is optimized with the Yoast SEO plugin v27.0 - https:\/\/yoast.com\/product\/yoast-seo-wordpress\/ -->\n<title>Sitemap - Ohmega Bikes<\/title>\n<meta name=\"robots\" content=\"index, follow, max-snippet:-1, max-image-preview:large, max-video-preview:-1\" \/>\n<link rel=\"canonical\" href=\"https:\/\/www.ohmega-bikes.be\/fr\/sitemap\/\" \/>\n<meta property=\"og:locale\" content=\"fr_FR\" \/>\n<meta property=\"og:type\" content=\"article\" \/>\n<meta property=\"og:title\" content=\"Sitemap - Ohmega Bikes\" \/>\n<meta property=\"og:url\" content=\"https:\/\/www.ohmega-bikes.be\/fr\/sitemap\/\" \/>\n<meta property=\"og:site_name\" content=\"Ohmega Bikes\" \/>\n<meta property=\"article:publisher\" content=\"https:\/\/www.facebook.com\/ohmegabikes\/\" \/>\n<meta property=\"article:modified_time\" content=\"2022-01-20T11:44:15+00:00\" \/>\n<meta name=\"twitter:card\" content=\"summary_large_image\" \/>\n<script type=\"application\/ld+json\" class=\"yoast-schema-graph\">{\"@context\":\"https:\/\/schema.org\",\"@graph\":[{\"@type\":\"WebPage\",\"@id\":\"https:\/\/www.ohmega-bikes.be\/fr\/sitemap\/\",\"url\":\"https:\/\/www.ohmega-bikes.be\/fr\/sitemap\/\",\"name\":\"Sitemap - Ohmega Bikes\",\"isPartOf\":{\"@id\":\"https:\/\/www.ohmega-bikes.be\/fr\/#website\"},\"datePublished\":\"2020-11-01T15:31:15+00:00\",\"dateModified\":\"2022-01-20T11:44:15+00:00\",\"breadcrumb\":{\"@id\":\"https:\/\/www.ohmega-bikes.be\/fr\/sitemap\/#breadcrumb\"},\"inLanguage\":\"fr-FR\",\"potentialAction\":[{\"@type\":\"ReadAction\",\"target\":[\"https:\/\/www.ohmega-bikes.be\/fr\/sitemap\/\"]}]},{\"@type\":\"BreadcrumbList\",\"@id\":\"https:\/\/www.ohmega-bikes.be\/fr\/sitemap\/#breadcrumb\",\"itemListElement\":[{\"@type\":\"ListItem\",\"position\":1,\"name\":\"Start\",\"item\":\"https:\/\/www.ohmega-bikes.be\/fr\/\"},{\"@type\":\"ListItem\",\"position\":2,\"name\":\"Sitemap\"}]},{\"@type\":\"WebSite\",\"@id\":\"https:\/\/www.ohmega-bikes.be\/fr\/#website\",\"url\":\"https:\/\/www.ohmega-bikes.be\/fr\/\",\"name\":\"Ohmega Bikes\",\"description\":\"Just another WordPress site\",\"publisher\":{\"@id\":\"https:\/\/www.ohmega-bikes.be\/fr\/#organization\"},\"potentialAction\":[{\"@type\":\"SearchAction\",\"target\":{\"@type\":\"EntryPoint\",\"urlTemplate\":\"https:\/\/www.ohmega-bikes.be\/fr\/?s={search_term_string}\"},\"query-input\":{\"@type\":\"PropertyValueSpecification\",\"valueRequired\":true,\"valueName\":\"search_term_string\"}}],\"inLanguage\":\"fr-FR\"},{\"@type\":\"Organization\",\"@id\":\"https:\/\/www.ohmega-bikes.be\/fr\/#organization\",\"name\":\"Ohmega Bikes\",\"url\":\"https:\/\/www.ohmega-bikes.be\/fr\/\",\"logo\":{\"@type\":\"ImageObject\",\"inLanguage\":\"fr-FR\",\"@id\":\"https:\/\/www.ohmega-bikes.be\/fr\/#\/schema\/logo\/image\/\",\"url\":\"https:\/\/www.ohmega-bikes.be\/wp-content\/uploads\/2022\/01\/logo.png\",\"contentUrl\":\"https:\/\/www.ohmega-bikes.be\/wp-content\/uploads\/2022\/01\/logo.png\",\"width\":522,\"height\":108,\"caption\":\"Ohmega Bikes\"},\"image\":{\"@id\":\"https:\/\/www.ohmega-bikes.be\/fr\/#\/schema\/logo\/image\/\"},\"sameAs\":[\"https:\/\/www.facebook.com\/ohmegabikes\/\"]}]}<\/script>\n<!-- \/ Yoast SEO plugin. -->","yoast_head_json":{"title":"Sitemap - Ohmega Bikes","robots":{"index":"index","follow":"follow","max-snippet":"max-snippet:-1","max-image-preview":"max-image-preview:large","max-video-preview":"max-video-preview:-1"},"canonical":"https:\/\/www.ohmega-bikes.be\/fr\/sitemap\/","og_locale":"fr_FR","og_type":"article","og_title":"Sitemap - Ohmega Bikes","og_url":"https:\/\/www.ohmega-bikes.be\/fr\/sitemap\/","og_site_name":"Ohmega Bikes","article_publisher":"https:\/\/www.facebook.com\/ohmegabikes\/","article_modified_time":"2022-01-20T11:44:15+00:00","twitter_card":"summary_large_image","schema":{"@context":"https:\/\/schema.org","@graph":[{"@type":"WebPage","@id":"https:\/\/www.ohmega-bikes.be\/fr\/sitemap\/","url":"https:\/\/www.ohmega-bikes.be\/fr\/sitemap\/","name":"Sitemap - Ohmega Bikes","isPartOf":{"@id":"https:\/\/www.ohmega-bikes.be\/fr\/#website"},"datePublished":"2020-11-01T15:31:15+00:00","dateModified":"2022-01-20T11:44:15+00:00","breadcrumb":{"@id":"https:\/\/www.ohmega-bikes.be\/fr\/sitemap\/#breadcrumb"},"inLanguage":"fr-FR","potentialAction":[{"@type":"ReadAction","target":["https:\/\/www.ohmega-bikes.be\/fr\/sitemap\/"]}]},{"@type":"BreadcrumbList","@id":"https:\/\/www.ohmega-bikes.be\/fr\/sitemap\/#breadcrumb","itemListElement":[{"@type":"ListItem","position":1,"name":"Start","item":"https:\/\/www.ohmega-bikes.be\/fr\/"},{"@type":"ListItem","position":2,"name":"Sitemap"}]},{"@type":"WebSite","@id":"https:\/\/www.ohmega-bikes.be\/fr\/#website","url":"https:\/\/www.ohmega-bikes.be\/fr\/","name":"Ohmega Bikes","description":"Just another WordPress site","publisher":{"@id":"https:\/\/www.ohmega-bikes.be\/fr\/#organization"},"potentialAction":[{"@type":"SearchAction","target":{"@type":"EntryPoint","urlTemplate":"https:\/\/www.ohmega-bikes.be\/fr\/?s={search_term_string}"},"query-input":{"@type":"PropertyValueSpecification","valueRequired":true,"valueName":"search_term_string"}}],"inLanguage":"fr-FR"},{"@type":"Organization","@id":"https:\/\/www.ohmega-bikes.be\/fr\/#organization","name":"Ohmega Bikes","url":"https:\/\/www.ohmega-bikes.be\/fr\/","logo":{"@type":"ImageObject","inLanguage":"fr-FR","@id":"https:\/\/www.ohmega-bikes.be\/fr\/#\/schema\/logo\/image\/","url":"https:\/\/www.ohmega-bikes.be\/wp-content\/uploads\/2022\/01\/logo.png","contentUrl":"https:\/\/www.ohmega-bikes.be\/wp-content\/uploads\/2022\/01\/logo.png","width":522,"height":108,"caption":"Ohmega Bikes"},"image":{"@id":"https:\/\/www.ohmega-bikes.be\/fr\/#\/schema\/logo\/image\/"},"sameAs":["https:\/\/www.facebook.com\/ohmegabikes\/"]}]}},"_links":{"self":[{"href":"https:\/\/www.ohmega-bikes.be\/fr\/wp-json\/wp\/v2\/pages\/554","targetHints":{"allow":["GET"]}}],"collection":[{"href":"https:\/\/www.ohmega-bikes.be\/fr\/wp-json\/wp\/v2\/pages"}],"about":[{"href":"https:\/\/www.ohmega-bikes.be\/fr\/wp-json\/wp\/v2\/types\/page"}],"author":[{"embeddable":true,"href":"https:\/\/www.ohmega-bikes.be\/fr\/wp-json\/wp\/v2\/users\/1"}],"replies":[{"embeddable":true,"href":"https:\/\/www.ohmega-bikes.be\/fr\/wp-json\/wp\/v2\/comments?post=554"}],"version-history":[{"count":1,"href":"https:\/\/www.ohmega-bikes.be\/fr\/wp-json\/wp\/v2\/pages\/554\/revisions"}],"predecessor-version":[{"id":556,"href":"https:\/\/www.ohmega-bikes.be\/fr\/wp-json\/wp\/v2\/pages\/554\/revisions\/556"}],"wp:attachment":[{"href":"https:\/\/www.ohmega-bikes.be\/fr\/wp-json\/wp\/v2\/media?parent=554"}],"curies":[{"name":"wp","href":"https:\/\/api.w.org\/{rel}","templated":true}]}}