{"id":1202,"date":"2022-01-26T00:01:39","date_gmt":"2022-01-25T22:01:39","guid":{"rendered":"https:\/\/www.ohmega-bikes.be\/product\/tec-evo-auto-h\/"},"modified":"2022-02-02T15:38:05","modified_gmt":"2022-02-02T13:38:05","slug":"tec-evo-auto-h","status":"publish","type":"product","link":"https:\/\/www.ohmega-bikes.be\/fr\/produit\/tec-evo-auto-h\/","title":{"rendered":"TECARO EVO NV Belt Automatik &#8211; Heer"},"content":{"rendered":"<p>Ce v\u00e9lo \u00e9lectrique est tout simplement \u00ab\u00a0complet\u00a0\u00bb et r\u00e9ponds \u00e0 toutes les exigences du cycliste fr\u00e9quent. Le courroie carbone Gates CDX en combinaison avec les vitesses de moyeux automatiques Enviolo Nu Vinci Automatic permettent de faire beaucoup de kilom\u00e8tres sans entretien. Avec son moteur Bosch Performance CX, qui a un couple de 85 Nm et sa batterie, int\u00e9gr\u00e9 dans le cadre, de 625 Wh vous \u00eates bon pour plusieurs kilom\u00e8tres sans recharger.<\/p>\n<p>Pour am\u00e9liorer votre confort, ce v\u00e9lo Tecaro est \u00e9quipe d\u2019un guidon r\u00e9glable. Ce sui vous permets d\u2019adapter la hauteur facilement pour am\u00e9liorer votre confort de conduite. En m\u00eame temps le guidon se repli en ligne avec le v\u00e9lo, ce si vous permets de le garer sur une espace r\u00e9duite ou vous facilite quand vous le transportez sur votre voiture.<\/p>\n<p>Ce v\u00e9lo cadre homme est disponible dans les tailles 50, 55 et 60<\/p>\n<p>La couleur est Gris mat avec finition rouge<\/p>\n","protected":false},"excerpt":{"rendered":"<p>Ce v\u00e9lo est \u00e9quip\u00e9 avec les nouvelles technologies de v\u00e9lo. Des vitesses de moyeux Enviolo Nu Vinci automatiques, une courroie en carbone Gates CDX, un moteur Bosch Performance CX et une batterie de 625 Wh, compl\u00e9t\u00e9 d\u2019un display Kiox multifonctionnel. Un v\u00e9lo de haute technologie pour tous ceux qui choisissent consciemment pour faire beaucoup de kilom\u00e8tres de mani\u00e8re tr\u00e8s confortable.<\/p>\n","protected":false},"featured_media":972,"comment_status":"closed","ping_status":"closed","template":"","meta":{"_acf_changed":false,"inline_featured_image":false},"product_cat":[159,382],"product_tag":[],"class_list":{"0":"post-1202","1":"product","2":"type-product","3":"status-publish","4":"has-post-thumbnail","6":"product_cat-velos","7":"product_cat-pegasus","8":"pa_achtervering-non","9":"pa_banden-schwalbe-energizer-plus-perf-fr","10":"pa_batterij-integree-625-wh","11":"pa_display-kiox-fr","12":"pa_duimgasknop-oui","13":"pa_kies-een-kadermaat-53-54-55-fr","14":"pa_kies-een-kadermaat-60-61-fr","15":"pa_kies-het-versnellingsysteem-engrenages-de-moyeu","16":"pa_kies-je-type-cadre-homme","17":"pa_kies-motormerk-bosch-fr","18":"pa_motor-bosch-performance-cx-250-watt-fr","19":"pa_remmen-freins-a-disque-hydrauliques","20":"pa_velgen-ryde-taurus-2000-fr","21":"pa_versnellingen-vitesses-de-moyeux-enviolo-nu-vinci-tr-automatic","22":"pa_voorbouw-speedlifter-twist-non","23":"pa_voorvering-sr-suntour-mobie-25-1-5-fr","24":"pa_zadelpen-fixe","26":"first","27":"instock","28":"taxable","29":"shipping-taxable","30":"purchasable","31":"product-type-variable"},"acf":[],"yoast_head":"<!-- This site is optimized with the Yoast SEO plugin v27.0 - https:\/\/yoast.com\/product\/yoast-seo-wordpress\/ -->\n<title>TECARO EVO NV Belt Automatik - Heer - Ohmega Bikes<\/title>\n<meta name=\"description\" content=\"Le Tecaro NV Belt Automatic est un v\u00e9lo avec une technologie sup\u00e9rieure avec sa courroie Gates CDX, son moteur Bosch Performance CX et la batterie int\u00e9gr\u00e9 de 625 Wh. Disponible chez Ohmega-Bikes \u00e0 Dilbeek en plusieurs cadres et tailles.\" \/>\n<meta name=\"robots\" content=\"index, follow, max-snippet:-1, max-image-preview:large, max-video-preview:-1\" \/>\n<link rel=\"canonical\" href=\"https:\/\/www.ohmega-bikes.be\/fr\/produit\/tec-evo-auto-h\/\" \/>\n<meta property=\"og:locale\" content=\"fr_FR\" \/>\n<meta property=\"og:type\" content=\"article\" \/>\n<meta property=\"og:title\" content=\"TECARO EVO NV Belt Automatik - Heer - Ohmega Bikes\" \/>\n<meta property=\"og:description\" content=\"Le Tecaro NV Belt Automatic est un v\u00e9lo avec une technologie sup\u00e9rieure avec sa courroie Gates CDX, son moteur Bosch Performance CX et la batterie int\u00e9gr\u00e9 de 625 Wh. Disponible chez Ohmega-Bikes \u00e0 Dilbeek en plusieurs cadres et tailles.\" \/>\n<meta property=\"og:url\" content=\"https:\/\/www.ohmega-bikes.be\/fr\/produit\/tec-evo-auto-h\/\" \/>\n<meta property=\"og:site_name\" content=\"Ohmega Bikes\" \/>\n<meta property=\"article:publisher\" content=\"https:\/\/www.facebook.com\/ohmegabikes\/\" \/>\n<meta property=\"article:modified_time\" content=\"2022-02-02T13:38:05+00:00\" \/>\n<meta property=\"og:image\" content=\"https:\/\/www.ohmega-bikes.be\/wp-content\/uploads\/2022\/01\/Tecaro_heer-500x500-1.png\" \/>\n\t<meta property=\"og:image:width\" content=\"500\" \/>\n\t<meta property=\"og:image:height\" content=\"500\" \/>\n\t<meta property=\"og:image:type\" content=\"image\/png\" \/>\n<meta name=\"twitter:card\" content=\"summary_large_image\" \/>\n<meta name=\"twitter:label1\" content=\"Dur\u00e9e de lecture estim\u00e9e\" \/>\n\t<meta name=\"twitter:data1\" content=\"1 minute\" \/>\n<script type=\"application\/ld+json\" class=\"yoast-schema-graph\">{\"@context\":\"https:\/\/schema.org\",\"@graph\":[{\"@type\":\"WebPage\",\"@id\":\"https:\/\/www.ohmega-bikes.be\/fr\/produit\/tec-evo-auto-h\/\",\"url\":\"https:\/\/www.ohmega-bikes.be\/fr\/produit\/tec-evo-auto-h\/\",\"name\":\"TECARO EVO NV Belt Automatik - Heer - Ohmega Bikes\",\"isPartOf\":{\"@id\":\"https:\/\/www.ohmega-bikes.be\/fr\/#website\"},\"primaryImageOfPage\":{\"@id\":\"https:\/\/www.ohmega-bikes.be\/fr\/produit\/tec-evo-auto-h\/#primaryimage\"},\"image\":{\"@id\":\"https:\/\/www.ohmega-bikes.be\/fr\/produit\/tec-evo-auto-h\/#primaryimage\"},\"thumbnailUrl\":\"https:\/\/www.ohmega-bikes.be\/wp-content\/uploads\/2022\/01\/Tecaro_heer-500x500-1.png\",\"datePublished\":\"2022-01-25T22:01:39+00:00\",\"dateModified\":\"2022-02-02T13:38:05+00:00\",\"description\":\"Le Tecaro NV Belt Automatic est un v\u00e9lo avec une technologie sup\u00e9rieure avec sa courroie Gates CDX, son moteur Bosch Performance CX et la batterie int\u00e9gr\u00e9 de 625 Wh. Disponible chez Ohmega-Bikes \u00e0 Dilbeek en plusieurs cadres et tailles.\",\"breadcrumb\":{\"@id\":\"https:\/\/www.ohmega-bikes.be\/fr\/produit\/tec-evo-auto-h\/#breadcrumb\"},\"inLanguage\":\"fr-FR\",\"potentialAction\":[{\"@type\":\"ReadAction\",\"target\":[\"https:\/\/www.ohmega-bikes.be\/fr\/produit\/tec-evo-auto-h\/\"]}]},{\"@type\":\"ImageObject\",\"inLanguage\":\"fr-FR\",\"@id\":\"https:\/\/www.ohmega-bikes.be\/fr\/produit\/tec-evo-auto-h\/#primaryimage\",\"url\":\"https:\/\/www.ohmega-bikes.be\/wp-content\/uploads\/2022\/01\/Tecaro_heer-500x500-1.png\",\"contentUrl\":\"https:\/\/www.ohmega-bikes.be\/wp-content\/uploads\/2022\/01\/Tecaro_heer-500x500-1.png\",\"width\":500,\"height\":500},{\"@type\":\"BreadcrumbList\",\"@id\":\"https:\/\/www.ohmega-bikes.be\/fr\/produit\/tec-evo-auto-h\/#breadcrumb\",\"itemListElement\":[{\"@type\":\"ListItem\",\"position\":1,\"name\":\"Start\",\"item\":\"https:\/\/www.ohmega-bikes.be\/fr\/\"},{\"@type\":\"ListItem\",\"position\":2,\"name\":\"Winkel\",\"item\":\"https:\/\/www.ohmega-bikes.be\/nl\/winkel\/\"},{\"@type\":\"ListItem\",\"position\":3,\"name\":\"V\u00e9los\",\"item\":\"https:\/\/www.ohmega-bikes.be\/fr\/cat\u00e9gorie-de-produit\/velos\/\"},{\"@type\":\"ListItem\",\"position\":4,\"name\":\"Pegasus\",\"item\":\"https:\/\/www.ohmega-bikes.be\/fr\/cat\u00e9gorie-de-produit\/velos\/pegasus\/\"},{\"@type\":\"ListItem\",\"position\":5,\"name\":\"TECARO EVO NV Belt Automatik &#8211; Heer\"}]},{\"@type\":\"WebSite\",\"@id\":\"https:\/\/www.ohmega-bikes.be\/fr\/#website\",\"url\":\"https:\/\/www.ohmega-bikes.be\/fr\/\",\"name\":\"Ohmega Bikes\",\"description\":\"Just another WordPress site\",\"publisher\":{\"@id\":\"https:\/\/www.ohmega-bikes.be\/fr\/#organization\"},\"potentialAction\":[{\"@type\":\"SearchAction\",\"target\":{\"@type\":\"EntryPoint\",\"urlTemplate\":\"https:\/\/www.ohmega-bikes.be\/fr\/?s={search_term_string}\"},\"query-input\":{\"@type\":\"PropertyValueSpecification\",\"valueRequired\":true,\"valueName\":\"search_term_string\"}}],\"inLanguage\":\"fr-FR\"},{\"@type\":\"Organization\",\"@id\":\"https:\/\/www.ohmega-bikes.be\/fr\/#organization\",\"name\":\"Ohmega Bikes\",\"url\":\"https:\/\/www.ohmega-bikes.be\/fr\/\",\"logo\":{\"@type\":\"ImageObject\",\"inLanguage\":\"fr-FR\",\"@id\":\"https:\/\/www.ohmega-bikes.be\/fr\/#\/schema\/logo\/image\/\",\"url\":\"https:\/\/www.ohmega-bikes.be\/wp-content\/uploads\/2022\/01\/logo.png\",\"contentUrl\":\"https:\/\/www.ohmega-bikes.be\/wp-content\/uploads\/2022\/01\/logo.png\",\"width\":522,\"height\":108,\"caption\":\"Ohmega Bikes\"},\"image\":{\"@id\":\"https:\/\/www.ohmega-bikes.be\/fr\/#\/schema\/logo\/image\/\"},\"sameAs\":[\"https:\/\/www.facebook.com\/ohmegabikes\/\"]}]}<\/script>\n<!-- \/ Yoast SEO plugin. -->","yoast_head_json":{"title":"TECARO EVO NV Belt Automatik - Heer - Ohmega Bikes","description":"Le Tecaro NV Belt Automatic est un v\u00e9lo avec une technologie sup\u00e9rieure avec sa courroie Gates CDX, son moteur Bosch Performance CX et la batterie int\u00e9gr\u00e9 de 625 Wh. Disponible chez Ohmega-Bikes \u00e0 Dilbeek en plusieurs cadres et tailles.","robots":{"index":"index","follow":"follow","max-snippet":"max-snippet:-1","max-image-preview":"max-image-preview:large","max-video-preview":"max-video-preview:-1"},"canonical":"https:\/\/www.ohmega-bikes.be\/fr\/produit\/tec-evo-auto-h\/","og_locale":"fr_FR","og_type":"article","og_title":"TECARO EVO NV Belt Automatik - Heer - Ohmega Bikes","og_description":"Le Tecaro NV Belt Automatic est un v\u00e9lo avec une technologie sup\u00e9rieure avec sa courroie Gates CDX, son moteur Bosch Performance CX et la batterie int\u00e9gr\u00e9 de 625 Wh. Disponible chez Ohmega-Bikes \u00e0 Dilbeek en plusieurs cadres et tailles.","og_url":"https:\/\/www.ohmega-bikes.be\/fr\/produit\/tec-evo-auto-h\/","og_site_name":"Ohmega Bikes","article_publisher":"https:\/\/www.facebook.com\/ohmegabikes\/","article_modified_time":"2022-02-02T13:38:05+00:00","og_image":[{"width":500,"height":500,"url":"https:\/\/www.ohmega-bikes.be\/wp-content\/uploads\/2022\/01\/Tecaro_heer-500x500-1.png","type":"image\/png"}],"twitter_card":"summary_large_image","twitter_misc":{"Dur\u00e9e de lecture estim\u00e9e":"1 minute"},"schema":{"@context":"https:\/\/schema.org","@graph":[{"@type":"WebPage","@id":"https:\/\/www.ohmega-bikes.be\/fr\/produit\/tec-evo-auto-h\/","url":"https:\/\/www.ohmega-bikes.be\/fr\/produit\/tec-evo-auto-h\/","name":"TECARO EVO NV Belt Automatik - Heer - Ohmega Bikes","isPartOf":{"@id":"https:\/\/www.ohmega-bikes.be\/fr\/#website"},"primaryImageOfPage":{"@id":"https:\/\/www.ohmega-bikes.be\/fr\/produit\/tec-evo-auto-h\/#primaryimage"},"image":{"@id":"https:\/\/www.ohmega-bikes.be\/fr\/produit\/tec-evo-auto-h\/#primaryimage"},"thumbnailUrl":"https:\/\/www.ohmega-bikes.be\/wp-content\/uploads\/2022\/01\/Tecaro_heer-500x500-1.png","datePublished":"2022-01-25T22:01:39+00:00","dateModified":"2022-02-02T13:38:05+00:00","description":"Le Tecaro NV Belt Automatic est un v\u00e9lo avec une technologie sup\u00e9rieure avec sa courroie Gates CDX, son moteur Bosch Performance CX et la batterie int\u00e9gr\u00e9 de 625 Wh. Disponible chez Ohmega-Bikes \u00e0 Dilbeek en plusieurs cadres et tailles.","breadcrumb":{"@id":"https:\/\/www.ohmega-bikes.be\/fr\/produit\/tec-evo-auto-h\/#breadcrumb"},"inLanguage":"fr-FR","potentialAction":[{"@type":"ReadAction","target":["https:\/\/www.ohmega-bikes.be\/fr\/produit\/tec-evo-auto-h\/"]}]},{"@type":"ImageObject","inLanguage":"fr-FR","@id":"https:\/\/www.ohmega-bikes.be\/fr\/produit\/tec-evo-auto-h\/#primaryimage","url":"https:\/\/www.ohmega-bikes.be\/wp-content\/uploads\/2022\/01\/Tecaro_heer-500x500-1.png","contentUrl":"https:\/\/www.ohmega-bikes.be\/wp-content\/uploads\/2022\/01\/Tecaro_heer-500x500-1.png","width":500,"height":500},{"@type":"BreadcrumbList","@id":"https:\/\/www.ohmega-bikes.be\/fr\/produit\/tec-evo-auto-h\/#breadcrumb","itemListElement":[{"@type":"ListItem","position":1,"name":"Start","item":"https:\/\/www.ohmega-bikes.be\/fr\/"},{"@type":"ListItem","position":2,"name":"Winkel","item":"https:\/\/www.ohmega-bikes.be\/nl\/winkel\/"},{"@type":"ListItem","position":3,"name":"V\u00e9los","item":"https:\/\/www.ohmega-bikes.be\/fr\/cat\u00e9gorie-de-produit\/velos\/"},{"@type":"ListItem","position":4,"name":"Pegasus","item":"https:\/\/www.ohmega-bikes.be\/fr\/cat\u00e9gorie-de-produit\/velos\/pegasus\/"},{"@type":"ListItem","position":5,"name":"TECARO EVO NV Belt Automatik &#8211; Heer"}]},{"@type":"WebSite","@id":"https:\/\/www.ohmega-bikes.be\/fr\/#website","url":"https:\/\/www.ohmega-bikes.be\/fr\/","name":"Ohmega Bikes","description":"Just another WordPress site","publisher":{"@id":"https:\/\/www.ohmega-bikes.be\/fr\/#organization"},"potentialAction":[{"@type":"SearchAction","target":{"@type":"EntryPoint","urlTemplate":"https:\/\/www.ohmega-bikes.be\/fr\/?s={search_term_string}"},"query-input":{"@type":"PropertyValueSpecification","valueRequired":true,"valueName":"search_term_string"}}],"inLanguage":"fr-FR"},{"@type":"Organization","@id":"https:\/\/www.ohmega-bikes.be\/fr\/#organization","name":"Ohmega Bikes","url":"https:\/\/www.ohmega-bikes.be\/fr\/","logo":{"@type":"ImageObject","inLanguage":"fr-FR","@id":"https:\/\/www.ohmega-bikes.be\/fr\/#\/schema\/logo\/image\/","url":"https:\/\/www.ohmega-bikes.be\/wp-content\/uploads\/2022\/01\/logo.png","contentUrl":"https:\/\/www.ohmega-bikes.be\/wp-content\/uploads\/2022\/01\/logo.png","width":522,"height":108,"caption":"Ohmega Bikes"},"image":{"@id":"https:\/\/www.ohmega-bikes.be\/fr\/#\/schema\/logo\/image\/"},"sameAs":["https:\/\/www.facebook.com\/ohmegabikes\/"]}]}},"_links":{"self":[{"href":"https:\/\/www.ohmega-bikes.be\/fr\/wp-json\/wp\/v2\/product\/1202","targetHints":{"allow":["GET"]}}],"collection":[{"href":"https:\/\/www.ohmega-bikes.be\/fr\/wp-json\/wp\/v2\/product"}],"about":[{"href":"https:\/\/www.ohmega-bikes.be\/fr\/wp-json\/wp\/v2\/types\/product"}],"replies":[{"embeddable":true,"href":"https:\/\/www.ohmega-bikes.be\/fr\/wp-json\/wp\/v2\/comments?post=1202"}],"wp:featuredmedia":[{"embeddable":true,"href":"https:\/\/www.ohmega-bikes.be\/fr\/wp-json\/wp\/v2\/media\/972"}],"wp:attachment":[{"href":"https:\/\/www.ohmega-bikes.be\/fr\/wp-json\/wp\/v2\/media?parent=1202"}],"wp:term":[{"taxonomy":"product_cat","embeddable":true,"href":"https:\/\/www.ohmega-bikes.be\/fr\/wp-json\/wp\/v2\/product_cat?post=1202"},{"taxonomy":"product_tag","embeddable":true,"href":"https:\/\/www.ohmega-bikes.be\/fr\/wp-json\/wp\/v2\/product_tag?post=1202"}],"curies":[{"name":"wp","href":"https:\/\/api.w.org\/{rel}","templated":true}]}}