{"id":1208,"date":"2022-01-25T23:42:08","date_gmt":"2022-01-25T21:42:08","guid":{"rendered":"https:\/\/www.ohmega-bikes.be\/product\/sol-e8-spperf-h\/"},"modified":"2022-02-02T15:41:25","modified_gmt":"2022-02-02T13:41:25","slug":"sol-e8-spperf-h","status":"publish","type":"product","link":"https:\/\/www.ohmega-bikes.be\/fr\/produit\/sol-e8-spperf-h\/","title":{"rendered":"Solero E8 Sport Performance &#8211; Heer"},"content":{"rendered":"<p>Ce v\u00e9lo de ville pour homme est \u00e9quip\u00e9 avec un moteur central Bosch nouvelle g\u00e9n\u00e9ration, le Bosch Perfomance Line GEN3 et une batterie de 500 Wh, id\u00e9al pour les longues balades en v\u00e9lo.<\/p>\n<p>Ce v\u00e9lo est complet avec des freins hydrauliques \u00e0 disque pour une s\u00e9curit\u00e9 am\u00e9lior\u00e9, une fourche avant \u00e0 suspension pour plus de confort et un d\u00e9railleur \u00e0 8 vitesses.<\/p>\n<p>Disponible en couleur : Noir Chrome<\/p>\n<p>Cadres disponibles en taille : 50 et 60<\/p>\n","protected":false},"excerpt":{"rendered":"<p>Ce v\u00e9lo de ville tr\u00e8s bien \u00e9quip\u00e9, avec moteur Bosch Performance est le v\u00e9lo id\u00e9al pour les d\u00e9placements travail-domicile au quotidien ou pour des longues balades sportives. Avec d\u00e9railleur.<\/p>\n","protected":false},"featured_media":958,"comment_status":"closed","ping_status":"closed","template":"","meta":{"_acf_changed":false,"inline_featured_image":false},"product_cat":[382,159],"product_tag":[],"class_list":{"0":"post-1208","1":"product","2":"type-product","3":"status-publish","4":"has-post-thumbnail","6":"product_cat-pegasus","7":"product_cat-velos","8":"pa_achtervering-non","9":"pa_banden-supero-optima-safe-fr","10":"pa_batterij-36v-500-wh-fr","11":"pa_display-bosch-intuvia-fr","12":"pa_duimgasknop-oui","13":"pa_kies-een-kadermaat-60-61-fr","14":"pa_kies-het-versnellingsysteem-derailleur-fr-2","15":"pa_kies-je-type-cadre-homme","16":"pa_kies-motormerk-bosch-fr","17":"pa_motor-moteur-central-bosch-performance-line-gen3-250-watt","18":"pa_remmen-freins-a-disque-hydrauliques","19":"pa_velgen-styx-ddm-2-fr","20":"pa_versnellingen-derailleur-8-vitesses","21":"pa_voorbouw-speedlifter-twist-n-a-fr","22":"pa_voorvering-sr-suntour-nex-e25-fr","23":"pa_zadelpen-fixe","25":"first","26":"instock","27":"taxable","28":"shipping-taxable","29":"purchasable","30":"product-type-variable"},"acf":[],"yoast_head":"<!-- This site is optimized with the Yoast SEO plugin v27.0 - https:\/\/yoast.com\/product\/yoast-seo-wordpress\/ -->\n<title>Solero E8 Sport Performance - Heer - Ohmega Bikes<\/title>\n<meta name=\"description\" content=\"Laissez-vous surprendre par ce beau v\u00e9lo Pegasus Solero E8 Sport avec le moteur nouvelle g\u00e9n\u00e9ration Bosch. Disponible chez Ohmega-Bikes \u00e0 Dilbeek en diverse tailles.\" \/>\n<meta name=\"robots\" content=\"index, follow, max-snippet:-1, max-image-preview:large, max-video-preview:-1\" \/>\n<link rel=\"canonical\" href=\"https:\/\/www.ohmega-bikes.be\/fr\/produit\/sol-e8-spperf-h\/\" \/>\n<meta property=\"og:locale\" content=\"fr_FR\" \/>\n<meta property=\"og:type\" content=\"article\" \/>\n<meta property=\"og:title\" content=\"Solero E8 Sport Performance - Heer - Ohmega Bikes\" \/>\n<meta property=\"og:description\" content=\"Laissez-vous surprendre par ce beau v\u00e9lo Pegasus Solero E8 Sport avec le moteur nouvelle g\u00e9n\u00e9ration Bosch. Disponible chez Ohmega-Bikes \u00e0 Dilbeek en diverse tailles.\" \/>\n<meta property=\"og:url\" content=\"https:\/\/www.ohmega-bikes.be\/fr\/produit\/sol-e8-spperf-h\/\" \/>\n<meta property=\"og:site_name\" content=\"Ohmega Bikes\" \/>\n<meta property=\"article:publisher\" content=\"https:\/\/www.facebook.com\/ohmegabikes\/\" \/>\n<meta property=\"article:modified_time\" content=\"2022-02-02T13:41:25+00:00\" \/>\n<meta property=\"og:image\" content=\"https:\/\/www.ohmega-bikes.be\/wp-content\/uploads\/2022\/01\/Solero-E8_SpPerf_zwart-500x500-1.png\" \/>\n\t<meta property=\"og:image:width\" content=\"500\" \/>\n\t<meta property=\"og:image:height\" content=\"500\" \/>\n\t<meta property=\"og:image:type\" content=\"image\/png\" \/>\n<meta name=\"twitter:card\" content=\"summary_large_image\" \/>\n<script type=\"application\/ld+json\" class=\"yoast-schema-graph\">{\"@context\":\"https:\/\/schema.org\",\"@graph\":[{\"@type\":\"WebPage\",\"@id\":\"https:\/\/www.ohmega-bikes.be\/fr\/produit\/sol-e8-spperf-h\/\",\"url\":\"https:\/\/www.ohmega-bikes.be\/fr\/produit\/sol-e8-spperf-h\/\",\"name\":\"Solero E8 Sport Performance - Heer - Ohmega Bikes\",\"isPartOf\":{\"@id\":\"https:\/\/www.ohmega-bikes.be\/fr\/#website\"},\"primaryImageOfPage\":{\"@id\":\"https:\/\/www.ohmega-bikes.be\/fr\/produit\/sol-e8-spperf-h\/#primaryimage\"},\"image\":{\"@id\":\"https:\/\/www.ohmega-bikes.be\/fr\/produit\/sol-e8-spperf-h\/#primaryimage\"},\"thumbnailUrl\":\"https:\/\/www.ohmega-bikes.be\/wp-content\/uploads\/2022\/01\/Solero-E8_SpPerf_zwart-500x500-1.png\",\"datePublished\":\"2022-01-25T21:42:08+00:00\",\"dateModified\":\"2022-02-02T13:41:25+00:00\",\"description\":\"Laissez-vous surprendre par ce beau v\u00e9lo Pegasus Solero E8 Sport avec le moteur nouvelle g\u00e9n\u00e9ration Bosch. Disponible chez Ohmega-Bikes \u00e0 Dilbeek en diverse tailles.\",\"breadcrumb\":{\"@id\":\"https:\/\/www.ohmega-bikes.be\/fr\/produit\/sol-e8-spperf-h\/#breadcrumb\"},\"inLanguage\":\"fr-FR\",\"potentialAction\":[{\"@type\":\"ReadAction\",\"target\":[\"https:\/\/www.ohmega-bikes.be\/fr\/produit\/sol-e8-spperf-h\/\"]}]},{\"@type\":\"ImageObject\",\"inLanguage\":\"fr-FR\",\"@id\":\"https:\/\/www.ohmega-bikes.be\/fr\/produit\/sol-e8-spperf-h\/#primaryimage\",\"url\":\"https:\/\/www.ohmega-bikes.be\/wp-content\/uploads\/2022\/01\/Solero-E8_SpPerf_zwart-500x500-1.png\",\"contentUrl\":\"https:\/\/www.ohmega-bikes.be\/wp-content\/uploads\/2022\/01\/Solero-E8_SpPerf_zwart-500x500-1.png\",\"width\":500,\"height\":500},{\"@type\":\"BreadcrumbList\",\"@id\":\"https:\/\/www.ohmega-bikes.be\/fr\/produit\/sol-e8-spperf-h\/#breadcrumb\",\"itemListElement\":[{\"@type\":\"ListItem\",\"position\":1,\"name\":\"Start\",\"item\":\"https:\/\/www.ohmega-bikes.be\/fr\/\"},{\"@type\":\"ListItem\",\"position\":2,\"name\":\"Winkel\",\"item\":\"https:\/\/www.ohmega-bikes.be\/nl\/winkel\/\"},{\"@type\":\"ListItem\",\"position\":3,\"name\":\"V\u00e9los\",\"item\":\"https:\/\/www.ohmega-bikes.be\/fr\/cat\u00e9gorie-de-produit\/velos\/\"},{\"@type\":\"ListItem\",\"position\":4,\"name\":\"Pegasus\",\"item\":\"https:\/\/www.ohmega-bikes.be\/fr\/cat\u00e9gorie-de-produit\/velos\/pegasus\/\"},{\"@type\":\"ListItem\",\"position\":5,\"name\":\"Solero E8 Sport Performance &#8211; Heer\"}]},{\"@type\":\"WebSite\",\"@id\":\"https:\/\/www.ohmega-bikes.be\/fr\/#website\",\"url\":\"https:\/\/www.ohmega-bikes.be\/fr\/\",\"name\":\"Ohmega Bikes\",\"description\":\"Just another WordPress site\",\"publisher\":{\"@id\":\"https:\/\/www.ohmega-bikes.be\/fr\/#organization\"},\"potentialAction\":[{\"@type\":\"SearchAction\",\"target\":{\"@type\":\"EntryPoint\",\"urlTemplate\":\"https:\/\/www.ohmega-bikes.be\/fr\/?s={search_term_string}\"},\"query-input\":{\"@type\":\"PropertyValueSpecification\",\"valueRequired\":true,\"valueName\":\"search_term_string\"}}],\"inLanguage\":\"fr-FR\"},{\"@type\":\"Organization\",\"@id\":\"https:\/\/www.ohmega-bikes.be\/fr\/#organization\",\"name\":\"Ohmega Bikes\",\"url\":\"https:\/\/www.ohmega-bikes.be\/fr\/\",\"logo\":{\"@type\":\"ImageObject\",\"inLanguage\":\"fr-FR\",\"@id\":\"https:\/\/www.ohmega-bikes.be\/fr\/#\/schema\/logo\/image\/\",\"url\":\"https:\/\/www.ohmega-bikes.be\/wp-content\/uploads\/2022\/01\/logo.png\",\"contentUrl\":\"https:\/\/www.ohmega-bikes.be\/wp-content\/uploads\/2022\/01\/logo.png\",\"width\":522,\"height\":108,\"caption\":\"Ohmega Bikes\"},\"image\":{\"@id\":\"https:\/\/www.ohmega-bikes.be\/fr\/#\/schema\/logo\/image\/\"},\"sameAs\":[\"https:\/\/www.facebook.com\/ohmegabikes\/\"]}]}<\/script>\n<!-- \/ Yoast SEO plugin. -->","yoast_head_json":{"title":"Solero E8 Sport Performance - Heer - Ohmega Bikes","description":"Laissez-vous surprendre par ce beau v\u00e9lo Pegasus Solero E8 Sport avec le moteur nouvelle g\u00e9n\u00e9ration Bosch. Disponible chez Ohmega-Bikes \u00e0 Dilbeek en diverse tailles.","robots":{"index":"index","follow":"follow","max-snippet":"max-snippet:-1","max-image-preview":"max-image-preview:large","max-video-preview":"max-video-preview:-1"},"canonical":"https:\/\/www.ohmega-bikes.be\/fr\/produit\/sol-e8-spperf-h\/","og_locale":"fr_FR","og_type":"article","og_title":"Solero E8 Sport Performance - Heer - Ohmega Bikes","og_description":"Laissez-vous surprendre par ce beau v\u00e9lo Pegasus Solero E8 Sport avec le moteur nouvelle g\u00e9n\u00e9ration Bosch. Disponible chez Ohmega-Bikes \u00e0 Dilbeek en diverse tailles.","og_url":"https:\/\/www.ohmega-bikes.be\/fr\/produit\/sol-e8-spperf-h\/","og_site_name":"Ohmega Bikes","article_publisher":"https:\/\/www.facebook.com\/ohmegabikes\/","article_modified_time":"2022-02-02T13:41:25+00:00","og_image":[{"width":500,"height":500,"url":"https:\/\/www.ohmega-bikes.be\/wp-content\/uploads\/2022\/01\/Solero-E8_SpPerf_zwart-500x500-1.png","type":"image\/png"}],"twitter_card":"summary_large_image","schema":{"@context":"https:\/\/schema.org","@graph":[{"@type":"WebPage","@id":"https:\/\/www.ohmega-bikes.be\/fr\/produit\/sol-e8-spperf-h\/","url":"https:\/\/www.ohmega-bikes.be\/fr\/produit\/sol-e8-spperf-h\/","name":"Solero E8 Sport Performance - Heer - Ohmega Bikes","isPartOf":{"@id":"https:\/\/www.ohmega-bikes.be\/fr\/#website"},"primaryImageOfPage":{"@id":"https:\/\/www.ohmega-bikes.be\/fr\/produit\/sol-e8-spperf-h\/#primaryimage"},"image":{"@id":"https:\/\/www.ohmega-bikes.be\/fr\/produit\/sol-e8-spperf-h\/#primaryimage"},"thumbnailUrl":"https:\/\/www.ohmega-bikes.be\/wp-content\/uploads\/2022\/01\/Solero-E8_SpPerf_zwart-500x500-1.png","datePublished":"2022-01-25T21:42:08+00:00","dateModified":"2022-02-02T13:41:25+00:00","description":"Laissez-vous surprendre par ce beau v\u00e9lo Pegasus Solero E8 Sport avec le moteur nouvelle g\u00e9n\u00e9ration Bosch. Disponible chez Ohmega-Bikes \u00e0 Dilbeek en diverse tailles.","breadcrumb":{"@id":"https:\/\/www.ohmega-bikes.be\/fr\/produit\/sol-e8-spperf-h\/#breadcrumb"},"inLanguage":"fr-FR","potentialAction":[{"@type":"ReadAction","target":["https:\/\/www.ohmega-bikes.be\/fr\/produit\/sol-e8-spperf-h\/"]}]},{"@type":"ImageObject","inLanguage":"fr-FR","@id":"https:\/\/www.ohmega-bikes.be\/fr\/produit\/sol-e8-spperf-h\/#primaryimage","url":"https:\/\/www.ohmega-bikes.be\/wp-content\/uploads\/2022\/01\/Solero-E8_SpPerf_zwart-500x500-1.png","contentUrl":"https:\/\/www.ohmega-bikes.be\/wp-content\/uploads\/2022\/01\/Solero-E8_SpPerf_zwart-500x500-1.png","width":500,"height":500},{"@type":"BreadcrumbList","@id":"https:\/\/www.ohmega-bikes.be\/fr\/produit\/sol-e8-spperf-h\/#breadcrumb","itemListElement":[{"@type":"ListItem","position":1,"name":"Start","item":"https:\/\/www.ohmega-bikes.be\/fr\/"},{"@type":"ListItem","position":2,"name":"Winkel","item":"https:\/\/www.ohmega-bikes.be\/nl\/winkel\/"},{"@type":"ListItem","position":3,"name":"V\u00e9los","item":"https:\/\/www.ohmega-bikes.be\/fr\/cat\u00e9gorie-de-produit\/velos\/"},{"@type":"ListItem","position":4,"name":"Pegasus","item":"https:\/\/www.ohmega-bikes.be\/fr\/cat\u00e9gorie-de-produit\/velos\/pegasus\/"},{"@type":"ListItem","position":5,"name":"Solero E8 Sport Performance &#8211; Heer"}]},{"@type":"WebSite","@id":"https:\/\/www.ohmega-bikes.be\/fr\/#website","url":"https:\/\/www.ohmega-bikes.be\/fr\/","name":"Ohmega Bikes","description":"Just another WordPress site","publisher":{"@id":"https:\/\/www.ohmega-bikes.be\/fr\/#organization"},"potentialAction":[{"@type":"SearchAction","target":{"@type":"EntryPoint","urlTemplate":"https:\/\/www.ohmega-bikes.be\/fr\/?s={search_term_string}"},"query-input":{"@type":"PropertyValueSpecification","valueRequired":true,"valueName":"search_term_string"}}],"inLanguage":"fr-FR"},{"@type":"Organization","@id":"https:\/\/www.ohmega-bikes.be\/fr\/#organization","name":"Ohmega Bikes","url":"https:\/\/www.ohmega-bikes.be\/fr\/","logo":{"@type":"ImageObject","inLanguage":"fr-FR","@id":"https:\/\/www.ohmega-bikes.be\/fr\/#\/schema\/logo\/image\/","url":"https:\/\/www.ohmega-bikes.be\/wp-content\/uploads\/2022\/01\/logo.png","contentUrl":"https:\/\/www.ohmega-bikes.be\/wp-content\/uploads\/2022\/01\/logo.png","width":522,"height":108,"caption":"Ohmega Bikes"},"image":{"@id":"https:\/\/www.ohmega-bikes.be\/fr\/#\/schema\/logo\/image\/"},"sameAs":["https:\/\/www.facebook.com\/ohmegabikes\/"]}]}},"_links":{"self":[{"href":"https:\/\/www.ohmega-bikes.be\/fr\/wp-json\/wp\/v2\/product\/1208","targetHints":{"allow":["GET"]}}],"collection":[{"href":"https:\/\/www.ohmega-bikes.be\/fr\/wp-json\/wp\/v2\/product"}],"about":[{"href":"https:\/\/www.ohmega-bikes.be\/fr\/wp-json\/wp\/v2\/types\/product"}],"replies":[{"embeddable":true,"href":"https:\/\/www.ohmega-bikes.be\/fr\/wp-json\/wp\/v2\/comments?post=1208"}],"wp:featuredmedia":[{"embeddable":true,"href":"https:\/\/www.ohmega-bikes.be\/fr\/wp-json\/wp\/v2\/media\/958"}],"wp:attachment":[{"href":"https:\/\/www.ohmega-bikes.be\/fr\/wp-json\/wp\/v2\/media?parent=1208"}],"wp:term":[{"taxonomy":"product_cat","embeddable":true,"href":"https:\/\/www.ohmega-bikes.be\/fr\/wp-json\/wp\/v2\/product_cat?post=1208"},{"taxonomy":"product_tag","embeddable":true,"href":"https:\/\/www.ohmega-bikes.be\/fr\/wp-json\/wp\/v2\/product_tag?post=1208"}],"curies":[{"name":"wp","href":"https:\/\/api.w.org\/{rel}","templated":true}]}}