{"id":1217,"date":"2022-01-25T21:31:48","date_gmt":"2022-01-25T19:31:48","guid":{"rendered":"https:\/\/www.ohmega-bikes.be\/product\/evo9-speced\/"},"modified":"2022-01-25T21:31:48","modified_gmt":"2022-01-25T19:31:48","slug":"evo9-speced","status":"publish","type":"product","link":"https:\/\/www.ohmega-bikes.be\/fr\/produit\/evo9-speced\/","title":{"rendered":"Solero EVO 9 Special Edition"},"content":{"rendered":"<p>Tout comme le v\u00e9lo classique EVO 9, ce v\u00e9lo \u00e9lectrique est \u00e9quip\u00e9 du moteur Bosch Performance Line GEN3 puissant et fluide et une batterie de 625 Wh. Le niveau de support avec ce moteur est de 300% de la puissance physique. Le cadre avec sa batterie enti\u00e8rement int\u00e9gr\u00e9e, sa selle et son guidon r\u00e9tro et les pneus bruns font de ce Solero EVO 9 Edition sp\u00e9ciale un v\u00e9lo performant et original.<\/p>\n<p>Disponible en cadre entr\u00e9e basse dans les tailles : 45, 50 et 55<\/p>\n<p>Couleur : Sauge (vert clair)<\/p>\n<p>Aussi disponible avec batterie de 500 Wh (prix inclusif r\u00e9duction\u00a0: 2899,00 \u20ac)<\/p>\n","protected":false},"excerpt":{"rendered":"<p>&#8212;- Edition sp\u00e9ciale &#8212;- Le jeux de couleur de cette \u00e9dition sp\u00e9ciale de l\u2019EVO 9 classique pourra vous charmer. Sa selle, son guidon et les pneus bruns donnent un look \u00ab r\u00e9tro \u00bb \u00e0 ce v\u00e9lo, mais son moteur et sa batterie int\u00e9gr\u00e9 font profiter d\u2019un luxe quotidien. Sp\u00e9cialement pour ceux qui sont \u00e0 la recherche d\u2019un v\u00e9lo avec beaucoup de cachet.<\/p>\n","protected":false},"featured_media":934,"comment_status":"closed","ping_status":"closed","template":"","meta":{"_acf_changed":false,"inline_featured_image":false},"product_cat":[159,382],"product_tag":[],"class_list":{"0":"post-1217","1":"product","2":"type-product","3":"status-publish","4":"has-post-thumbnail","6":"product_cat-velos","7":"product_cat-pegasus","8":"pa_achtervering-non","9":"pa_banden-supero-optima-safe-fr","10":"pa_batterij-36-v-625wh-fr","11":"pa_display-intuvia-fr","12":"pa_duimgasknop-oui","13":"pa_kies-een-kadermaat-45-46-47-fr","14":"pa_kies-een-kadermaat-48-50-52-fr","15":"pa_kies-een-kadermaat-53-54-55-fr","16":"pa_kies-het-versnellingsysteem-derailleur-fr-2","17":"pa_kies-je-type-entree-basse","18":"pa_kies-motormerk-bosch-fr","19":"pa_motor-bosch-performance-line-gen3-250-watt-fr","20":"pa_remmen-freins-a-disque-hydrauliques","21":"pa_velgen-ddm-2-fr","22":"pa_versnellingen-derailleur-9-vitesses","23":"pa_voorvering-sr-suntour-nex-e25-fr","24":"pa_zadelpen-fixe","26":"first","27":"instock","28":"taxable","29":"shipping-taxable","30":"purchasable","31":"product-type-variable"},"acf":[],"yoast_head":"<!-- This site is optimized with the Yoast SEO plugin v27.0 - https:\/\/yoast.com\/product\/yoast-seo-wordpress\/ -->\n<title>Solero EVO 9 Special Edition - Ohmega Bikes<\/title>\n<meta name=\"robots\" content=\"index, follow, max-snippet:-1, max-image-preview:large, max-video-preview:-1\" \/>\n<link rel=\"canonical\" href=\"https:\/\/www.ohmega-bikes.be\/fr\/produit\/evo9-speced\/\" \/>\n<meta property=\"og:locale\" content=\"fr_FR\" \/>\n<meta property=\"og:type\" content=\"article\" \/>\n<meta property=\"og:title\" content=\"Solero EVO 9 Special Edition - Ohmega Bikes\" \/>\n<meta property=\"og:description\" content=\"---- Edition sp\u00e9ciale ---- Le jeux de couleur de cette \u00e9dition sp\u00e9ciale de l\u2019EVO 9 classique pourra vous charmer. Sa selle, son guidon et les pneus bruns donnent un look \u00ab r\u00e9tro \u00bb \u00e0 ce v\u00e9lo, mais son moteur et sa batterie int\u00e9gr\u00e9 font profiter d\u2019un luxe quotidien. Sp\u00e9cialement pour ceux qui sont \u00e0 la recherche d\u2019un v\u00e9lo avec beaucoup de cachet.\" \/>\n<meta property=\"og:url\" content=\"https:\/\/www.ohmega-bikes.be\/fr\/produit\/evo9-speced\/\" \/>\n<meta property=\"og:site_name\" content=\"Ohmega Bikes\" \/>\n<meta property=\"article:publisher\" content=\"https:\/\/www.facebook.com\/ohmegabikes\/\" \/>\n<meta property=\"og:image\" content=\"https:\/\/www.ohmega-bikes.be\/wp-content\/uploads\/2022\/01\/Solero-EVO-9_speced-500x500-1.png\" \/>\n\t<meta property=\"og:image:width\" content=\"500\" \/>\n\t<meta property=\"og:image:height\" content=\"500\" \/>\n\t<meta property=\"og:image:type\" content=\"image\/png\" \/>\n<meta name=\"twitter:card\" content=\"summary_large_image\" \/>\n<script type=\"application\/ld+json\" class=\"yoast-schema-graph\">{\"@context\":\"https:\/\/schema.org\",\"@graph\":[{\"@type\":\"WebPage\",\"@id\":\"https:\/\/www.ohmega-bikes.be\/fr\/produit\/evo9-speced\/\",\"url\":\"https:\/\/www.ohmega-bikes.be\/fr\/produit\/evo9-speced\/\",\"name\":\"Solero EVO 9 Special Edition - Ohmega Bikes\",\"isPartOf\":{\"@id\":\"https:\/\/www.ohmega-bikes.be\/fr\/#website\"},\"primaryImageOfPage\":{\"@id\":\"https:\/\/www.ohmega-bikes.be\/fr\/produit\/evo9-speced\/#primaryimage\"},\"image\":{\"@id\":\"https:\/\/www.ohmega-bikes.be\/fr\/produit\/evo9-speced\/#primaryimage\"},\"thumbnailUrl\":\"https:\/\/www.ohmega-bikes.be\/wp-content\/uploads\/2022\/01\/Solero-EVO-9_speced-500x500-1.png\",\"datePublished\":\"2022-01-25T19:31:48+00:00\",\"breadcrumb\":{\"@id\":\"https:\/\/www.ohmega-bikes.be\/fr\/produit\/evo9-speced\/#breadcrumb\"},\"inLanguage\":\"fr-FR\",\"potentialAction\":[{\"@type\":\"ReadAction\",\"target\":[\"https:\/\/www.ohmega-bikes.be\/fr\/produit\/evo9-speced\/\"]}]},{\"@type\":\"ImageObject\",\"inLanguage\":\"fr-FR\",\"@id\":\"https:\/\/www.ohmega-bikes.be\/fr\/produit\/evo9-speced\/#primaryimage\",\"url\":\"https:\/\/www.ohmega-bikes.be\/wp-content\/uploads\/2022\/01\/Solero-EVO-9_speced-500x500-1.png\",\"contentUrl\":\"https:\/\/www.ohmega-bikes.be\/wp-content\/uploads\/2022\/01\/Solero-EVO-9_speced-500x500-1.png\",\"width\":500,\"height\":500},{\"@type\":\"BreadcrumbList\",\"@id\":\"https:\/\/www.ohmega-bikes.be\/fr\/produit\/evo9-speced\/#breadcrumb\",\"itemListElement\":[{\"@type\":\"ListItem\",\"position\":1,\"name\":\"Start\",\"item\":\"https:\/\/www.ohmega-bikes.be\/fr\/\"},{\"@type\":\"ListItem\",\"position\":2,\"name\":\"Winkel\",\"item\":\"https:\/\/www.ohmega-bikes.be\/nl\/winkel\/\"},{\"@type\":\"ListItem\",\"position\":3,\"name\":\"V\u00e9los\",\"item\":\"https:\/\/www.ohmega-bikes.be\/fr\/cat\u00e9gorie-de-produit\/velos\/\"},{\"@type\":\"ListItem\",\"position\":4,\"name\":\"Pegasus\",\"item\":\"https:\/\/www.ohmega-bikes.be\/fr\/cat\u00e9gorie-de-produit\/velos\/pegasus\/\"},{\"@type\":\"ListItem\",\"position\":5,\"name\":\"Solero EVO 9 Special Edition\"}]},{\"@type\":\"WebSite\",\"@id\":\"https:\/\/www.ohmega-bikes.be\/fr\/#website\",\"url\":\"https:\/\/www.ohmega-bikes.be\/fr\/\",\"name\":\"Ohmega Bikes\",\"description\":\"Just another WordPress site\",\"publisher\":{\"@id\":\"https:\/\/www.ohmega-bikes.be\/fr\/#organization\"},\"potentialAction\":[{\"@type\":\"SearchAction\",\"target\":{\"@type\":\"EntryPoint\",\"urlTemplate\":\"https:\/\/www.ohmega-bikes.be\/fr\/?s={search_term_string}\"},\"query-input\":{\"@type\":\"PropertyValueSpecification\",\"valueRequired\":true,\"valueName\":\"search_term_string\"}}],\"inLanguage\":\"fr-FR\"},{\"@type\":\"Organization\",\"@id\":\"https:\/\/www.ohmega-bikes.be\/fr\/#organization\",\"name\":\"Ohmega Bikes\",\"url\":\"https:\/\/www.ohmega-bikes.be\/fr\/\",\"logo\":{\"@type\":\"ImageObject\",\"inLanguage\":\"fr-FR\",\"@id\":\"https:\/\/www.ohmega-bikes.be\/fr\/#\/schema\/logo\/image\/\",\"url\":\"https:\/\/www.ohmega-bikes.be\/wp-content\/uploads\/2022\/01\/logo.png\",\"contentUrl\":\"https:\/\/www.ohmega-bikes.be\/wp-content\/uploads\/2022\/01\/logo.png\",\"width\":522,\"height\":108,\"caption\":\"Ohmega Bikes\"},\"image\":{\"@id\":\"https:\/\/www.ohmega-bikes.be\/fr\/#\/schema\/logo\/image\/\"},\"sameAs\":[\"https:\/\/www.facebook.com\/ohmegabikes\/\"]}]}<\/script>\n<!-- \/ Yoast SEO plugin. -->","yoast_head_json":{"title":"Solero EVO 9 Special Edition - Ohmega Bikes","robots":{"index":"index","follow":"follow","max-snippet":"max-snippet:-1","max-image-preview":"max-image-preview:large","max-video-preview":"max-video-preview:-1"},"canonical":"https:\/\/www.ohmega-bikes.be\/fr\/produit\/evo9-speced\/","og_locale":"fr_FR","og_type":"article","og_title":"Solero EVO 9 Special Edition - Ohmega Bikes","og_description":"---- Edition sp\u00e9ciale ---- Le jeux de couleur de cette \u00e9dition sp\u00e9ciale de l\u2019EVO 9 classique pourra vous charmer. Sa selle, son guidon et les pneus bruns donnent un look \u00ab r\u00e9tro \u00bb \u00e0 ce v\u00e9lo, mais son moteur et sa batterie int\u00e9gr\u00e9 font profiter d\u2019un luxe quotidien. Sp\u00e9cialement pour ceux qui sont \u00e0 la recherche d\u2019un v\u00e9lo avec beaucoup de cachet.","og_url":"https:\/\/www.ohmega-bikes.be\/fr\/produit\/evo9-speced\/","og_site_name":"Ohmega Bikes","article_publisher":"https:\/\/www.facebook.com\/ohmegabikes\/","og_image":[{"width":500,"height":500,"url":"https:\/\/www.ohmega-bikes.be\/wp-content\/uploads\/2022\/01\/Solero-EVO-9_speced-500x500-1.png","type":"image\/png"}],"twitter_card":"summary_large_image","schema":{"@context":"https:\/\/schema.org","@graph":[{"@type":"WebPage","@id":"https:\/\/www.ohmega-bikes.be\/fr\/produit\/evo9-speced\/","url":"https:\/\/www.ohmega-bikes.be\/fr\/produit\/evo9-speced\/","name":"Solero EVO 9 Special Edition - Ohmega Bikes","isPartOf":{"@id":"https:\/\/www.ohmega-bikes.be\/fr\/#website"},"primaryImageOfPage":{"@id":"https:\/\/www.ohmega-bikes.be\/fr\/produit\/evo9-speced\/#primaryimage"},"image":{"@id":"https:\/\/www.ohmega-bikes.be\/fr\/produit\/evo9-speced\/#primaryimage"},"thumbnailUrl":"https:\/\/www.ohmega-bikes.be\/wp-content\/uploads\/2022\/01\/Solero-EVO-9_speced-500x500-1.png","datePublished":"2022-01-25T19:31:48+00:00","breadcrumb":{"@id":"https:\/\/www.ohmega-bikes.be\/fr\/produit\/evo9-speced\/#breadcrumb"},"inLanguage":"fr-FR","potentialAction":[{"@type":"ReadAction","target":["https:\/\/www.ohmega-bikes.be\/fr\/produit\/evo9-speced\/"]}]},{"@type":"ImageObject","inLanguage":"fr-FR","@id":"https:\/\/www.ohmega-bikes.be\/fr\/produit\/evo9-speced\/#primaryimage","url":"https:\/\/www.ohmega-bikes.be\/wp-content\/uploads\/2022\/01\/Solero-EVO-9_speced-500x500-1.png","contentUrl":"https:\/\/www.ohmega-bikes.be\/wp-content\/uploads\/2022\/01\/Solero-EVO-9_speced-500x500-1.png","width":500,"height":500},{"@type":"BreadcrumbList","@id":"https:\/\/www.ohmega-bikes.be\/fr\/produit\/evo9-speced\/#breadcrumb","itemListElement":[{"@type":"ListItem","position":1,"name":"Start","item":"https:\/\/www.ohmega-bikes.be\/fr\/"},{"@type":"ListItem","position":2,"name":"Winkel","item":"https:\/\/www.ohmega-bikes.be\/nl\/winkel\/"},{"@type":"ListItem","position":3,"name":"V\u00e9los","item":"https:\/\/www.ohmega-bikes.be\/fr\/cat\u00e9gorie-de-produit\/velos\/"},{"@type":"ListItem","position":4,"name":"Pegasus","item":"https:\/\/www.ohmega-bikes.be\/fr\/cat\u00e9gorie-de-produit\/velos\/pegasus\/"},{"@type":"ListItem","position":5,"name":"Solero EVO 9 Special Edition"}]},{"@type":"WebSite","@id":"https:\/\/www.ohmega-bikes.be\/fr\/#website","url":"https:\/\/www.ohmega-bikes.be\/fr\/","name":"Ohmega Bikes","description":"Just another WordPress site","publisher":{"@id":"https:\/\/www.ohmega-bikes.be\/fr\/#organization"},"potentialAction":[{"@type":"SearchAction","target":{"@type":"EntryPoint","urlTemplate":"https:\/\/www.ohmega-bikes.be\/fr\/?s={search_term_string}"},"query-input":{"@type":"PropertyValueSpecification","valueRequired":true,"valueName":"search_term_string"}}],"inLanguage":"fr-FR"},{"@type":"Organization","@id":"https:\/\/www.ohmega-bikes.be\/fr\/#organization","name":"Ohmega Bikes","url":"https:\/\/www.ohmega-bikes.be\/fr\/","logo":{"@type":"ImageObject","inLanguage":"fr-FR","@id":"https:\/\/www.ohmega-bikes.be\/fr\/#\/schema\/logo\/image\/","url":"https:\/\/www.ohmega-bikes.be\/wp-content\/uploads\/2022\/01\/logo.png","contentUrl":"https:\/\/www.ohmega-bikes.be\/wp-content\/uploads\/2022\/01\/logo.png","width":522,"height":108,"caption":"Ohmega Bikes"},"image":{"@id":"https:\/\/www.ohmega-bikes.be\/fr\/#\/schema\/logo\/image\/"},"sameAs":["https:\/\/www.facebook.com\/ohmegabikes\/"]}]}},"_links":{"self":[{"href":"https:\/\/www.ohmega-bikes.be\/fr\/wp-json\/wp\/v2\/product\/1217","targetHints":{"allow":["GET"]}}],"collection":[{"href":"https:\/\/www.ohmega-bikes.be\/fr\/wp-json\/wp\/v2\/product"}],"about":[{"href":"https:\/\/www.ohmega-bikes.be\/fr\/wp-json\/wp\/v2\/types\/product"}],"replies":[{"embeddable":true,"href":"https:\/\/www.ohmega-bikes.be\/fr\/wp-json\/wp\/v2\/comments?post=1217"}],"wp:featuredmedia":[{"embeddable":true,"href":"https:\/\/www.ohmega-bikes.be\/fr\/wp-json\/wp\/v2\/media\/934"}],"wp:attachment":[{"href":"https:\/\/www.ohmega-bikes.be\/fr\/wp-json\/wp\/v2\/media?parent=1217"}],"wp:term":[{"taxonomy":"product_cat","embeddable":true,"href":"https:\/\/www.ohmega-bikes.be\/fr\/wp-json\/wp\/v2\/product_cat?post=1217"},{"taxonomy":"product_tag","embeddable":true,"href":"https:\/\/www.ohmega-bikes.be\/fr\/wp-json\/wp\/v2\/product_tag?post=1217"}],"curies":[{"name":"wp","href":"https:\/\/api.w.org\/{rel}","templated":true}]}}