{"id":1223,"date":"2022-01-25T21:19:32","date_gmt":"2022-01-25T19:19:32","guid":{"rendered":"https:\/\/www.ohmega-bikes.be\/product\/solero-evo-9-h\/"},"modified":"2022-01-25T21:19:32","modified_gmt":"2022-01-25T19:19:32","slug":"solero-evo-9-h","status":"publish","type":"product","link":"https:\/\/www.ohmega-bikes.be\/fr\/produit\/solero-evo-9-h\/","title":{"rendered":"Solero EVO 9 &#8211; Homme"},"content":{"rendered":"<p>Ce v\u00e9lo \u00e9lectrique est \u00e9quip\u00e9 du moteur Bosch Performance Line GEN3 puissant et fluide. Le niveau de support avec ce moteur est de 300% de la puissance physique. Le cadre cache une batterie enti\u00e8rement int\u00e9gr\u00e9e de 625 Wh, ce qui rend le Solero EVO 9 sp\u00e9cial techniquement et optiquement.<\/p>\n<p>Mais en plus d&rsquo;un beau design et d&rsquo;une technologie d&rsquo;entra\u00eenement moderne, le Solero vous offre aussi des freins \u00e0 disque hydrauliques qui assurent un freinage parfaitement dosable et puissant.<\/p>\n<p>Disponible en :<\/p>\n<p>Cadre homme en taille : 50 et 60<\/p>\n<p>Couleurs : noir ou bleu p\u00e9trole<\/p>\n<p>Aussi disponible avec batterie de 500 Wh (prix inclusif r\u00e9duction\u00a0: 2799,00 \u20ac)<\/p>\n","protected":false},"excerpt":{"rendered":"<p>En plus d&rsquo;un beau design, le Solero EVO 9 a beaucoup \u00e0 offrir avec sa batterie PowerTube et son moteur Bosch Performance Line GEN3. Avec en plus ses freins \u00e0 disque hydrauliques, c&rsquo;est le v\u00e9lo id\u00e9al pour tous les itin\u00e9raires.<\/p>\n","protected":false},"featured_media":905,"comment_status":"closed","ping_status":"closed","template":"","meta":{"_acf_changed":false,"inline_featured_image":false},"product_cat":[159,382],"product_tag":[],"class_list":{"0":"post-1223","1":"product","2":"type-product","3":"status-publish","4":"has-post-thumbnail","6":"product_cat-velos","7":"product_cat-pegasus","8":"pa_banden-supero-optima-safe-fr","9":"pa_batterij-powertube-625-wh-fr","10":"pa_display-intuvia-fr","11":"pa_kies-een-kadermaat-60-61-fr","12":"pa_kies-het-versnellingsysteem-derailleur-fr-2","13":"pa_kies-je-type-cadre-homme","14":"pa_kies-motormerk-bosch-fr","15":"pa_motor-bosch-performance-line-gen3-250-watt-fr","16":"pa_remmen-freins-a-disque-hydrauliques","17":"pa_velgen-styx-ddm-2-fr","18":"pa_versnellingen-derailleur-9-vitesses","19":"pa_voorvering-sr-suntour-nex-e25-fr","21":"first","22":"instock","23":"taxable","24":"shipping-taxable","25":"purchasable","26":"product-type-variable"},"acf":[],"yoast_head":"<!-- This site is optimized with the Yoast SEO plugin v27.0 - https:\/\/yoast.com\/product\/yoast-seo-wordpress\/ -->\n<title>Solero EVO 9 - Homme - Ohmega Bikes<\/title>\n<meta name=\"robots\" content=\"index, follow, max-snippet:-1, max-image-preview:large, max-video-preview:-1\" \/>\n<link rel=\"canonical\" href=\"https:\/\/www.ohmega-bikes.be\/fr\/produit\/solero-evo-9-h\/\" \/>\n<meta property=\"og:locale\" content=\"fr_FR\" \/>\n<meta property=\"og:type\" content=\"article\" \/>\n<meta property=\"og:title\" content=\"Solero EVO 9 - Homme - Ohmega Bikes\" \/>\n<meta property=\"og:description\" content=\"En plus d&#039;un beau design, le Solero EVO 9 a beaucoup \u00e0 offrir avec sa batterie PowerTube et son moteur Bosch Performance Line GEN3. Avec en plus ses freins \u00e0 disque hydrauliques, c&#039;est le v\u00e9lo id\u00e9al pour tous les itin\u00e9raires.\" \/>\n<meta property=\"og:url\" content=\"https:\/\/www.ohmega-bikes.be\/fr\/produit\/solero-evo-9-h\/\" \/>\n<meta property=\"og:site_name\" content=\"Ohmega Bikes\" \/>\n<meta property=\"article:publisher\" content=\"https:\/\/www.facebook.com\/ohmegabikes\/\" \/>\n<meta property=\"og:image\" content=\"https:\/\/www.ohmega-bikes.be\/wp-content\/uploads\/2022\/01\/Peg_Sol_EVO9_heer-500x500-1.jpg\" \/>\n\t<meta property=\"og:image:width\" content=\"500\" \/>\n\t<meta property=\"og:image:height\" content=\"500\" \/>\n\t<meta property=\"og:image:type\" content=\"image\/jpeg\" \/>\n<meta name=\"twitter:card\" content=\"summary_large_image\" \/>\n<meta name=\"twitter:label1\" content=\"Dur\u00e9e de lecture estim\u00e9e\" \/>\n\t<meta name=\"twitter:data1\" content=\"1 minute\" \/>\n<script type=\"application\/ld+json\" class=\"yoast-schema-graph\">{\"@context\":\"https:\/\/schema.org\",\"@graph\":[{\"@type\":\"WebPage\",\"@id\":\"https:\/\/www.ohmega-bikes.be\/fr\/produit\/solero-evo-9-h\/\",\"url\":\"https:\/\/www.ohmega-bikes.be\/fr\/produit\/solero-evo-9-h\/\",\"name\":\"Solero EVO 9 - Homme - Ohmega Bikes\",\"isPartOf\":{\"@id\":\"https:\/\/www.ohmega-bikes.be\/fr\/#website\"},\"primaryImageOfPage\":{\"@id\":\"https:\/\/www.ohmega-bikes.be\/fr\/produit\/solero-evo-9-h\/#primaryimage\"},\"image\":{\"@id\":\"https:\/\/www.ohmega-bikes.be\/fr\/produit\/solero-evo-9-h\/#primaryimage\"},\"thumbnailUrl\":\"https:\/\/www.ohmega-bikes.be\/wp-content\/uploads\/2022\/01\/Peg_Sol_EVO9_heer-500x500-1.jpg\",\"datePublished\":\"2022-01-25T19:19:32+00:00\",\"breadcrumb\":{\"@id\":\"https:\/\/www.ohmega-bikes.be\/fr\/produit\/solero-evo-9-h\/#breadcrumb\"},\"inLanguage\":\"fr-FR\",\"potentialAction\":[{\"@type\":\"ReadAction\",\"target\":[\"https:\/\/www.ohmega-bikes.be\/fr\/produit\/solero-evo-9-h\/\"]}]},{\"@type\":\"ImageObject\",\"inLanguage\":\"fr-FR\",\"@id\":\"https:\/\/www.ohmega-bikes.be\/fr\/produit\/solero-evo-9-h\/#primaryimage\",\"url\":\"https:\/\/www.ohmega-bikes.be\/wp-content\/uploads\/2022\/01\/Peg_Sol_EVO9_heer-500x500-1.jpg\",\"contentUrl\":\"https:\/\/www.ohmega-bikes.be\/wp-content\/uploads\/2022\/01\/Peg_Sol_EVO9_heer-500x500-1.jpg\",\"width\":500,\"height\":500},{\"@type\":\"BreadcrumbList\",\"@id\":\"https:\/\/www.ohmega-bikes.be\/fr\/produit\/solero-evo-9-h\/#breadcrumb\",\"itemListElement\":[{\"@type\":\"ListItem\",\"position\":1,\"name\":\"Start\",\"item\":\"https:\/\/www.ohmega-bikes.be\/fr\/\"},{\"@type\":\"ListItem\",\"position\":2,\"name\":\"Winkel\",\"item\":\"https:\/\/www.ohmega-bikes.be\/nl\/winkel\/\"},{\"@type\":\"ListItem\",\"position\":3,\"name\":\"V\u00e9los\",\"item\":\"https:\/\/www.ohmega-bikes.be\/fr\/cat\u00e9gorie-de-produit\/velos\/\"},{\"@type\":\"ListItem\",\"position\":4,\"name\":\"Pegasus\",\"item\":\"https:\/\/www.ohmega-bikes.be\/fr\/cat\u00e9gorie-de-produit\/velos\/pegasus\/\"},{\"@type\":\"ListItem\",\"position\":5,\"name\":\"Solero EVO 9 &#8211; Homme\"}]},{\"@type\":\"WebSite\",\"@id\":\"https:\/\/www.ohmega-bikes.be\/fr\/#website\",\"url\":\"https:\/\/www.ohmega-bikes.be\/fr\/\",\"name\":\"Ohmega Bikes\",\"description\":\"Just another WordPress site\",\"publisher\":{\"@id\":\"https:\/\/www.ohmega-bikes.be\/fr\/#organization\"},\"potentialAction\":[{\"@type\":\"SearchAction\",\"target\":{\"@type\":\"EntryPoint\",\"urlTemplate\":\"https:\/\/www.ohmega-bikes.be\/fr\/?s={search_term_string}\"},\"query-input\":{\"@type\":\"PropertyValueSpecification\",\"valueRequired\":true,\"valueName\":\"search_term_string\"}}],\"inLanguage\":\"fr-FR\"},{\"@type\":\"Organization\",\"@id\":\"https:\/\/www.ohmega-bikes.be\/fr\/#organization\",\"name\":\"Ohmega Bikes\",\"url\":\"https:\/\/www.ohmega-bikes.be\/fr\/\",\"logo\":{\"@type\":\"ImageObject\",\"inLanguage\":\"fr-FR\",\"@id\":\"https:\/\/www.ohmega-bikes.be\/fr\/#\/schema\/logo\/image\/\",\"url\":\"https:\/\/www.ohmega-bikes.be\/wp-content\/uploads\/2022\/01\/logo.png\",\"contentUrl\":\"https:\/\/www.ohmega-bikes.be\/wp-content\/uploads\/2022\/01\/logo.png\",\"width\":522,\"height\":108,\"caption\":\"Ohmega Bikes\"},\"image\":{\"@id\":\"https:\/\/www.ohmega-bikes.be\/fr\/#\/schema\/logo\/image\/\"},\"sameAs\":[\"https:\/\/www.facebook.com\/ohmegabikes\/\"]}]}<\/script>\n<!-- \/ Yoast SEO plugin. -->","yoast_head_json":{"title":"Solero EVO 9 - Homme - Ohmega Bikes","robots":{"index":"index","follow":"follow","max-snippet":"max-snippet:-1","max-image-preview":"max-image-preview:large","max-video-preview":"max-video-preview:-1"},"canonical":"https:\/\/www.ohmega-bikes.be\/fr\/produit\/solero-evo-9-h\/","og_locale":"fr_FR","og_type":"article","og_title":"Solero EVO 9 - Homme - Ohmega Bikes","og_description":"En plus d'un beau design, le Solero EVO 9 a beaucoup \u00e0 offrir avec sa batterie PowerTube et son moteur Bosch Performance Line GEN3. Avec en plus ses freins \u00e0 disque hydrauliques, c'est le v\u00e9lo id\u00e9al pour tous les itin\u00e9raires.","og_url":"https:\/\/www.ohmega-bikes.be\/fr\/produit\/solero-evo-9-h\/","og_site_name":"Ohmega Bikes","article_publisher":"https:\/\/www.facebook.com\/ohmegabikes\/","og_image":[{"width":500,"height":500,"url":"https:\/\/www.ohmega-bikes.be\/wp-content\/uploads\/2022\/01\/Peg_Sol_EVO9_heer-500x500-1.jpg","type":"image\/jpeg"}],"twitter_card":"summary_large_image","twitter_misc":{"Dur\u00e9e de lecture estim\u00e9e":"1 minute"},"schema":{"@context":"https:\/\/schema.org","@graph":[{"@type":"WebPage","@id":"https:\/\/www.ohmega-bikes.be\/fr\/produit\/solero-evo-9-h\/","url":"https:\/\/www.ohmega-bikes.be\/fr\/produit\/solero-evo-9-h\/","name":"Solero EVO 9 - Homme - Ohmega Bikes","isPartOf":{"@id":"https:\/\/www.ohmega-bikes.be\/fr\/#website"},"primaryImageOfPage":{"@id":"https:\/\/www.ohmega-bikes.be\/fr\/produit\/solero-evo-9-h\/#primaryimage"},"image":{"@id":"https:\/\/www.ohmega-bikes.be\/fr\/produit\/solero-evo-9-h\/#primaryimage"},"thumbnailUrl":"https:\/\/www.ohmega-bikes.be\/wp-content\/uploads\/2022\/01\/Peg_Sol_EVO9_heer-500x500-1.jpg","datePublished":"2022-01-25T19:19:32+00:00","breadcrumb":{"@id":"https:\/\/www.ohmega-bikes.be\/fr\/produit\/solero-evo-9-h\/#breadcrumb"},"inLanguage":"fr-FR","potentialAction":[{"@type":"ReadAction","target":["https:\/\/www.ohmega-bikes.be\/fr\/produit\/solero-evo-9-h\/"]}]},{"@type":"ImageObject","inLanguage":"fr-FR","@id":"https:\/\/www.ohmega-bikes.be\/fr\/produit\/solero-evo-9-h\/#primaryimage","url":"https:\/\/www.ohmega-bikes.be\/wp-content\/uploads\/2022\/01\/Peg_Sol_EVO9_heer-500x500-1.jpg","contentUrl":"https:\/\/www.ohmega-bikes.be\/wp-content\/uploads\/2022\/01\/Peg_Sol_EVO9_heer-500x500-1.jpg","width":500,"height":500},{"@type":"BreadcrumbList","@id":"https:\/\/www.ohmega-bikes.be\/fr\/produit\/solero-evo-9-h\/#breadcrumb","itemListElement":[{"@type":"ListItem","position":1,"name":"Start","item":"https:\/\/www.ohmega-bikes.be\/fr\/"},{"@type":"ListItem","position":2,"name":"Winkel","item":"https:\/\/www.ohmega-bikes.be\/nl\/winkel\/"},{"@type":"ListItem","position":3,"name":"V\u00e9los","item":"https:\/\/www.ohmega-bikes.be\/fr\/cat\u00e9gorie-de-produit\/velos\/"},{"@type":"ListItem","position":4,"name":"Pegasus","item":"https:\/\/www.ohmega-bikes.be\/fr\/cat\u00e9gorie-de-produit\/velos\/pegasus\/"},{"@type":"ListItem","position":5,"name":"Solero EVO 9 &#8211; Homme"}]},{"@type":"WebSite","@id":"https:\/\/www.ohmega-bikes.be\/fr\/#website","url":"https:\/\/www.ohmega-bikes.be\/fr\/","name":"Ohmega Bikes","description":"Just another WordPress site","publisher":{"@id":"https:\/\/www.ohmega-bikes.be\/fr\/#organization"},"potentialAction":[{"@type":"SearchAction","target":{"@type":"EntryPoint","urlTemplate":"https:\/\/www.ohmega-bikes.be\/fr\/?s={search_term_string}"},"query-input":{"@type":"PropertyValueSpecification","valueRequired":true,"valueName":"search_term_string"}}],"inLanguage":"fr-FR"},{"@type":"Organization","@id":"https:\/\/www.ohmega-bikes.be\/fr\/#organization","name":"Ohmega Bikes","url":"https:\/\/www.ohmega-bikes.be\/fr\/","logo":{"@type":"ImageObject","inLanguage":"fr-FR","@id":"https:\/\/www.ohmega-bikes.be\/fr\/#\/schema\/logo\/image\/","url":"https:\/\/www.ohmega-bikes.be\/wp-content\/uploads\/2022\/01\/logo.png","contentUrl":"https:\/\/www.ohmega-bikes.be\/wp-content\/uploads\/2022\/01\/logo.png","width":522,"height":108,"caption":"Ohmega Bikes"},"image":{"@id":"https:\/\/www.ohmega-bikes.be\/fr\/#\/schema\/logo\/image\/"},"sameAs":["https:\/\/www.facebook.com\/ohmegabikes\/"]}]}},"_links":{"self":[{"href":"https:\/\/www.ohmega-bikes.be\/fr\/wp-json\/wp\/v2\/product\/1223","targetHints":{"allow":["GET"]}}],"collection":[{"href":"https:\/\/www.ohmega-bikes.be\/fr\/wp-json\/wp\/v2\/product"}],"about":[{"href":"https:\/\/www.ohmega-bikes.be\/fr\/wp-json\/wp\/v2\/types\/product"}],"replies":[{"embeddable":true,"href":"https:\/\/www.ohmega-bikes.be\/fr\/wp-json\/wp\/v2\/comments?post=1223"}],"wp:featuredmedia":[{"embeddable":true,"href":"https:\/\/www.ohmega-bikes.be\/fr\/wp-json\/wp\/v2\/media\/905"}],"wp:attachment":[{"href":"https:\/\/www.ohmega-bikes.be\/fr\/wp-json\/wp\/v2\/media?parent=1223"}],"wp:term":[{"taxonomy":"product_cat","embeddable":true,"href":"https:\/\/www.ohmega-bikes.be\/fr\/wp-json\/wp\/v2\/product_cat?post=1223"},{"taxonomy":"product_tag","embeddable":true,"href":"https:\/\/www.ohmega-bikes.be\/fr\/wp-json\/wp\/v2\/product_tag?post=1223"}],"curies":[{"name":"wp","href":"https:\/\/api.w.org\/{rel}","templated":true}]}}