{"id":1241,"date":"2022-01-25T15:58:05","date_gmt":"2022-01-25T13:58:05","guid":{"rendered":"https:\/\/www.ohmega-bikes.be\/product\/urban-arrow-cargo\/"},"modified":"2022-01-25T15:58:05","modified_gmt":"2022-01-25T13:58:05","slug":"urban-arrow-cargo","status":"publish","type":"product","link":"https:\/\/www.ohmega-bikes.be\/fr\/produit\/urban-arrow-cargo\/","title":{"rendered":"Urban Arrow Cargo"},"content":{"rendered":"<p>Ce v\u00e9lo Urban Arrow Cargo est un v\u00e9lo super \u00e9quip\u00e9 avec des freins \u00e0 disque hydrauliques et un moteur de performance Bosch avec une batterie de 400 Wh.<\/p>\n<p>Les vitesses Nu Vinci dans le moyeu et la roue avant suspendue garantissent une conduite confortable.<\/p>\n<p>Cette version du v\u00e9lo Urban Arrow Cargo est \u00e9quip\u00e9e d&rsquo;un espace de chargement de 520 litres, tr\u00e8s accessible de tous les c\u00f4t\u00e9s par son ouverture vers l&rsquo;avant. L&rsquo;espace de chargement est \u00e9quip\u00e9 d&rsquo;une serrure Yale.<\/p>\n<p>Convient aux professions lib\u00e9rales.<\/p>\n","protected":false},"excerpt":{"rendered":"<p>Ce transporteur Cargo d&rsquo;Urban Arrow permet de transporter jusqu&rsquo;\u00e0 520 litres ou 280 kg. Cela en fait le v\u00e9lo id\u00e9al pour une profession lib\u00e9rale. Disponible en version noire. Mod\u00e8le s\u00e9lectionn\u00e9 pour le leasing v\u00e9lo CBC.<\/p>\n","protected":false},"featured_media":790,"comment_status":"closed","ping_status":"closed","template":"","meta":{"_acf_changed":false,"inline_featured_image":false},"product_cat":[383,159],"product_tag":[],"class_list":{"0":"post-1241","1":"product","2":"type-product","3":"status-publish","4":"has-post-thumbnail","6":"product_cat-outlet","7":"product_cat-velos","8":"pa_achtervering-non","9":"pa_banden-schwalbe-big-apple-plus-fr","10":"pa_batterij-36v-400-wh-fr","11":"pa_display-bosch-intuvia-fr","12":"pa_duimgasknop-oui","13":"pa_kies-een-kadermaat-48-50-52-fr","14":"pa_kies-het-versnellingsysteem-engrenages-de-moyeu","15":"pa_kies-je-type-entree-basse","16":"pa_kies-motormerk-bosch-fr","17":"pa_remmen-freins-a-disque-hydrauliques-zee-disc","18":"pa_versnellingen-vitesse-dans-le-moyeu-nu-vinci","19":"pa_voorvering-oui","20":"pa_zadelpen-fixe","22":"first","23":"instock","24":"taxable","25":"shipping-taxable","26":"purchasable","27":"product-type-variable"},"acf":[],"yoast_head":"<!-- This site is optimized with the Yoast SEO plugin v27.0 - https:\/\/yoast.com\/product\/yoast-seo-wordpress\/ -->\n<title>Urban Arrow Cargo - Ohmega Bikes<\/title>\n<meta name=\"robots\" content=\"index, follow, max-snippet:-1, max-image-preview:large, max-video-preview:-1\" \/>\n<link rel=\"canonical\" href=\"https:\/\/www.ohmega-bikes.be\/fr\/produit\/urban-arrow-cargo\/\" \/>\n<meta property=\"og:locale\" content=\"fr_FR\" \/>\n<meta property=\"og:type\" content=\"article\" \/>\n<meta property=\"og:title\" content=\"Urban Arrow Cargo - Ohmega Bikes\" \/>\n<meta property=\"og:description\" content=\"Ce transporteur Cargo d&#039;Urban Arrow permet de transporter jusqu&#039;\u00e0 520 litres ou 280 kg. Cela en fait le v\u00e9lo id\u00e9al pour une profession lib\u00e9rale. Disponible en version noire. Mod\u00e8le s\u00e9lectionn\u00e9 pour le leasing v\u00e9lo CBC.\" \/>\n<meta property=\"og:url\" content=\"https:\/\/www.ohmega-bikes.be\/fr\/produit\/urban-arrow-cargo\/\" \/>\n<meta property=\"og:site_name\" content=\"Ohmega Bikes\" \/>\n<meta property=\"article:publisher\" content=\"https:\/\/www.facebook.com\/ohmegabikes\/\" \/>\n<meta property=\"og:image\" content=\"https:\/\/www.ohmega-bikes.be\/wp-content\/uploads\/2022\/01\/UranArrow_cargo-500x500-1.jpg\" \/>\n\t<meta property=\"og:image:width\" content=\"500\" \/>\n\t<meta property=\"og:image:height\" content=\"500\" \/>\n\t<meta property=\"og:image:type\" content=\"image\/jpeg\" \/>\n<meta name=\"twitter:card\" content=\"summary_large_image\" \/>\n<script type=\"application\/ld+json\" class=\"yoast-schema-graph\">{\"@context\":\"https:\/\/schema.org\",\"@graph\":[{\"@type\":\"WebPage\",\"@id\":\"https:\/\/www.ohmega-bikes.be\/fr\/produit\/urban-arrow-cargo\/\",\"url\":\"https:\/\/www.ohmega-bikes.be\/fr\/produit\/urban-arrow-cargo\/\",\"name\":\"Urban Arrow Cargo - Ohmega Bikes\",\"isPartOf\":{\"@id\":\"https:\/\/www.ohmega-bikes.be\/fr\/#website\"},\"primaryImageOfPage\":{\"@id\":\"https:\/\/www.ohmega-bikes.be\/fr\/produit\/urban-arrow-cargo\/#primaryimage\"},\"image\":{\"@id\":\"https:\/\/www.ohmega-bikes.be\/fr\/produit\/urban-arrow-cargo\/#primaryimage\"},\"thumbnailUrl\":\"https:\/\/www.ohmega-bikes.be\/wp-content\/uploads\/2022\/01\/UranArrow_cargo-500x500-1.jpg\",\"datePublished\":\"2022-01-25T13:58:05+00:00\",\"breadcrumb\":{\"@id\":\"https:\/\/www.ohmega-bikes.be\/fr\/produit\/urban-arrow-cargo\/#breadcrumb\"},\"inLanguage\":\"fr-FR\",\"potentialAction\":[{\"@type\":\"ReadAction\",\"target\":[\"https:\/\/www.ohmega-bikes.be\/fr\/produit\/urban-arrow-cargo\/\"]}]},{\"@type\":\"ImageObject\",\"inLanguage\":\"fr-FR\",\"@id\":\"https:\/\/www.ohmega-bikes.be\/fr\/produit\/urban-arrow-cargo\/#primaryimage\",\"url\":\"https:\/\/www.ohmega-bikes.be\/wp-content\/uploads\/2022\/01\/UranArrow_cargo-500x500-1.jpg\",\"contentUrl\":\"https:\/\/www.ohmega-bikes.be\/wp-content\/uploads\/2022\/01\/UranArrow_cargo-500x500-1.jpg\",\"width\":500,\"height\":500},{\"@type\":\"BreadcrumbList\",\"@id\":\"https:\/\/www.ohmega-bikes.be\/fr\/produit\/urban-arrow-cargo\/#breadcrumb\",\"itemListElement\":[{\"@type\":\"ListItem\",\"position\":1,\"name\":\"Start\",\"item\":\"https:\/\/www.ohmega-bikes.be\/fr\/\"},{\"@type\":\"ListItem\",\"position\":2,\"name\":\"Winkel\",\"item\":\"https:\/\/www.ohmega-bikes.be\/nl\/winkel\/\"},{\"@type\":\"ListItem\",\"position\":3,\"name\":\"V\u00e9los\",\"item\":\"https:\/\/www.ohmega-bikes.be\/fr\/cat\u00e9gorie-de-produit\/velos\/\"},{\"@type\":\"ListItem\",\"position\":4,\"name\":\"Promos\",\"item\":\"https:\/\/www.ohmega-bikes.be\/fr\/cat\u00e9gorie-de-produit\/velos\/outlet\/\"},{\"@type\":\"ListItem\",\"position\":5,\"name\":\"Urban Arrow Cargo\"}]},{\"@type\":\"WebSite\",\"@id\":\"https:\/\/www.ohmega-bikes.be\/fr\/#website\",\"url\":\"https:\/\/www.ohmega-bikes.be\/fr\/\",\"name\":\"Ohmega Bikes\",\"description\":\"Just another WordPress site\",\"publisher\":{\"@id\":\"https:\/\/www.ohmega-bikes.be\/fr\/#organization\"},\"potentialAction\":[{\"@type\":\"SearchAction\",\"target\":{\"@type\":\"EntryPoint\",\"urlTemplate\":\"https:\/\/www.ohmega-bikes.be\/fr\/?s={search_term_string}\"},\"query-input\":{\"@type\":\"PropertyValueSpecification\",\"valueRequired\":true,\"valueName\":\"search_term_string\"}}],\"inLanguage\":\"fr-FR\"},{\"@type\":\"Organization\",\"@id\":\"https:\/\/www.ohmega-bikes.be\/fr\/#organization\",\"name\":\"Ohmega Bikes\",\"url\":\"https:\/\/www.ohmega-bikes.be\/fr\/\",\"logo\":{\"@type\":\"ImageObject\",\"inLanguage\":\"fr-FR\",\"@id\":\"https:\/\/www.ohmega-bikes.be\/fr\/#\/schema\/logo\/image\/\",\"url\":\"https:\/\/www.ohmega-bikes.be\/wp-content\/uploads\/2022\/01\/logo.png\",\"contentUrl\":\"https:\/\/www.ohmega-bikes.be\/wp-content\/uploads\/2022\/01\/logo.png\",\"width\":522,\"height\":108,\"caption\":\"Ohmega Bikes\"},\"image\":{\"@id\":\"https:\/\/www.ohmega-bikes.be\/fr\/#\/schema\/logo\/image\/\"},\"sameAs\":[\"https:\/\/www.facebook.com\/ohmegabikes\/\"]}]}<\/script>\n<!-- \/ Yoast SEO plugin. -->","yoast_head_json":{"title":"Urban Arrow Cargo - Ohmega Bikes","robots":{"index":"index","follow":"follow","max-snippet":"max-snippet:-1","max-image-preview":"max-image-preview:large","max-video-preview":"max-video-preview:-1"},"canonical":"https:\/\/www.ohmega-bikes.be\/fr\/produit\/urban-arrow-cargo\/","og_locale":"fr_FR","og_type":"article","og_title":"Urban Arrow Cargo - Ohmega Bikes","og_description":"Ce transporteur Cargo d'Urban Arrow permet de transporter jusqu'\u00e0 520 litres ou 280 kg. Cela en fait le v\u00e9lo id\u00e9al pour une profession lib\u00e9rale. Disponible en version noire. Mod\u00e8le s\u00e9lectionn\u00e9 pour le leasing v\u00e9lo CBC.","og_url":"https:\/\/www.ohmega-bikes.be\/fr\/produit\/urban-arrow-cargo\/","og_site_name":"Ohmega Bikes","article_publisher":"https:\/\/www.facebook.com\/ohmegabikes\/","og_image":[{"width":500,"height":500,"url":"https:\/\/www.ohmega-bikes.be\/wp-content\/uploads\/2022\/01\/UranArrow_cargo-500x500-1.jpg","type":"image\/jpeg"}],"twitter_card":"summary_large_image","schema":{"@context":"https:\/\/schema.org","@graph":[{"@type":"WebPage","@id":"https:\/\/www.ohmega-bikes.be\/fr\/produit\/urban-arrow-cargo\/","url":"https:\/\/www.ohmega-bikes.be\/fr\/produit\/urban-arrow-cargo\/","name":"Urban Arrow Cargo - Ohmega Bikes","isPartOf":{"@id":"https:\/\/www.ohmega-bikes.be\/fr\/#website"},"primaryImageOfPage":{"@id":"https:\/\/www.ohmega-bikes.be\/fr\/produit\/urban-arrow-cargo\/#primaryimage"},"image":{"@id":"https:\/\/www.ohmega-bikes.be\/fr\/produit\/urban-arrow-cargo\/#primaryimage"},"thumbnailUrl":"https:\/\/www.ohmega-bikes.be\/wp-content\/uploads\/2022\/01\/UranArrow_cargo-500x500-1.jpg","datePublished":"2022-01-25T13:58:05+00:00","breadcrumb":{"@id":"https:\/\/www.ohmega-bikes.be\/fr\/produit\/urban-arrow-cargo\/#breadcrumb"},"inLanguage":"fr-FR","potentialAction":[{"@type":"ReadAction","target":["https:\/\/www.ohmega-bikes.be\/fr\/produit\/urban-arrow-cargo\/"]}]},{"@type":"ImageObject","inLanguage":"fr-FR","@id":"https:\/\/www.ohmega-bikes.be\/fr\/produit\/urban-arrow-cargo\/#primaryimage","url":"https:\/\/www.ohmega-bikes.be\/wp-content\/uploads\/2022\/01\/UranArrow_cargo-500x500-1.jpg","contentUrl":"https:\/\/www.ohmega-bikes.be\/wp-content\/uploads\/2022\/01\/UranArrow_cargo-500x500-1.jpg","width":500,"height":500},{"@type":"BreadcrumbList","@id":"https:\/\/www.ohmega-bikes.be\/fr\/produit\/urban-arrow-cargo\/#breadcrumb","itemListElement":[{"@type":"ListItem","position":1,"name":"Start","item":"https:\/\/www.ohmega-bikes.be\/fr\/"},{"@type":"ListItem","position":2,"name":"Winkel","item":"https:\/\/www.ohmega-bikes.be\/nl\/winkel\/"},{"@type":"ListItem","position":3,"name":"V\u00e9los","item":"https:\/\/www.ohmega-bikes.be\/fr\/cat\u00e9gorie-de-produit\/velos\/"},{"@type":"ListItem","position":4,"name":"Promos","item":"https:\/\/www.ohmega-bikes.be\/fr\/cat\u00e9gorie-de-produit\/velos\/outlet\/"},{"@type":"ListItem","position":5,"name":"Urban Arrow Cargo"}]},{"@type":"WebSite","@id":"https:\/\/www.ohmega-bikes.be\/fr\/#website","url":"https:\/\/www.ohmega-bikes.be\/fr\/","name":"Ohmega Bikes","description":"Just another WordPress site","publisher":{"@id":"https:\/\/www.ohmega-bikes.be\/fr\/#organization"},"potentialAction":[{"@type":"SearchAction","target":{"@type":"EntryPoint","urlTemplate":"https:\/\/www.ohmega-bikes.be\/fr\/?s={search_term_string}"},"query-input":{"@type":"PropertyValueSpecification","valueRequired":true,"valueName":"search_term_string"}}],"inLanguage":"fr-FR"},{"@type":"Organization","@id":"https:\/\/www.ohmega-bikes.be\/fr\/#organization","name":"Ohmega Bikes","url":"https:\/\/www.ohmega-bikes.be\/fr\/","logo":{"@type":"ImageObject","inLanguage":"fr-FR","@id":"https:\/\/www.ohmega-bikes.be\/fr\/#\/schema\/logo\/image\/","url":"https:\/\/www.ohmega-bikes.be\/wp-content\/uploads\/2022\/01\/logo.png","contentUrl":"https:\/\/www.ohmega-bikes.be\/wp-content\/uploads\/2022\/01\/logo.png","width":522,"height":108,"caption":"Ohmega Bikes"},"image":{"@id":"https:\/\/www.ohmega-bikes.be\/fr\/#\/schema\/logo\/image\/"},"sameAs":["https:\/\/www.facebook.com\/ohmegabikes\/"]}]}},"_links":{"self":[{"href":"https:\/\/www.ohmega-bikes.be\/fr\/wp-json\/wp\/v2\/product\/1241","targetHints":{"allow":["GET"]}}],"collection":[{"href":"https:\/\/www.ohmega-bikes.be\/fr\/wp-json\/wp\/v2\/product"}],"about":[{"href":"https:\/\/www.ohmega-bikes.be\/fr\/wp-json\/wp\/v2\/types\/product"}],"replies":[{"embeddable":true,"href":"https:\/\/www.ohmega-bikes.be\/fr\/wp-json\/wp\/v2\/comments?post=1241"}],"wp:featuredmedia":[{"embeddable":true,"href":"https:\/\/www.ohmega-bikes.be\/fr\/wp-json\/wp\/v2\/media\/790"}],"wp:attachment":[{"href":"https:\/\/www.ohmega-bikes.be\/fr\/wp-json\/wp\/v2\/media?parent=1241"}],"wp:term":[{"taxonomy":"product_cat","embeddable":true,"href":"https:\/\/www.ohmega-bikes.be\/fr\/wp-json\/wp\/v2\/product_cat?post=1241"},{"taxonomy":"product_tag","embeddable":true,"href":"https:\/\/www.ohmega-bikes.be\/fr\/wp-json\/wp\/v2\/product_tag?post=1241"}],"curies":[{"name":"wp","href":"https:\/\/api.w.org\/{rel}","templated":true}]}}