{"id":1263,"date":"2022-01-22T19:37:25","date_gmt":"2022-01-22T17:37:25","guid":{"rendered":"https:\/\/www.ohmega-bikes.be\/product\/solero-e8p-d\/"},"modified":"2022-01-22T19:37:25","modified_gmt":"2022-01-22T17:37:25","slug":"solero-e8p-d","status":"publish","type":"product","link":"https:\/\/www.ohmega-bikes.be\/fr\/produit\/solero-e8p-d\/","title":{"rendered":"Solero E8 Plus"},"content":{"rendered":"<p>Gr\u00e2ce \u00e0 ce nouveau moteur silencieux Bosch Active Line PLUS avec un couple de 50Nm, ce v\u00e9lo est parfait pour les trajets maison-travail ainsi que des balades plus longues.<\/p>\n<p>Ce v\u00e9lo est \u00e9quip\u00e9 de fa\u00e7on standard avec une batterie 400Wh, des freins \u00e0 disque hydrauliques et les 8 vitesses sont contr\u00f4l\u00e9es \u00e0 l\u2019aide d\u2019un shifter.<\/p>\n<p>Le display Intuvia plus grand vous permet de suivre tous vos performances en un clin d\u2019\u0153il.<\/p>\n<p>Ce v\u00e9lo \u00e0 prix avantageux est disponible en entr\u00e9e basse avec des tailles de cadre 45, 50 et 55.<\/p>\n<p>Couleurs disponibles\u00a0: Noir<\/p>\n<p>Quelques v\u00e9los en autre couleurs, \u00e0 renseigner dans le magasin<\/p>\n","protected":false},"excerpt":{"rendered":"<p>Grandiose ! Ce v\u00e9lo est \u00e9quip\u00e9 du moteur silencieux Active line PLUS de Bosch et, de fa\u00e7on standard, avec une batterie de 40 Wh et un grand display Intuvia. Les vitesses sont contr\u00f4l\u00e9es avec un shifter. Un v\u00e9lo avec un rapport qualit\u00e9-prix in\u00e9gal\u00e9. Mod\u00e8le 2021 \u00e0 entr\u00e9e basse.<\/p>\n","protected":false},"featured_media":622,"comment_status":"closed","ping_status":"closed","template":"","meta":{"_acf_changed":false,"inline_featured_image":false},"product_cat":[159,382],"product_tag":[],"class_list":{"0":"post-1263","1":"product","2":"type-product","3":"status-publish","4":"has-post-thumbnail","6":"product_cat-velos","7":"product_cat-pegasus","8":"pa_achtervering-n-a-fr","9":"pa_banden-supero-optima-safe-fr","10":"pa_batterij-36v-400-wh-fr","11":"pa_display-bosch-intuvia-fr","12":"pa_duimgasknop-oui","13":"pa_kies-een-kadermaat-53-54-55-fr","14":"pa_kies-het-versnellingsysteem-derailleur-fr-2","15":"pa_kies-je-type-entree-basse","16":"pa_kies-motormerk-bosch-fr","17":"pa_remmen-freins-a-disque-hydrauliques","18":"pa_velgen-styx-ddm-2-fr","19":"pa_versnellingen-derailleur-8-vitesses","20":"pa_voorbouw-speedlifter-twist-n-a-fr","21":"pa_voorvering-sr-suntour-nex-e25-fr","22":"pa_zadelpen-fixe","24":"first","25":"outofstock","26":"taxable","27":"shipping-taxable","28":"purchasable","29":"product-type-variable"},"acf":[],"yoast_head":"<!-- This site is optimized with the Yoast SEO plugin v27.0 - https:\/\/yoast.com\/product\/yoast-seo-wordpress\/ -->\n<title>Solero E8 Plus - Ohmega Bikes<\/title>\n<meta name=\"robots\" content=\"index, follow, max-snippet:-1, max-image-preview:large, max-video-preview:-1\" \/>\n<link rel=\"canonical\" href=\"https:\/\/www.ohmega-bikes.be\/fr\/produit\/solero-e8p-d\/\" \/>\n<meta property=\"og:locale\" content=\"fr_FR\" \/>\n<meta property=\"og:type\" content=\"article\" \/>\n<meta property=\"og:title\" content=\"Solero E8 Plus - Ohmega Bikes\" \/>\n<meta property=\"og:description\" content=\"Grandiose ! Ce v\u00e9lo est \u00e9quip\u00e9 du moteur silencieux Active line PLUS de Bosch et, de fa\u00e7on standard, avec une batterie de 40 Wh et un grand display Intuvia. Les vitesses sont contr\u00f4l\u00e9es avec un shifter. Un v\u00e9lo avec un rapport qualit\u00e9-prix in\u00e9gal\u00e9. Mod\u00e8le 2021 \u00e0 entr\u00e9e basse.\" \/>\n<meta property=\"og:url\" content=\"https:\/\/www.ohmega-bikes.be\/fr\/produit\/solero-e8p-d\/\" \/>\n<meta property=\"og:site_name\" content=\"Ohmega Bikes\" \/>\n<meta property=\"article:publisher\" content=\"https:\/\/www.facebook.com\/ohmegabikes\/\" \/>\n<meta property=\"og:image\" content=\"https:\/\/www.ohmega-bikes.be\/wp-content\/uploads\/2022\/01\/SoleroE8_wave_rood-500x500-1.jpg\" \/>\n\t<meta property=\"og:image:width\" content=\"500\" \/>\n\t<meta property=\"og:image:height\" content=\"500\" \/>\n\t<meta property=\"og:image:type\" content=\"image\/jpeg\" \/>\n<meta name=\"twitter:card\" content=\"summary_large_image\" \/>\n<meta name=\"twitter:label1\" content=\"Dur\u00e9e de lecture estim\u00e9e\" \/>\n\t<meta name=\"twitter:data1\" content=\"1 minute\" \/>\n<script type=\"application\/ld+json\" class=\"yoast-schema-graph\">{\"@context\":\"https:\/\/schema.org\",\"@graph\":[{\"@type\":\"WebPage\",\"@id\":\"https:\/\/www.ohmega-bikes.be\/fr\/produit\/solero-e8p-d\/\",\"url\":\"https:\/\/www.ohmega-bikes.be\/fr\/produit\/solero-e8p-d\/\",\"name\":\"Solero E8 Plus - Ohmega Bikes\",\"isPartOf\":{\"@id\":\"https:\/\/www.ohmega-bikes.be\/fr\/#website\"},\"primaryImageOfPage\":{\"@id\":\"https:\/\/www.ohmega-bikes.be\/fr\/produit\/solero-e8p-d\/#primaryimage\"},\"image\":{\"@id\":\"https:\/\/www.ohmega-bikes.be\/fr\/produit\/solero-e8p-d\/#primaryimage\"},\"thumbnailUrl\":\"https:\/\/www.ohmega-bikes.be\/wp-content\/uploads\/2022\/01\/SoleroE8_wave_rood-500x500-1.jpg\",\"datePublished\":\"2022-01-22T17:37:25+00:00\",\"breadcrumb\":{\"@id\":\"https:\/\/www.ohmega-bikes.be\/fr\/produit\/solero-e8p-d\/#breadcrumb\"},\"inLanguage\":\"fr-FR\",\"potentialAction\":[{\"@type\":\"ReadAction\",\"target\":[\"https:\/\/www.ohmega-bikes.be\/fr\/produit\/solero-e8p-d\/\"]}]},{\"@type\":\"ImageObject\",\"inLanguage\":\"fr-FR\",\"@id\":\"https:\/\/www.ohmega-bikes.be\/fr\/produit\/solero-e8p-d\/#primaryimage\",\"url\":\"https:\/\/www.ohmega-bikes.be\/wp-content\/uploads\/2022\/01\/SoleroE8_wave_rood-500x500-1.jpg\",\"contentUrl\":\"https:\/\/www.ohmega-bikes.be\/wp-content\/uploads\/2022\/01\/SoleroE8_wave_rood-500x500-1.jpg\",\"width\":500,\"height\":500},{\"@type\":\"BreadcrumbList\",\"@id\":\"https:\/\/www.ohmega-bikes.be\/fr\/produit\/solero-e8p-d\/#breadcrumb\",\"itemListElement\":[{\"@type\":\"ListItem\",\"position\":1,\"name\":\"Start\",\"item\":\"https:\/\/www.ohmega-bikes.be\/fr\/\"},{\"@type\":\"ListItem\",\"position\":2,\"name\":\"Winkel\",\"item\":\"https:\/\/www.ohmega-bikes.be\/nl\/winkel\/\"},{\"@type\":\"ListItem\",\"position\":3,\"name\":\"V\u00e9los\",\"item\":\"https:\/\/www.ohmega-bikes.be\/fr\/cat\u00e9gorie-de-produit\/velos\/\"},{\"@type\":\"ListItem\",\"position\":4,\"name\":\"Solero E8 Plus\"}]},{\"@type\":\"WebSite\",\"@id\":\"https:\/\/www.ohmega-bikes.be\/fr\/#website\",\"url\":\"https:\/\/www.ohmega-bikes.be\/fr\/\",\"name\":\"Ohmega Bikes\",\"description\":\"Just another WordPress site\",\"publisher\":{\"@id\":\"https:\/\/www.ohmega-bikes.be\/fr\/#organization\"},\"potentialAction\":[{\"@type\":\"SearchAction\",\"target\":{\"@type\":\"EntryPoint\",\"urlTemplate\":\"https:\/\/www.ohmega-bikes.be\/fr\/?s={search_term_string}\"},\"query-input\":{\"@type\":\"PropertyValueSpecification\",\"valueRequired\":true,\"valueName\":\"search_term_string\"}}],\"inLanguage\":\"fr-FR\"},{\"@type\":\"Organization\",\"@id\":\"https:\/\/www.ohmega-bikes.be\/fr\/#organization\",\"name\":\"Ohmega Bikes\",\"url\":\"https:\/\/www.ohmega-bikes.be\/fr\/\",\"logo\":{\"@type\":\"ImageObject\",\"inLanguage\":\"fr-FR\",\"@id\":\"https:\/\/www.ohmega-bikes.be\/fr\/#\/schema\/logo\/image\/\",\"url\":\"https:\/\/www.ohmega-bikes.be\/wp-content\/uploads\/2022\/01\/logo.png\",\"contentUrl\":\"https:\/\/www.ohmega-bikes.be\/wp-content\/uploads\/2022\/01\/logo.png\",\"width\":522,\"height\":108,\"caption\":\"Ohmega Bikes\"},\"image\":{\"@id\":\"https:\/\/www.ohmega-bikes.be\/fr\/#\/schema\/logo\/image\/\"},\"sameAs\":[\"https:\/\/www.facebook.com\/ohmegabikes\/\"]}]}<\/script>\n<!-- \/ Yoast SEO plugin. -->","yoast_head_json":{"title":"Solero E8 Plus - Ohmega Bikes","robots":{"index":"index","follow":"follow","max-snippet":"max-snippet:-1","max-image-preview":"max-image-preview:large","max-video-preview":"max-video-preview:-1"},"canonical":"https:\/\/www.ohmega-bikes.be\/fr\/produit\/solero-e8p-d\/","og_locale":"fr_FR","og_type":"article","og_title":"Solero E8 Plus - Ohmega Bikes","og_description":"Grandiose ! Ce v\u00e9lo est \u00e9quip\u00e9 du moteur silencieux Active line PLUS de Bosch et, de fa\u00e7on standard, avec une batterie de 40 Wh et un grand display Intuvia. Les vitesses sont contr\u00f4l\u00e9es avec un shifter. Un v\u00e9lo avec un rapport qualit\u00e9-prix in\u00e9gal\u00e9. Mod\u00e8le 2021 \u00e0 entr\u00e9e basse.","og_url":"https:\/\/www.ohmega-bikes.be\/fr\/produit\/solero-e8p-d\/","og_site_name":"Ohmega Bikes","article_publisher":"https:\/\/www.facebook.com\/ohmegabikes\/","og_image":[{"width":500,"height":500,"url":"https:\/\/www.ohmega-bikes.be\/wp-content\/uploads\/2022\/01\/SoleroE8_wave_rood-500x500-1.jpg","type":"image\/jpeg"}],"twitter_card":"summary_large_image","twitter_misc":{"Dur\u00e9e de lecture estim\u00e9e":"1 minute"},"schema":{"@context":"https:\/\/schema.org","@graph":[{"@type":"WebPage","@id":"https:\/\/www.ohmega-bikes.be\/fr\/produit\/solero-e8p-d\/","url":"https:\/\/www.ohmega-bikes.be\/fr\/produit\/solero-e8p-d\/","name":"Solero E8 Plus - Ohmega Bikes","isPartOf":{"@id":"https:\/\/www.ohmega-bikes.be\/fr\/#website"},"primaryImageOfPage":{"@id":"https:\/\/www.ohmega-bikes.be\/fr\/produit\/solero-e8p-d\/#primaryimage"},"image":{"@id":"https:\/\/www.ohmega-bikes.be\/fr\/produit\/solero-e8p-d\/#primaryimage"},"thumbnailUrl":"https:\/\/www.ohmega-bikes.be\/wp-content\/uploads\/2022\/01\/SoleroE8_wave_rood-500x500-1.jpg","datePublished":"2022-01-22T17:37:25+00:00","breadcrumb":{"@id":"https:\/\/www.ohmega-bikes.be\/fr\/produit\/solero-e8p-d\/#breadcrumb"},"inLanguage":"fr-FR","potentialAction":[{"@type":"ReadAction","target":["https:\/\/www.ohmega-bikes.be\/fr\/produit\/solero-e8p-d\/"]}]},{"@type":"ImageObject","inLanguage":"fr-FR","@id":"https:\/\/www.ohmega-bikes.be\/fr\/produit\/solero-e8p-d\/#primaryimage","url":"https:\/\/www.ohmega-bikes.be\/wp-content\/uploads\/2022\/01\/SoleroE8_wave_rood-500x500-1.jpg","contentUrl":"https:\/\/www.ohmega-bikes.be\/wp-content\/uploads\/2022\/01\/SoleroE8_wave_rood-500x500-1.jpg","width":500,"height":500},{"@type":"BreadcrumbList","@id":"https:\/\/www.ohmega-bikes.be\/fr\/produit\/solero-e8p-d\/#breadcrumb","itemListElement":[{"@type":"ListItem","position":1,"name":"Start","item":"https:\/\/www.ohmega-bikes.be\/fr\/"},{"@type":"ListItem","position":2,"name":"Winkel","item":"https:\/\/www.ohmega-bikes.be\/nl\/winkel\/"},{"@type":"ListItem","position":3,"name":"V\u00e9los","item":"https:\/\/www.ohmega-bikes.be\/fr\/cat\u00e9gorie-de-produit\/velos\/"},{"@type":"ListItem","position":4,"name":"Solero E8 Plus"}]},{"@type":"WebSite","@id":"https:\/\/www.ohmega-bikes.be\/fr\/#website","url":"https:\/\/www.ohmega-bikes.be\/fr\/","name":"Ohmega Bikes","description":"Just another WordPress site","publisher":{"@id":"https:\/\/www.ohmega-bikes.be\/fr\/#organization"},"potentialAction":[{"@type":"SearchAction","target":{"@type":"EntryPoint","urlTemplate":"https:\/\/www.ohmega-bikes.be\/fr\/?s={search_term_string}"},"query-input":{"@type":"PropertyValueSpecification","valueRequired":true,"valueName":"search_term_string"}}],"inLanguage":"fr-FR"},{"@type":"Organization","@id":"https:\/\/www.ohmega-bikes.be\/fr\/#organization","name":"Ohmega Bikes","url":"https:\/\/www.ohmega-bikes.be\/fr\/","logo":{"@type":"ImageObject","inLanguage":"fr-FR","@id":"https:\/\/www.ohmega-bikes.be\/fr\/#\/schema\/logo\/image\/","url":"https:\/\/www.ohmega-bikes.be\/wp-content\/uploads\/2022\/01\/logo.png","contentUrl":"https:\/\/www.ohmega-bikes.be\/wp-content\/uploads\/2022\/01\/logo.png","width":522,"height":108,"caption":"Ohmega Bikes"},"image":{"@id":"https:\/\/www.ohmega-bikes.be\/fr\/#\/schema\/logo\/image\/"},"sameAs":["https:\/\/www.facebook.com\/ohmegabikes\/"]}]}},"_links":{"self":[{"href":"https:\/\/www.ohmega-bikes.be\/fr\/wp-json\/wp\/v2\/product\/1263","targetHints":{"allow":["GET"]}}],"collection":[{"href":"https:\/\/www.ohmega-bikes.be\/fr\/wp-json\/wp\/v2\/product"}],"about":[{"href":"https:\/\/www.ohmega-bikes.be\/fr\/wp-json\/wp\/v2\/types\/product"}],"replies":[{"embeddable":true,"href":"https:\/\/www.ohmega-bikes.be\/fr\/wp-json\/wp\/v2\/comments?post=1263"}],"wp:featuredmedia":[{"embeddable":true,"href":"https:\/\/www.ohmega-bikes.be\/fr\/wp-json\/wp\/v2\/media\/622"}],"wp:attachment":[{"href":"https:\/\/www.ohmega-bikes.be\/fr\/wp-json\/wp\/v2\/media?parent=1263"}],"wp:term":[{"taxonomy":"product_cat","embeddable":true,"href":"https:\/\/www.ohmega-bikes.be\/fr\/wp-json\/wp\/v2\/product_cat?post=1263"},{"taxonomy":"product_tag","embeddable":true,"href":"https:\/\/www.ohmega-bikes.be\/fr\/wp-json\/wp\/v2\/product_tag?post=1263"}],"curies":[{"name":"wp","href":"https:\/\/api.w.org\/{rel}","templated":true}]}}